{"id":150035,"date":"2025-11-11T13:10:15","date_gmt":"2025-11-11T12:10:15","guid":{"rendered":"https:\/\/casaatlantica.es\/?post_type=product&#038;p=150035"},"modified":"2025-11-18T13:45:17","modified_gmt":"2025-11-18T12:45:17","slug":"deco-gourmet-sweet-sieve","status":"publish","type":"product","link":"https:\/\/casaatlantica.es\/en\/producto\/deco-gourmet-sweet-sieve\/","title":{"rendered":"Deco-Gourmet Sieve &#8211; Sweet"},"content":{"rendered":"<h3 class=\"titprod\">Deco-Gourmet Sweet Sieve \u2013 Special Edition Casa Atl\u00e2ntica + T\u00eda Est\u00e9bana<\/h3>\n<p class=\"p1\">A celebration of craftsmanship, flavor, and locally sourced products.<\/p>\n<p class=\"p1\">The perfect gift for lovers of charming tea times, infusions, and beautiful mugs, this pack combines the charm of our ceramics with a carefully curated selection of exquisite gourmet delights from our friends at T\u00eda Est\u00e9bana.<\/p>\n<div class=\"spacer\"><\/div>\n<p class=\"p1\"><strong>This product is available by <em>special order only<\/em>.<br \/>\nTo request it, please send an email to <a href=\"mailto:info@casaatlantica.es\">info@casaatlantica.es<\/a><\/strong><\/p>\n<div class=\"spacer\"><\/div>\n<p class=\"p1\"><strong>PRICE:<\/strong> 60 \u20ac<\/p>\n<p class=\"p1\"><strong>INCLUDES:<\/strong><\/p>\n<p class=\"p1\">1 handcrafted wooden sieve with 25 cm mesh diameter<br \/>\n1 box of organic rooibos infusion Orballo<br \/>\n1 box of organic cream cookies Fina Rei 160 g<br \/>\n2 mini artisan jams Tiptree<br \/>\n1 bottle of natural tonic Le Tribute 200 ml<br \/>\n1 hand-painted ceramic mug<br \/>\n1 set of two decorative clay swallows<\/p>\n<div class=\"spacer\"><\/div>\n<p class=\"p1\">Each peneira is carefully packaged for shipping, with the products and ceramic pieces protected to prevent breakage, and beautifully and naturally presented with green branches and thoughtful details that make the set a ready-to-love gift.<\/p>\n","protected":false},"excerpt":{"rendered":"<p style=\"text-transform: uppercase;\">Deco-Gourmet Sweet Sieve \u2013 Special Edition<\/p>\n","protected":false},"featured_media":150038,"template":"","meta":{"_acf_changed":false},"product_brand":[],"product_cat":[4023,4026],"product_tag":[],"class_list":{"0":"post-150035","1":"product","2":"type-product","3":"status-publish","4":"has-post-thumbnail","6":"product_cat-limited-editions","7":"product_cat-special-collaborations","8":"description-off","10":"first","11":"instock","12":"taxable","13":"shipping-taxable","14":"product-type-simple"},"acf":[],"jetpack_sharing_enabled":true,"_links":{"self":[{"href":"https:\/\/casaatlantica.es\/en\/wp-json\/wp\/v2\/product\/150035","targetHints":{"allow":["GET"]}}],"collection":[{"href":"https:\/\/casaatlantica.es\/en\/wp-json\/wp\/v2\/product"}],"about":[{"href":"https:\/\/casaatlantica.es\/en\/wp-json\/wp\/v2\/types\/product"}],"wp:featuredmedia":[{"embeddable":true,"href":"https:\/\/casaatlantica.es\/en\/wp-json\/wp\/v2\/media\/150038"}],"wp:attachment":[{"href":"https:\/\/casaatlantica.es\/en\/wp-json\/wp\/v2\/media?parent=150035"}],"wp:term":[{"taxonomy":"product_brand","embeddable":true,"href":"https:\/\/casaatlantica.es\/en\/wp-json\/wp\/v2\/product_brand?post=150035"},{"taxonomy":"product_cat","embeddable":true,"href":"https:\/\/casaatlantica.es\/en\/wp-json\/wp\/v2\/product_cat?post=150035"},{"taxonomy":"product_tag","embeddable":true,"href":"https:\/\/casaatlantica.es\/en\/wp-json\/wp\/v2\/product_tag?post=150035"}],"curies":[{"name":"wp","href":"https:\/\/api.w.org\/{rel}","templated":true}]}}