{"id":150100,"date":"2025-11-11T13:10:01","date_gmt":"2025-11-11T12:10:01","guid":{"rendered":"https:\/\/casaatlantica.es\/?post_type=product&#038;p=150100"},"modified":"2025-11-18T13:55:05","modified_gmt":"2025-11-18T12:55:05","slug":"deco-gourmet-salty-sieve","status":"publish","type":"product","link":"https:\/\/casaatlantica.es\/en\/producto\/deco-gourmet-salty-sieve\/","title":{"rendered":"Deco-Gourmet Sieve &#8211; Salty"},"content":{"rendered":"<h3 class=\"titprod\">Deco-Gourmet Salty Sieve \u2013 Special Edition Casa Atl\u00e2ntica + T\u00eda Est\u00e9bana<\/h3>\n<p class=\"p1\">A celebration of craftsmanship, flavor, and locally sourced products.<\/p>\n<p class=\"p1\">The perfect gift for lovers of the sea, craftsmanship, and sharing delicious bites with friends, this pack combines the charm of our ceramics with a carefully curated selection of exquisite gourmet delights from our friends at T\u00eda Est\u00e9bana.<\/p>\n<div class=\"spacer\"><\/div>\n<p class=\"p1\"><strong>This product is available by <em>special order only<\/em>.<br \/>\nTo request it, please send an email to <a href=\"mailto:info@casaatlantica.es\">info@casaatlantica.es<\/a><\/strong><\/p>\n<div class=\"spacer\"><\/div>\n<p class=\"p1\"><strong>PRICE:<\/strong> 60 \u20ac<\/p>\n<p class=\"p1\"><strong>INCLUDES:<\/strong><\/p>\n<p class=\"p1\">1 handcrafted wooden sieve with 25 cm mesh diameter<br \/>\n1 bottle of Exner craft cider 33 cl<br \/>\n1 jar of Chic\u00f3n Antequera olives 370 g<br \/>\n1 Paco Lafuente preserve \u2013 Horse mackerel in olive oil 125 g<br \/>\n1 Minerva sardine p\u00e2t\u00e9 75 g<br \/>\n1 La Vera paprika round tin 30 g<br \/>\n1 hand-painted ceramic bowl<br \/>\n1 set of two special edition ceramic sardines<\/p>\n<div class=\"spacer\"><\/div>\n<p class=\"p1\">Each peneira is carefully packaged for shipping, with the products and ceramic pieces protected to prevent breakage, and beautifully and naturally presented with green branches and thoughtful details that make the set a ready-to-love gift.<\/p>\n","protected":false},"excerpt":{"rendered":"<p style=\"text-transform: uppercase\">Deco-Gourmet Salty Sieve \u2013 Special Edition<\/p>\n","protected":false},"featured_media":150103,"template":"","meta":{"_acf_changed":false},"product_brand":[],"product_cat":[4026,4023],"product_tag":[],"class_list":{"0":"post-150100","1":"product","2":"type-product","3":"status-publish","4":"has-post-thumbnail","6":"product_cat-special-collaborations","7":"product_cat-limited-editions","8":"description-off","10":"first","11":"instock","12":"taxable","13":"shipping-taxable","14":"product-type-simple"},"acf":[],"jetpack_sharing_enabled":true,"_links":{"self":[{"href":"https:\/\/casaatlantica.es\/en\/wp-json\/wp\/v2\/product\/150100","targetHints":{"allow":["GET"]}}],"collection":[{"href":"https:\/\/casaatlantica.es\/en\/wp-json\/wp\/v2\/product"}],"about":[{"href":"https:\/\/casaatlantica.es\/en\/wp-json\/wp\/v2\/types\/product"}],"wp:featuredmedia":[{"embeddable":true,"href":"https:\/\/casaatlantica.es\/en\/wp-json\/wp\/v2\/media\/150103"}],"wp:attachment":[{"href":"https:\/\/casaatlantica.es\/en\/wp-json\/wp\/v2\/media?parent=150100"}],"wp:term":[{"taxonomy":"product_brand","embeddable":true,"href":"https:\/\/casaatlantica.es\/en\/wp-json\/wp\/v2\/product_brand?post=150100"},{"taxonomy":"product_cat","embeddable":true,"href":"https:\/\/casaatlantica.es\/en\/wp-json\/wp\/v2\/product_cat?post=150100"},{"taxonomy":"product_tag","embeddable":true,"href":"https:\/\/casaatlantica.es\/en\/wp-json\/wp\/v2\/product_tag?post=150100"}],"curies":[{"name":"wp","href":"https:\/\/api.w.org\/{rel}","templated":true}]}}