{"id":30859,"date":"2023-09-14T17:01:56","date_gmt":"2023-09-14T15:01:56","guid":{"rendered":"https:\/\/casaatlantica.es\/producto\/canabarro-4\/"},"modified":"2025-06-21T00:04:27","modified_gmt":"2025-06-21T00:04:27","slug":"clay-canabarro","status":"publish","type":"product","link":"https:\/\/casaatlantica.es\/en\/producto\/clay-canabarro\/","title":{"rendered":"Canabarro"},"content":{"rendered":"<h3 class=\"titprod\">The Canabarro, a traditional clay piece<\/h3>\n<p class=\"p1\">The canabarro is a traditional clay piece commonly used for transporting liquids. &#8220;To fetch wine from taverns or to transport wine outside the home, &#8216;os canabarros do vi\u00f1o&#8217; were used.&#8221; \u2014 *La Alfarer\u00eda de Galicia*, Luciano Garc\u00eda Al\u00e9n.<\/p>\n<p class=\"p1\">This series consists of identical replicas of traditional Galician pieces that have now disappeared. They can now serve other purposes as our customs have changed.<\/p>\n<div class=\"spacer\"><\/div>\n<p class=\"p1\"><strong>MATERIAL<\/strong> Clay and seagrass rope.<\/p>\n<p class=\"p1\"><strong>DIMENSIONS<\/strong> Canabarro: 28 x 28 x 37 cm.<\/p>\n<p class=\"p1\"><strong>CONTENTS<\/strong> 1 Canabarro.<\/p>\n<div class=\"spacer\"><\/div>\n<p class=\"p1\"><i>This is a handcrafted product; color and finish may vary slightly from the pieces shown in the photo.<\/i><\/p>\n","protected":false},"excerpt":{"rendered":"<p style=\"text-transform: uppercase\">The Canabarro<\/p>\n","protected":false},"featured_media":17953,"template":"","meta":{"_acf_changed":false},"product_brand":[],"product_cat":[4023,4029],"product_tag":[4160,4180,4136],"class_list":{"0":"post-30859","1":"product","2":"type-product","3":"status-publish","4":"has-post-thumbnail","6":"product_cat-limited-editions","7":"product_cat-traditional-galician-crafts","8":"product_tag-canabarro-en","9":"product_tag-limited-editions","10":"product_tag-traditional-craft","11":"product_shipping_class-categoria-3","12":"pa_dibujo-canabarro1","13":"pa_dibujo-canabarro2","14":"description-off","16":"first","17":"instock","18":"taxable","19":"shipping-taxable","20":"purchasable","21":"product-type-variable","22":"has-default-attributes"},"acf":[],"jetpack_sharing_enabled":true,"_links":{"self":[{"href":"https:\/\/casaatlantica.es\/en\/wp-json\/wp\/v2\/product\/30859","targetHints":{"allow":["GET"]}}],"collection":[{"href":"https:\/\/casaatlantica.es\/en\/wp-json\/wp\/v2\/product"}],"about":[{"href":"https:\/\/casaatlantica.es\/en\/wp-json\/wp\/v2\/types\/product"}],"wp:featuredmedia":[{"embeddable":true,"href":"https:\/\/casaatlantica.es\/en\/wp-json\/wp\/v2\/media\/17953"}],"wp:attachment":[{"href":"https:\/\/casaatlantica.es\/en\/wp-json\/wp\/v2\/media?parent=30859"}],"wp:term":[{"taxonomy":"product_brand","embeddable":true,"href":"https:\/\/casaatlantica.es\/en\/wp-json\/wp\/v2\/product_brand?post=30859"},{"taxonomy":"product_cat","embeddable":true,"href":"https:\/\/casaatlantica.es\/en\/wp-json\/wp\/v2\/product_cat?post=30859"},{"taxonomy":"product_tag","embeddable":true,"href":"https:\/\/casaatlantica.es\/en\/wp-json\/wp\/v2\/product_tag?post=30859"}],"curies":[{"name":"wp","href":"https:\/\/api.w.org\/{rel}","templated":true}]}}