{"id":40651,"date":"2024-11-20T14:56:24","date_gmt":"2024-11-20T14:56:24","guid":{"rendered":"https:\/\/casaatlantica.es\/legal-notice\/"},"modified":"2024-11-28T14:15:45","modified_gmt":"2024-11-28T14:15:45","slug":"avis-juridique","status":"publish","type":"page","link":"https:\/\/casaatlantica.es\/fr\/avis-juridique\/","title":{"rendered":"Avis juridique"},"content":{"rendered":"<div class=\"wpb-content-wrapper\"><p>[vc_section][vc_row el_class=\u00a0\u00bbmarginblog\u00a0\u00bb][vc_column width=\u00a0\u00bb1\/12&Prime;][\/vc_column][vc_column width=\u00a0\u00bb5\/6&Prime;][vc_column_text css=\u00a0\u00bb\u00a0\u00bb]<\/p>\n<h1 class=\"hblog\" style=\"text-align: center;\">Avis juridique<\/h1>\n<p>[\/vc_column_text][\/vc_column][vc_column width=\u00a0\u00bb1\/12&Prime;][\/vc_column][\/vc_row][\/vc_section][vc_section][vc_row][vc_column][vc_column_text css=\u00a0\u00bb\u00a0\u00bb]<\/p>\n<h4 class=\"mt-32px bold\">Informations sur l&rsquo;enteprise<\/h4>\n<p>En vertu des obligations \u00e9tablies par la loi 34\/2002, relative aux services de la soci\u00e9t\u00e9 de l&rsquo;information et au commerce \u00e9lectronique, nous vous informons que ce site web est la propri\u00e9t\u00e9 de NOVA CASA ATLANTICA S. COOP. GALEGA, dont le si\u00e8ge social est situ\u00e9 R\u00faa Cooperativa 14 Bajo, 36800 Redondela, CIF F10807642. info@casaatlantica.es.<\/p>\n<p>&nbsp;<\/p>\n<h4 class=\"mt-32px bold\">Protection des contenus<\/h4>\n<p>L&rsquo;utilisateur reconna\u00eet et accepte que tous les droits de propri\u00e9t\u00e9 industrielle et intellectuelle sur les contenus et\/ou tout autre \u00e9l\u00e9ment ins\u00e9r\u00e9 par NOVA CASA ATLANTICA S. COOP. GALEGA dans ce site web (y compris, mais sans s&rsquo;y limiter, tous les \u00e9l\u00e9ments qui composent l&rsquo;aspect visuel, l&rsquo;image graphique et autres stimuli sensoriels du site web ou \u00ab\u00a0look and feel\u00a0\u00bb) : marques, logos, noms commerciaux, textes, images, graphiques, dessins, sons, bases de donn\u00e9es, logiciels, organigrammes, pr\u00e9sentation, architecture de navigation, ainsi que les codes sources des pages web) appartiennent \u00e0 CASA ATL\u00c2NTICA SCP et\/ou \u00e0 des tiers auxquels ils ont c\u00e9d\u00e9 leurs droits.<\/p>\n<p>Les pr\u00e9sentes conditions d&rsquo;utilisation du site web ne conf\u00e8rent aux UTILISATEURS aucun autre droit d&rsquo;utilisation, d&rsquo;alt\u00e9ration, d&rsquo;exploitation, de reproduction, de distribution ou de communication publique du site web et\/ou de ses contenus autres que ceux express\u00e9ment pr\u00e9vus aux pr\u00e9sentes.<\/p>\n<p>Sans pr\u00e9judice de ce qui pr\u00e9c\u00e8de, si l&rsquo;Utilisateur ou un tiers estime qu&rsquo;un contenu du Site Web pourrait porter atteinte aux droits de propri\u00e9t\u00e9 intellectuelle et industrielle, veuillez nous le faire savoir dans les plus brefs d\u00e9lais.<\/p>\n<p>&nbsp;<\/p>\n<h4 class=\"mt-32px bold\">Acc\u00e8s et utilisation du site web<\/h4>\n<p>Tant l&rsquo;acc\u00e8s au site web que l&rsquo;utilisation non consentie qui peut \u00eatre faite des informations qu&rsquo;il contient rel\u00e8vent de la seule responsabilit\u00e9 de la personne qui le fait.<\/p>\n<p>L&rsquo;utilisateur s&rsquo;engage \u00e0 utiliser le contenu, les informations et les donn\u00e9es du site web conform\u00e9ment aux pr\u00e9sentes conditions, aux termes et politiques, aux r\u00e9glementations applicables et aux bonnes coutumes et \u00e0 l&rsquo;ordre public g\u00e9n\u00e9ralement accept\u00e9s.<\/p>\n<p>L&rsquo;utilisateur s&rsquo;engage \u00e0 ne pas utiliser les contenus du site Web \u00e0 des fins illicites, interdites ou contraires \u00e0 celles \u00e9tablies dans le pr\u00e9sent document, pr\u00e9judiciables aux droits et int\u00e9r\u00eats de la NOVA CASA ATLANTICA S. COOP. GALEGA, d&rsquo;autres utilisateurs, de tiers ou qui, de quelque mani\u00e8re que ce soit, pourraient endommager, rendre inutile, surcharger ou d\u00e9t\u00e9riorer le site Web ou emp\u00eacher son utilisation normale ou la jouissance par les utilisateurs.<\/p>\n<p>NOVA CASA ATLANTICA S. COOP. GALEGA n&rsquo;est pas responsable des cons\u00e9quences ou des dommages pouvant d\u00e9couler de cet acc\u00e8s ou de cette utilisation ou du non-respect des pr\u00e9sentes conditions, termes et politiques, ni des erreurs de s\u00e9curit\u00e9 qui pourraient se produire ou des dommages qui pourraient \u00eatre caus\u00e9s au syst\u00e8me informatique de l&rsquo;utilisateur (mat\u00e9riel et logiciel) ou aux fichiers ou documents qui y sont stock\u00e9s en raison de : (i) la pr\u00e9sence d&rsquo;un virus dans l&rsquo;ordinateur de l&rsquo;utilisateur qui est utilis\u00e9 pour se connecter aux services et\/ou produits offerts par la NOVA CASA ATLANTICA S. COOP. GALEGA \u00e0 travers son site web ; (ii) un mauvais fonctionnement du navigateur ; (iii) l&rsquo;utilisation de versions non actualis\u00e9es de celui-ci.<\/p>\n<p>&nbsp;<\/p>\n<h4 class=\"mt-32px bold\">Liens avec des tiers<\/h4>\n<p>Ce site web peut utiliser des liens vers d&rsquo;autres pages ou sites web. La NOVA CASA ATLANTICA S. COOP. GALEGA n&rsquo;est pas responsable du contenu ou des mesures de s\u00e9curit\u00e9 adopt\u00e9es par toute autre page ou site web par lequel on acc\u00e8de \u00e0 partir de ce site web, sites auxquels l&rsquo;int\u00e9ress\u00e9 acc\u00e8de sous sa responsabilit\u00e9 exclusive.<\/p>\n<p>De m\u00eame, l&rsquo;absence de virus ou d&rsquo;autres \u00e9l\u00e9ments dans les contenus li\u00e9s depuis le site web de NOVA CASA ATLANTICA S. COOP. GALEGA pouvant produire des alt\u00e9rations dans le syst\u00e8me informatique (mat\u00e9riel et logiciel) et\/ou dans les documents ou fichiers de l&rsquo;utilisateur n&rsquo;est pas garantie, et la NOVA CASA ATLANTICA S. COOP. GALEGA est \u00e9galement exclue de toute responsabilit\u00e9 d\u00e9riv\u00e9e de dommages de toute nature caus\u00e9s par ce qui pr\u00e9c\u00e8de.<\/p>\n<p>&nbsp;<\/p>\n<h4 class=\"mt-32px bold\">R\u00e9seaux sociaux<\/h4>\n<p>Nous vous informons sur NOVA CASA ATLANTICA S. COOP. GALEGA qui peut \u00eatre pr\u00e9sente dans les r\u00e9seaux sociaux. Le traitement des donn\u00e9es r\u00e9alis\u00e9 par les personnes qui suivent les r\u00e9seaux sociaux (et\/ou r\u00e9alisent toute action de lien ou de connexion \u00e0 travers les r\u00e9seaux sociaux) des pages officielles de NOVA CASA ATLANTICA S. COOP. GALEGA sera r\u00e9gi par cette section, ainsi que par les conditions d&rsquo;utilisation, les politiques de confidentialit\u00e9 et les r\u00e8glements d&rsquo;acc\u00e8s qui appartiennent au r\u00e9seau social dans chaque cas et pr\u00e9alablement accept\u00e9s par l&rsquo;utilisateur.<\/p>\n<p>NOVA CASA ATLANTICA S. COOP. GALEGA traitera vos donn\u00e9es dans le but de g\u00e9rer correctement votre pr\u00e9sence sur le r\u00e9seau social, de vous informer des activit\u00e9s, produits ou services de la NOVA CASA ATLANTICA S. COOP. GALEGA, ainsi que pour toute autre finalit\u00e9 que la r\u00e9glementation des r\u00e9seaux sociaux permet. La publication de contenus est interdite :<\/p>\n<ul>\n<li>Qui sont pr\u00e9tendument illicites au regard du droit national, communautaire ou international ou qui se livrent \u00e0 des activit\u00e9s pr\u00e9tendument illicites ou qui contreviennent aux principes de bonne foi.<\/li>\n<li>Qui violent les droits fondamentaux des personnes, manquent de courtoisie sur le r\u00e9seau, g\u00eanent ou peuvent g\u00e9n\u00e9rer des opinions n\u00e9gatives chez nos utilisateurs ou des tiers et en g\u00e9n\u00e9ral tout contenu que NOVA CASA ATLANTICA S. COOP. GALEGA jugerait inappropri\u00e9.<\/li>\n<li>Et en g\u00e9n\u00e9ral, qui contreviennent aux principes de l\u00e9galit\u00e9, d&rsquo;honn\u00eatet\u00e9, de responsabilit\u00e9, de protection de la dignit\u00e9 humaine, de protection des mineurs, de protection de l&rsquo;ordre public, de protection de la vie priv\u00e9e, de protection des consommateurs et d&rsquo;intelligence.<\/li>\n<\/ul>\n<p>En outre, NOVA CASA ATLANTICA S. COOP. GALEGA se r\u00e9serve le droit de retirer, sans pr\u00e9avis, du site web ou du r\u00e9seau social d&rsquo;entreprise, les contenus jug\u00e9s inappropri\u00e9s.<\/p>\n<p>&nbsp;<\/p>\n<h4 class=\"mt-32px bold\">Modification des conditions d&rsquo;utilisation, de la politique de confidentialit\u00e9 et de la protection des donn\u00e9es<\/h4>\n<p>Le Responsable du Fichier se r\u00e9serve le droit de modifier \u00e0 tout moment et sans pr\u00e9avis les pr\u00e9sentes conditions, termes et politiques de confidentialit\u00e9 pour les adapter aux nouveaut\u00e9s l\u00e9gislatives ou jurisprudentielles ainsi qu&rsquo;aux modifications ou pratiques du secteur. L&rsquo;utilisateur doit consulter p\u00e9riodiquement les pr\u00e9sentes conditions, termes et politiques afin de v\u00e9rifier ou de s&rsquo;assurer de l&rsquo;existence de changements dans celles-ci, en prenant comme r\u00e9f\u00e9rence la date de la derni\u00e8re mise \u00e0 jour.<\/p>\n<p>&nbsp;<\/p>\n<h4 class=\"mt-32px bold\">Propri\u00e9t\u00e9 intellectuelle<\/h4>\n<p>Casa Atl\u00e2ntica est une marque d\u00e9pos\u00e9e. Ce site web et tout son contenu, y compris les images, les dessins, les articles et le mat\u00e9riel connexe, sont prot\u00e9g\u00e9s par la propri\u00e9t\u00e9 intellectuelle et d&rsquo;autres lois.<\/p>\n<p>Lisez, d\u00e9couvrez, inspirez-vous &#8230; mais ne nous copiez pas ! ;)[\/vc_column_text][\/vc_column][\/vc_row][\/vc_section]<\/p>\n<\/div>","protected":false},"excerpt":{"rendered":"<p>[vc_section][vc_row el_class=\u00a0\u00bbmarginblog\u00a0\u00bb][vc_column width=\u00a0\u00bb1\/12&Prime;][\/vc_column][vc_column width=\u00a0\u00bb5\/6&Prime;][vc_column_text css=\u00a0\u00bb\u00a0\u00bb] Avis juridique [\/vc_column_text][\/vc_column][vc_column width=\u00a0\u00bb1\/12&Prime;][\/vc_column][\/vc_row][\/vc_section][vc_section][vc_row][vc_column][vc_column_text css=\u00a0\u00bb\u00a0\u00bb] Informations sur l&rsquo;enteprise En vertu des obligations \u00e9tablies par la loi 34\/2002, relative aux services de la soci\u00e9t\u00e9 de l&rsquo;information et au commerce \u00e9lectronique, nous vous informons que ce site web est la propri\u00e9t\u00e9 de NOVA CASA ATLANTICA S. COOP. GALEGA, dont le si\u00e8ge social&hellip;<\/p>\n","protected":false},"author":1,"featured_media":0,"parent":0,"menu_order":0,"comment_status":"closed","ping_status":"closed","template":"","meta":{"_acf_changed":false,"footnotes":""},"class_list":["post-40651","page","type-page","status-publish","hentry","description-off"],"acf":[],"jetpack_sharing_enabled":true,"_links":{"self":[{"href":"https:\/\/casaatlantica.es\/fr\/wp-json\/wp\/v2\/pages\/40651","targetHints":{"allow":["GET"]}}],"collection":[{"href":"https:\/\/casaatlantica.es\/fr\/wp-json\/wp\/v2\/pages"}],"about":[{"href":"https:\/\/casaatlantica.es\/fr\/wp-json\/wp\/v2\/types\/page"}],"author":[{"embeddable":true,"href":"https:\/\/casaatlantica.es\/fr\/wp-json\/wp\/v2\/users\/1"}],"replies":[{"embeddable":true,"href":"https:\/\/casaatlantica.es\/fr\/wp-json\/wp\/v2\/comments?post=40651"}],"version-history":[{"count":4,"href":"https:\/\/casaatlantica.es\/fr\/wp-json\/wp\/v2\/pages\/40651\/revisions"}],"predecessor-version":[{"id":42967,"href":"https:\/\/casaatlantica.es\/fr\/wp-json\/wp\/v2\/pages\/40651\/revisions\/42967"}],"wp:attachment":[{"href":"https:\/\/casaatlantica.es\/fr\/wp-json\/wp\/v2\/media?parent=40651"}],"curies":[{"name":"wp","href":"https:\/\/api.w.org\/{rel}","templated":true}]}}