{"id":40658,"date":"2024-11-20T14:52:09","date_gmt":"2024-11-20T14:52:09","guid":{"rendered":"https:\/\/casaatlantica.es\/pago-seguro\/"},"modified":"2024-11-28T14:27:04","modified_gmt":"2024-11-28T14:27:04","slug":"paiement-en-ligne-securise","status":"publish","type":"page","link":"https:\/\/casaatlantica.es\/fr\/paiement-en-ligne-securise\/","title":{"rendered":"Paiement en ligne s\u00e9curis\u00e9"},"content":{"rendered":"<div class=\"wpb-content-wrapper\"><p>[vc_section][vc_row el_class=\u00a0\u00bbmarginblog\u00a0\u00bb][vc_column width=\u00a0\u00bb1\/12&Prime;][\/vc_column][vc_column width=\u00a0\u00bb5\/6&Prime;][vc_column_text css=\u00a0\u00bb\u00a0\u00bb]<\/p>\n<h1 class=\"hblog\" style=\"text-align: center;\">Paiement en ligne s\u00e9curis\u00e9<\/h1>\n<p>[\/vc_column_text][\/vc_column][vc_column width=\u00a0\u00bb1\/12&Prime;][\/vc_column][\/vc_row][\/vc_section][vc_section][vc_row][vc_column][vc_column_text css=\u00a0\u00bb\u00a0\u00bb]Nous garantissons que chacune des transactions effectu\u00e9es sur casaatlantica.es est 100% s\u00e9curis\u00e9e. Toutes les op\u00e9rations impliquant la transmission de donn\u00e9es personnelles ou bancaires sont effectu\u00e9es dans un environnement s\u00e9curis\u00e9. \u00ab\u00a0casaatlantica.es\u00a0\u00bb utilise un serveur bas\u00e9 sur la technologie de s\u00e9curit\u00e9 SSL (Secure Socked Layer) standard. Toutes les informations que vous nous transmettez voyagent crypt\u00e9es via le r\u00e9seau.<\/p>\n<p>De m\u00eame, les donn\u00e9es de votre carte bancaire ne sont enregistr\u00e9es dans aucune base de donn\u00e9es et vont directement au POS (Terminal Point de Vente de la Banque).[\/vc_column_text][\/vc_column][\/vc_row][\/vc_section]<\/p>\n<\/div>","protected":false},"excerpt":{"rendered":"<p>[vc_section][vc_row el_class=\u00a0\u00bbmarginblog\u00a0\u00bb][vc_column width=\u00a0\u00bb1\/12&Prime;][\/vc_column][vc_column width=\u00a0\u00bb5\/6&Prime;][vc_column_text css=\u00a0\u00bb\u00a0\u00bb] Paiement en ligne s\u00e9curis\u00e9 [\/vc_column_text][\/vc_column][vc_column width=\u00a0\u00bb1\/12&Prime;][\/vc_column][\/vc_row][\/vc_section][vc_section][vc_row][vc_column][vc_column_text css=\u00a0\u00bb\u00a0\u00bb]Nous garantissons que chacune des transactions effectu\u00e9es sur casaatlantica.es est 100% s\u00e9curis\u00e9e. Toutes les op\u00e9rations impliquant la transmission de donn\u00e9es personnelles ou bancaires sont effectu\u00e9es dans un environnement s\u00e9curis\u00e9. \u00ab\u00a0casaatlantica.es\u00a0\u00bb utilise un serveur bas\u00e9 sur la technologie de s\u00e9curit\u00e9 SSL (Secure Socked Layer) standard.&hellip;<\/p>\n","protected":false},"author":1,"featured_media":0,"parent":0,"menu_order":0,"comment_status":"closed","ping_status":"closed","template":"","meta":{"_acf_changed":false,"footnotes":""},"class_list":["post-40658","page","type-page","status-publish","hentry","description-off"],"acf":[],"jetpack_sharing_enabled":true,"_links":{"self":[{"href":"https:\/\/casaatlantica.es\/fr\/wp-json\/wp\/v2\/pages\/40658","targetHints":{"allow":["GET"]}}],"collection":[{"href":"https:\/\/casaatlantica.es\/fr\/wp-json\/wp\/v2\/pages"}],"about":[{"href":"https:\/\/casaatlantica.es\/fr\/wp-json\/wp\/v2\/types\/page"}],"author":[{"embeddable":true,"href":"https:\/\/casaatlantica.es\/fr\/wp-json\/wp\/v2\/users\/1"}],"replies":[{"embeddable":true,"href":"https:\/\/casaatlantica.es\/fr\/wp-json\/wp\/v2\/comments?post=40658"}],"version-history":[{"count":3,"href":"https:\/\/casaatlantica.es\/fr\/wp-json\/wp\/v2\/pages\/40658\/revisions"}],"predecessor-version":[{"id":42979,"href":"https:\/\/casaatlantica.es\/fr\/wp-json\/wp\/v2\/pages\/40658\/revisions\/42979"}],"wp:attachment":[{"href":"https:\/\/casaatlantica.es\/fr\/wp-json\/wp\/v2\/media?parent=40658"}],"curies":[{"name":"wp","href":"https:\/\/api.w.org\/{rel}","templated":true}]}}