{"id":40664,"date":"2024-11-20T15:03:39","date_gmt":"2024-11-20T15:03:39","guid":{"rendered":"https:\/\/casaatlantica.es\/cookie-policy\/"},"modified":"2024-11-28T14:29:01","modified_gmt":"2024-11-28T14:29:01","slug":"politique-de-cookies","status":"publish","type":"page","link":"https:\/\/casaatlantica.es\/fr\/politique-de-cookies\/","title":{"rendered":"Politique de cookies"},"content":{"rendered":"<div class=\"wpb-content-wrapper\"><p>[vc_section][vc_row el_class=\u00a0\u00bbmarginblog\u00a0\u00bb][vc_column width=\u00a0\u00bb1\/12&Prime;][\/vc_column][vc_column width=\u00a0\u00bb5\/6&Prime;][vc_column_text css=\u00a0\u00bb\u00a0\u00bb]<\/p>\n<h1 class=\"hblog\" style=\"text-align: center;\">Politique de cookies<\/h1>\n<p>[\/vc_column_text][\/vc_column][vc_column width=\u00a0\u00bb1\/12&Prime;][\/vc_column][\/vc_row][\/vc_section][vc_section][vc_row][vc_column][vc_column_text css=\u00a0\u00bb\u00a0\u00bb]NOVA CASA ATLANTICA S. COOP. GALEGA informe sur l&rsquo;utilisation des cookies sur son site web : www.casaatlantica.es<\/p>\n<p>&nbsp;<\/p>\n<h4>Que sont les cookies ?<\/h4>\n<p>Les cookies sont des fichiers qui peuvent \u00eatre t\u00e9l\u00e9charg\u00e9s sur votre ordinateur par le biais de pages web. Ce sont des outils qui jouent un r\u00f4le essentiel dans la fourniture de nombreux services de la soci\u00e9t\u00e9 de l&rsquo;information. Ils permettent notamment \u00e0 un site web de stocker et de r\u00e9cup\u00e9rer des informations sur les habitudes de navigation d&rsquo;un utilisateur ou de son ordinateur et, en fonction des informations obtenues, peuvent \u00eatre utilis\u00e9s pour reconna\u00eetre l&rsquo;utilisateur et am\u00e9liorer le service offert.<\/p>\n<p>&nbsp;<\/p>\n<h5 class=\"mt-32px bold\">Types de cookies<\/h5>\n<p>Selon l&rsquo;entit\u00e9 qui g\u00e8re le domaine \u00e0 partir duquel les cookies sont envoy\u00e9s et qui traite les donn\u00e9es obtenues, on peut distinguer deux types :<\/p>\n<ul>\n<li>Les cookies propres : ceux qui sont envoy\u00e9s \u00e0 l&rsquo;\u00e9quipement terminal de l&rsquo;utilisateur depuis un ordinateur ou un domaine g\u00e9r\u00e9 par l&rsquo;\u00e9diteur et \u00e0 partir duquel le service demand\u00e9 par l&rsquo;utilisateur est fourni.<\/li>\n<li>Cookies tiers : ceux qui sont envoy\u00e9s \u00e0 l&rsquo;\u00e9quipement terminal de l&rsquo;utilisateur \u00e0 partir d&rsquo;un ordinateur ou d&rsquo;un domaine qui n&rsquo;est pas g\u00e9r\u00e9 par l&rsquo;\u00e9diteur, mais par une autre entit\u00e9 qui traite les donn\u00e9es obtenues par le biais des cookies.<br \/>\nSi les cookies sont install\u00e9s \u00e0 partir d&rsquo;un ordinateur ou d&rsquo;un domaine g\u00e9r\u00e9 par l&rsquo;\u00e9diteur mais que les informations recueillies par leur interm\u00e9diaire sont g\u00e9r\u00e9es par une tierce partie, ils ne peuvent pas \u00eatre consid\u00e9r\u00e9s comme des cookies propres.<\/li>\n<\/ul>\n<p>Il existe \u00e9galement une seconde classification en fonction de la dur\u00e9e de leur conservation dans le navigateur du client, qui peut \u00eatre :<\/p>\n<ul>\n<li>Cookies de session : con\u00e7us pour collecter et stocker des donn\u00e9es pendant que l&rsquo;utilisateur acc\u00e8de \u00e0 une page web. Ils sont g\u00e9n\u00e9ralement utilis\u00e9s pour stocker des informations qui ne pr\u00e9sentent un int\u00e9r\u00eat que pour la fourniture du service demand\u00e9 par l&rsquo;utilisateur \u00e0 une seule occasion (par exemple, une liste de produits achet\u00e9s).<\/li>\n<li>Cookies persistants : les donn\u00e9es sont toujours stock\u00e9es dans le terminal et peuvent \u00eatre consult\u00e9es et trait\u00e9es pendant une p\u00e9riode d\u00e9finie par la personne responsable du cookie, qui peut aller de quelques minutes \u00e0 plusieurs ann\u00e9es.<\/li>\n<\/ul>\n<p>Enfin, il existe une autre classification comportant cinq types de cookies en fonction de la finalit\u00e9 du traitement des donn\u00e9es obtenues :<\/p>\n<ul>\n<li>Cookies techniques : ceux qui permettent \u00e0 l&rsquo;utilisateur de naviguer sur une page web, une plate-forme ou une application et d&rsquo;utiliser les diff\u00e9rentes options ou services qui y sont propos\u00e9s, comme par exemple le contr\u00f4le du trafic et de la communication des donn\u00e9es, l&rsquo;identification de la session, l&rsquo;acc\u00e8s \u00e0 des parties d&rsquo;acc\u00e8s restreint, la m\u00e9morisation des \u00e9l\u00e9ments qui composent une commande, le processus d&rsquo;achat d&rsquo;une commande, la demande d&rsquo;inscription ou de participation \u00e0 un \u00e9v\u00e9nement, l&rsquo;utilisation d&rsquo;\u00e9l\u00e9ments de s\u00e9curit\u00e9 lors de la navigation, le stockage de contenus pour la diffusion de vid\u00e9os ou de sons ou le partage de contenus par le biais de r\u00e9seaux sociaux.<\/li>\n<li>Cookies de personnalisation : permettent \u00e0 l&rsquo;utilisateur d&rsquo;acc\u00e9der au service avec certaines caract\u00e9ristiques g\u00e9n\u00e9rales pr\u00e9d\u00e9finies selon une s\u00e9rie de crit\u00e8res dans le terminal de l&rsquo;utilisateur comme la langue, le type de navigateur par lequel il acc\u00e8de au service, la configuration r\u00e9gionale \u00e0 partir de laquelle il acc\u00e8de au service, etc.<\/li>\n<li>Cookies d&rsquo;analyse : ils permettent \u00e0 la personne qui en est responsable de suivre et d&rsquo;analyser le comportement des utilisateurs des sites web auxquels ils sont li\u00e9s. Les informations collect\u00e9es par ce type de cookies sont utilis\u00e9es pour mesurer l&rsquo;activit\u00e9 des sites, applications ou plateformes et pour cr\u00e9er des profils de navigation des utilisateurs de ces sites, applications et plateformes, dans le but d&rsquo;introduire des am\u00e9liorations bas\u00e9es sur l&rsquo;analyse des donn\u00e9es utilis\u00e9es par les utilisateurs du service.<\/li>\n<li>Cookies publicitaires : permettent la gestion la plus efficace des espaces publicitaires.<\/li>\n<li>Cookies publicitaires comportementaux : ils stockent des informations sur le comportement des utilisateurs obtenues par l&rsquo;observation continue de leurs habitudes de navigation, ce qui permet de d\u00e9velopper un profil sp\u00e9cifique pour afficher la publicit\u00e9 en fonction de celui-ci.<\/li>\n<li>Cookies provenant de r\u00e9seaux sociaux externes : ils sont utilis\u00e9s pour que les visiteurs puissent interagir avec le contenu des diff\u00e9rentes plateformes sociales (facebook, youtube, twitter, linkedIn, etc.) et qu&rsquo;ils soient g\u00e9n\u00e9r\u00e9s uniquement pour les utilisateurs de ces r\u00e9seaux sociaux. Les conditions d&rsquo;utilisation de ces cookies et les informations collect\u00e9es sont r\u00e9gies par la politique de confidentialit\u00e9 de la plateforme sociale correspondante.<\/li>\n<\/ul>\n<p>&nbsp;<\/p>\n<h5 class=\"mt-32px bold\">D\u00e9sactivation et suppression des cookies<\/h5>\n<p>Vous pouvez autoriser, bloquer ou supprimer les cookies install\u00e9s sur votre ordinateur en configurant les options du navigateur install\u00e9 sur votre ordinateur :<\/p>\n<ul>\n<li>Chrome, en suivant ces\u00a0<a href=\"http:\/\/support.google.com\/chrome\/bin\/answer.py?hl=es&amp;answer=95647\">instructions<\/a>.<\/li>\n<li>Explorer,en suivant ces\u00a0<a href=\"https:\/\/support.microsoft.com\/es-es\/hub\/4338813\/windows-help\" target=\"_blank\" rel=\"noreferrer noopener\">instructions<\/a>.<\/li>\n<li>Firefox, en suivant ces<a href=\"https:\/\/support.mozilla.org\/es\/kb\/habilitar-y-deshabilitar-cookies-sitios-web-rastrear-preferencias\" target=\"_blank\" rel=\"noreferrer noopener\">instructions<\/a>.<\/li>\n<li>Safari, en suivant ces\u00a0<a href=\"https:\/\/support.apple.com\/kb\/PH19214?viewlocale=es_ES&amp;locale=en_US\" target=\"_blank\" rel=\"noreferrer noopener\">instructions<\/a>.<\/li>\n<li>Opera, en suivant ces\u00a0<a href=\"https:\/\/www.opera.com\/es\/terms\" target=\"_blank\" rel=\"noreferrer noopener\">instructions<\/a>.<\/li>\n<\/ul>\n<p>En outre, vous pouvez \u00e9galement g\u00e9rer l&rsquo;enregistrement des cookies dans votre navigateur gr\u00e2ce \u00e0 des outils tels que<\/p>\n<ul>\n<li>Ghostery: www.ghostery.com\/<\/li>\n<li>Your online choices: www.youronlinechoices.com\/es\/<\/li>\n<\/ul>\n<p>Cookies utilis\u00e9s sur www.casaatlantica.es<\/p>\n<p>Les cookies utilis\u00e9s dans ce portail sont identifi\u00e9s ci-dessous, ainsi que leur type et leur fonction :<\/p>\n<p>&nbsp;<\/p>\n<h5 class=\"mt-32px bold\">Acceptation de la politique en mati\u00e8re de cookies<\/h5>\n<p>www.casaatlantica.es suppose que vous acceptez l&rsquo;utilisation de cookies. Toutefois, il affiche des informations sur sa politique en mati\u00e8re de cookies en bas ou en haut de n&rsquo;importe quelle page du portail \u00e0 chaque connexion afin que vous en soyez conscient.<\/p>\n<p>Au vu de ces informations, il est possible de mener les actions suivantes :<\/p>\n<ul>\n<li>Accepter les cookies. Cet avertissement ne s&rsquo;affichera plus lorsque vous acc\u00e9derez \u00e0 une page du portail au cours de cette session.<\/li>\n<li>Fermer. L&rsquo;avertissement est cach\u00e9 de cette page.<\/li>\n<li>Modifiez vos param\u00e8tres. Vous pouvez en savoir plus sur ce que sont les cookies, vous renseigner sur la politique en mati\u00e8re de cookies de www.casaatlantica.es et modifier les param\u00e8tres de votre navigateur.<\/li>\n<\/ul>\n<p>[\/vc_column_text][\/vc_column][\/vc_row][\/vc_section]<\/p>\n<\/div>","protected":false},"excerpt":{"rendered":"<p>[vc_section][vc_row el_class=\u00a0\u00bbmarginblog\u00a0\u00bb][vc_column width=\u00a0\u00bb1\/12&Prime;][\/vc_column][vc_column width=\u00a0\u00bb5\/6&Prime;][vc_column_text css=\u00a0\u00bb\u00a0\u00bb] Politique de cookies [\/vc_column_text][\/vc_column][vc_column width=\u00a0\u00bb1\/12&Prime;][\/vc_column][\/vc_row][\/vc_section][vc_section][vc_row][vc_column][vc_column_text css=\u00a0\u00bb\u00a0\u00bb]NOVA CASA ATLANTICA S. COOP. GALEGA informe sur l&rsquo;utilisation des cookies sur son site web : www.casaatlantica.es &nbsp; Que sont les cookies ? Les cookies sont des fichiers qui peuvent \u00eatre t\u00e9l\u00e9charg\u00e9s sur votre ordinateur par le biais de pages web. Ce sont des outils&hellip;<\/p>\n","protected":false},"author":1,"featured_media":0,"parent":0,"menu_order":0,"comment_status":"closed","ping_status":"closed","template":"","meta":{"_acf_changed":false,"footnotes":""},"class_list":["post-40664","page","type-page","status-publish","hentry","description-off"],"acf":[],"jetpack_sharing_enabled":true,"_links":{"self":[{"href":"https:\/\/casaatlantica.es\/fr\/wp-json\/wp\/v2\/pages\/40664","targetHints":{"allow":["GET"]}}],"collection":[{"href":"https:\/\/casaatlantica.es\/fr\/wp-json\/wp\/v2\/pages"}],"about":[{"href":"https:\/\/casaatlantica.es\/fr\/wp-json\/wp\/v2\/types\/page"}],"author":[{"embeddable":true,"href":"https:\/\/casaatlantica.es\/fr\/wp-json\/wp\/v2\/users\/1"}],"replies":[{"embeddable":true,"href":"https:\/\/casaatlantica.es\/fr\/wp-json\/wp\/v2\/comments?post=40664"}],"version-history":[{"count":3,"href":"https:\/\/casaatlantica.es\/fr\/wp-json\/wp\/v2\/pages\/40664\/revisions"}],"predecessor-version":[{"id":42982,"href":"https:\/\/casaatlantica.es\/fr\/wp-json\/wp\/v2\/pages\/40664\/revisions\/42982"}],"wp:attachment":[{"href":"https:\/\/casaatlantica.es\/fr\/wp-json\/wp\/v2\/media?parent=40664"}],"curies":[{"name":"wp","href":"https:\/\/api.w.org\/{rel}","templated":true}]}}