{"id":40670,"date":"2024-11-20T14:59:30","date_gmt":"2024-11-20T14:59:30","guid":{"rendered":"https:\/\/casaatlantica.es\/privacy-policy\/"},"modified":"2024-11-28T14:30:51","modified_gmt":"2024-11-28T14:30:51","slug":"politique-de-confidentialite","status":"publish","type":"page","link":"https:\/\/casaatlantica.es\/fr\/politique-de-confidentialite\/","title":{"rendered":"Politique de confidentialit\u00e9"},"content":{"rendered":"<div class=\"wpb-content-wrapper\"><p>[vc_section][vc_row el_class=\u00a0\u00bbmarginblog\u00a0\u00bb][vc_column width=\u00a0\u00bb1\/12&Prime;][\/vc_column][vc_column width=\u00a0\u00bb5\/6&Prime;][vc_column_text css=\u00a0\u00bb\u00a0\u00bb]<\/p>\n<h1 class=\"hblog\" style=\"text-align: center;\">Politique de confidentialit\u00e9<\/h1>\n<p>[\/vc_column_text][\/vc_column][vc_column width=\u00a0\u00bb1\/12&Prime;][\/vc_column][\/vc_row][\/vc_section][vc_section][vc_row][vc_column][vc_column_text css=\u00a0\u00bb\u00a0\u00bb]NOVA CASA ATLANTICA S. COOP. GALEGA, en tant que responsable de ce site web et conform\u00e9ment aux dispositions de la loi organique 15\/1999, du 13 d\u00e9cembre, sur la protection des donn\u00e9es \u00e0 caract\u00e8re personnel (LOPD) et de la loi 34\/2002, du 11 juillet, sur les services de la soci\u00e9t\u00e9 de l&rsquo;information et du commerce \u00e9lectronique (LSSICE), a mis en \u0153uvre ces politiques, moyens et proc\u00e9dures techniques et organisationnelles pour garantir et prot\u00e9ger la confidentialit\u00e9, l&rsquo;int\u00e9grit\u00e9 et la disponibilit\u00e9 des donn\u00e9es personnelles de ses utilisateurs. Ces donn\u00e9es seront trait\u00e9es dans un ou plusieurs fichiers d\u00fbment enregistr\u00e9s aupr\u00e8s de l&rsquo;Agence espagnole de protection des donn\u00e9es, conform\u00e9ment aux dispositions de la l\u00e9gislation en vigueur.<\/p>\n<p>Dans le cas o\u00f9 les donn\u00e9es \u00e0 fournir par l&rsquo;Utilisateur seraient n\u00e9cessaires pour que l&rsquo;\u00e9quipe de NOVA CASA ATLANTICA S. COOP. GALEGA I) r\u00e9ponde aux demandes, fournisse les informations demand\u00e9es par l&rsquo;Utilisateur ; II) ex\u00e9cute tous les services et\/ou produits contract\u00e9s ou souscrits par l&rsquo;Utilisateur ; III) donne \u00e0 l&rsquo;Utilisateur l&rsquo;acc\u00e8s \u00e0 certaines fonctionnalit\u00e9s du Site Internet ; ou IV) ex\u00e9cute toutes les activit\u00e9s de NOVA CASA ATLANTICA S. COOP. GALEGA d\u00e9crites ici, NOVA CASA ATLANTICA S. COOP. GALEGA informera l&rsquo;Utilisateur de cette obligation, en indiquant les donn\u00e9es \u00e0 remplir. En indiquant, fournissant ou saisissant ces donn\u00e9es et conform\u00e9ment aux dispositions de l&rsquo;article 6 de la L.O.P.D., l&rsquo;utilisateur donne \u00e0 la NOVA CASA ATLANTICA S. COOP. GALEGA un consentement sans \u00e9quivoque pour proc\u00e9der au traitement des donn\u00e9es fournies aux fins susmentionn\u00e9es ainsi qu&rsquo;\u00e0 l&rsquo;envoi \u00e9ventuel de communications commerciales de la part de NOVA CASA ATLANTICA S. COOP. GALEGA pouvant int\u00e9resser l&rsquo;utilisateur.<\/p>\n<p>L&rsquo;entit\u00e9 responsable de la base de donn\u00e9es, ainsi que ceux qui interviennent dans une phase quelconque du traitement et\/ou les entit\u00e9s auxquelles elle a \u00e9t\u00e9 communiqu\u00e9e &#8211; le cas \u00e9ch\u00e9ant et en vertu de l&rsquo;autorisation correspondante conf\u00e9r\u00e9e par l&rsquo;utilisateur &#8211; sont tenus d&rsquo;observer le secret professionnel et d&rsquo;adopter les niveaux de protection et les mesures techniques et organisationnelles n\u00e9cessaires \u00e0 leur port\u00e9e qui garantissent la s\u00e9curit\u00e9 des donn\u00e9es \u00e0 caract\u00e8re personnel, \u00e9viter, dans la mesure du possible, les acc\u00e8s non autoris\u00e9s, les modifications illicites, la soustraction et\/ou la perte de donn\u00e9es, afin de fournir le niveau de s\u00e9curit\u00e9 correspondant aux fichiers NOVA CASA ATLANTICA S. COOP. GALEGA, en fonction de la nature et de la sensibilit\u00e9 des donn\u00e9es fournies par les utilisateurs de ce site web. De m\u00eame, NOVA CASA ATLANTICA S. COOP. GALEGA s&rsquo;engage \u00e0 avoir mis en \u0153uvre les mesures de s\u00e9curit\u00e9 correspondantes conform\u00e9ment aux dispositions du R\u00e8glement sur les mesures de (D.R. 1720\/2007).<\/p>\n<p>Les utilisateurs ont reconnu par la Loi Organique de Protection des Donn\u00e9es indiqu\u00e9e les droits d&rsquo;acc\u00e8s, de rectification, d&rsquo;annulation et d&rsquo;opposition et, dans son cas, le droit de r\u00e9voquer \u00e0 tout moment le consentement donn\u00e9 \u00e0 la r\u00e9ception de communications commerciales en envoyant un courrier \u00e9lectronique \u00e0 info@casaatlantica.es ou une lettre \u00e0 R\u00faa Cooperativa 14 Bajo, 36800 Redondela.[\/vc_column_text][\/vc_column][\/vc_row][\/vc_section]<\/p>\n<\/div>","protected":false},"excerpt":{"rendered":"<p>[vc_section][vc_row el_class=\u00a0\u00bbmarginblog\u00a0\u00bb][vc_column width=\u00a0\u00bb1\/12&Prime;][\/vc_column][vc_column width=\u00a0\u00bb5\/6&Prime;][vc_column_text css=\u00a0\u00bb\u00a0\u00bb] Politique de confidentialit\u00e9 [\/vc_column_text][\/vc_column][vc_column width=\u00a0\u00bb1\/12&Prime;][\/vc_column][\/vc_row][\/vc_section][vc_section][vc_row][vc_column][vc_column_text css=\u00a0\u00bb\u00a0\u00bb]NOVA CASA ATLANTICA S. COOP. GALEGA, en tant que responsable de ce site web et conform\u00e9ment aux dispositions de la loi organique 15\/1999, du 13 d\u00e9cembre, sur la protection des donn\u00e9es \u00e0 caract\u00e8re personnel (LOPD) et de la loi 34\/2002, du 11 juillet, sur les&hellip;<\/p>\n","protected":false},"author":1,"featured_media":0,"parent":0,"menu_order":0,"comment_status":"closed","ping_status":"closed","template":"","meta":{"_acf_changed":false,"footnotes":""},"class_list":["post-40670","page","type-page","status-publish","hentry","description-off"],"acf":[],"jetpack_sharing_enabled":true,"_links":{"self":[{"href":"https:\/\/casaatlantica.es\/fr\/wp-json\/wp\/v2\/pages\/40670","targetHints":{"allow":["GET"]}}],"collection":[{"href":"https:\/\/casaatlantica.es\/fr\/wp-json\/wp\/v2\/pages"}],"about":[{"href":"https:\/\/casaatlantica.es\/fr\/wp-json\/wp\/v2\/types\/page"}],"author":[{"embeddable":true,"href":"https:\/\/casaatlantica.es\/fr\/wp-json\/wp\/v2\/users\/1"}],"replies":[{"embeddable":true,"href":"https:\/\/casaatlantica.es\/fr\/wp-json\/wp\/v2\/comments?post=40670"}],"version-history":[{"count":4,"href":"https:\/\/casaatlantica.es\/fr\/wp-json\/wp\/v2\/pages\/40670\/revisions"}],"predecessor-version":[{"id":42985,"href":"https:\/\/casaatlantica.es\/fr\/wp-json\/wp\/v2\/pages\/40670\/revisions\/42985"}],"wp:attachment":[{"href":"https:\/\/casaatlantica.es\/fr\/wp-json\/wp\/v2\/media?parent=40670"}],"curies":[{"name":"wp","href":"https:\/\/api.w.org\/{rel}","templated":true}]}}