{"id":40699,"date":"2024-07-15T15:08:51","date_gmt":"2024-07-15T15:08:51","guid":{"rendered":"https:\/\/casaatlantica.es\/about\/"},"modified":"2024-12-11T11:58:32","modified_gmt":"2024-12-11T11:58:32","slug":"nous","status":"publish","type":"page","link":"https:\/\/casaatlantica.es\/fr\/nous\/","title":{"rendered":"Nous"},"content":{"rendered":"<div class=\"wpb-content-wrapper\"><p>[vc_section full_width=\u00a0\u00bbstretch_row\u00a0\u00bb full_height=\u00a0\u00bbyes\u00a0\u00bb css=\u00a0\u00bb.vc_custom_1733742782883{margin-top: 0px !important;margin-bottom: 80px !important;background-image: url(https:\/\/casaatlantica.es\/wp-content\/uploads\/2024\/12\/rio-minho-ca.jpg?id=54960) !important;background-position: center !important;background-repeat: no-repeat !important;background-size: cover !important;}\u00a0\u00bb el_class=\u00a0\u00bbtopbanner\u00a0\u00bb][vc_row][vc_column width=\u00a0\u00bb2\/3&Prime; offset=\u00a0\u00bbvc_col-lg-6 vc_col-md-6&Prime;][vc_column_text css=\u00a0\u00bb.vc_custom_1733862894421{margin-bottom: 56px !important;}\u00a0\u00bb el_class=\u00a0\u00bbpaginatop\u00a0\u00bb]<\/p>\n<h4>Nos produits ont atteint la moiti\u00e9 du monde, mais notre essence reste aussi authentique qu&rsquo;au d\u00e9but.\u2028\u00c0 partir de la tradition, des souvenirs d&rsquo;enfance dans notre village et du savoir-faire artisanal, nous avons voulu cr\u00e9er une marque qui perdure. Nous ne suivons pas les modes, seulement notre propre chemin.<\/h4>\n<p>[\/vc_column_text][\/vc_column][vc_column width=\u00a0\u00bb1\/2&Prime;][\/vc_column][\/vc_row][\/vc_section][vc_section css=\u00a0\u00bb.vc_custom_1733745279947{margin-top: 0px !important;margin-bottom: 48px !important;padding-top: 0px !important;}\u00a0\u00bb][vc_row][vc_column offset=\u00a0\u00bbvc_hidden-xs\u00a0\u00bb][vc_row_inner css=\u00a0\u00bb.vc_custom_1733744758269{margin-bottom: 80px !important;padding-top: 0px !important;}\u00a0\u00bb][vc_column_inner width=\u00a0\u00bb1\/6&Prime;][\/vc_column_inner][vc_column_inner width=\u00a0\u00bb2\/3&Prime;][vc_column_text css=\u00a0\u00bb\u00a0\u00bb]<\/p>\n<h4>Notre Histoire<\/h4>\n<p>[\/vc_column_text][vc_column_text css=\u00a0\u00bb.vc_custom_1733862926717{margin-bottom: 0px !important;}\u00a0\u00bb]<\/p>\n<p class=\"textbig\">Comme celui qui cherche toujours \u00e0 retrouver le chemin de la maison, notre projet est n\u00e9 avec l&rsquo;id\u00e9e de revaloriser ces objets du quotidien qui nous inspirent le plus dans nos lieux d&rsquo;origine et qui font partie de la culture galicienne et portugaise. Ce sont ces objets de notre terre qui tirent les ficelles de l&rsquo;inspiration, et nous essayons de leur rendre hommage en leur cr\u00e9ant un espace dans le pr\u00e9sent.<\/p>\n<p>[\/vc_column_text][\/vc_column_inner][vc_column_inner width=\u00a0\u00bb1\/6&Prime;][\/vc_column_inner][\/vc_row_inner][vc_row_inner css=\u00a0\u00bb.vc_custom_1733744907769{margin-bottom: 80px !important;padding-top: 0px !important;}\u00a0\u00bb][vc_column_inner][vc_single_image image=\u00a0\u00bb54966&Prime; img_size=\u00a0\u00bbfull\u00a0\u00bb css=\u00a0\u00bb.vc_custom_1733742893748{margin-bottom: 0px !important;}\u00a0\u00bb][\/vc_column_inner][\/vc_row_inner][vc_row_inner css=\u00a0\u00bb.vc_custom_1733744913822{margin-bottom: 80px !important;padding-top: 0px !important;}\u00a0\u00bb][vc_column_inner width=\u00a0\u00bb1\/6&Prime;][\/vc_column_inner][vc_column_inner width=\u00a0\u00bb2\/3&Prime;][vc_column_text css=\u00a0\u00bb\u00a0\u00bb]<\/p>\n<h4>Philosophie<\/h4>\n<p>[\/vc_column_text][vc_column_text css=\u00a0\u00bb\u00a0\u00bb]<\/p>\n<p class=\"textbig\">Notre philosophie repose sur la cr\u00e9ation de produits contemporains qui promeuvent l&rsquo;artisanat local, en privil\u00e9giant la production dans des environnements ruraux. Nous collaborons avec de petits ateliers familiaux situ\u00e9s dans des villages de Galice et du Portugal.<\/p>\n<p class=\"textbig\">Nous nous inspirons de l&rsquo;art populaire, du design moderne du XXe si\u00e8cle, des pi\u00e8ces d&rsquo;artisanat ancien que nous avons collectionn\u00e9es, et surtout de la cr\u00e9ativit\u00e9 des personnes qui les fabriquent. Cette richesse d&rsquo;influences nous permet de concevoir des objets fonctionnels et intemporels qui allient esth\u00e9tique et minimalisme, tout en s&rsquo;adaptant aux d\u00e9corations contemporaines sans perdre leur essence artisanale.<\/p>\n<p>[\/vc_column_text][\/vc_column_inner][vc_column_inner width=\u00a0\u00bb1\/6&Prime;][\/vc_column_inner][\/vc_row_inner][vc_row_inner css=\u00a0\u00bb.vc_custom_1733744907769{margin-bottom: 80px !important;padding-top: 0px !important;}\u00a0\u00bb][vc_column_inner width=\u00a0\u00bb5\/12&Prime;][vc_single_image image=\u00a0\u00bb54978&Prime; img_size=\u00a0\u00bbfull\u00a0\u00bb css=\u00a0\u00bb.vc_custom_1733743351414{margin-top: 80px !important;margin-bottom: 0px !important;}\u00a0\u00bb][\/vc_column_inner][vc_column_inner width=\u00a0\u00bb4\/12&Prime;][vc_single_image image=\u00a0\u00bb54975&Prime; img_size=\u00a0\u00bbfull\u00a0\u00bb css=\u00a0\u00bb.vc_custom_1733743357538{margin-top: 80px !important;margin-bottom: 0px !important;}\u00a0\u00bb][\/vc_column_inner][vc_column_inner width=\u00a0\u00bb3\/12&Prime;][vc_single_image image=\u00a0\u00bb54972&Prime; img_size=\u00a0\u00bbfull\u00a0\u00bb css=\u00a0\u00bb.vc_custom_1733743367207{margin-bottom: 80px !important;}\u00a0\u00bb][\/vc_column_inner][\/vc_row_inner][vc_row_inner css=\u00a0\u00bb.vc_custom_1733744913822{margin-bottom: 80px !important;padding-top: 0px !important;}\u00a0\u00bb][vc_column_inner width=\u00a0\u00bb1\/6&Prime;][\/vc_column_inner][vc_column_inner width=\u00a0\u00bb2\/3&Prime;][vc_column_text css=\u00a0\u00bb\u00a0\u00bb]<\/p>\n<h4>L&rsquo;\u00c9quipe derri\u00e8re CASA ATL\u00c2NTICA<\/h4>\n<p>[\/vc_column_text][vc_column_text css=\u00a0\u00bb\u00a0\u00bb]<\/p>\n<p class=\"textbig\">Nous sommes Lester, Bel\u00e9n et Pedro, trois amis qui ont fond\u00e9 Casa Atl\u00e2ntica en 2014, apr\u00e8s plusieurs ann\u00e9es consacr\u00e9es au design d&rsquo;int\u00e9rieur, graphique et \u00e0 d&rsquo;autres projets cr\u00e9atifs. Nous souhaitions donner vie \u00e0 des objets qui allient l&rsquo;authenticit\u00e9 de nos racines \u00e0 une approche contemporaine, en cr\u00e9ant une marque ind\u00e9pendante et honn\u00eate.<\/p>\n<p class=\"textbig\">Nous participons \u00e0 tout le processus, de la conception \u00e0 la production et \u00e0 la distribution, en conservant toujours nos valeurs : le respect du travail artisanal, le soin de l&rsquo;environnement et le lien avec notre lieu d&rsquo;origine.<\/p>\n<p>[\/vc_column_text][\/vc_column_inner][vc_column_inner width=\u00a0\u00bb1\/6&Prime;][\/vc_column_inner][\/vc_row_inner][vc_row_inner css=\u00a0\u00bb.vc_custom_1733744907769{margin-bottom: 80px !important;padding-top: 0px !important;}\u00a0\u00bb][vc_column_inner width=\u00a0\u00bb3\/12&Prime;][vc_single_image image=\u00a0\u00bb54989&Prime; img_size=\u00a0\u00bbfull\u00a0\u00bb css=\u00a0\u00bb.vc_custom_1733744224138{margin-top: 80px !important;margin-bottom: 0px !important;}\u00a0\u00bb][\/vc_column_inner][vc_column_inner width=\u00a0\u00bb3\/12&Prime;][vc_single_image image=\u00a0\u00bb54986&Prime; img_size=\u00a0\u00bbfull\u00a0\u00bb css=\u00a0\u00bb.vc_custom_1733744234551{margin-top: 0px !important;margin-bottom: 80px !important;}\u00a0\u00bb][\/vc_column_inner][vc_column_inner width=\u00a0\u00bb6\/12&Prime;][vc_single_image image=\u00a0\u00bb54983&Prime; img_size=\u00a0\u00bbfull\u00a0\u00bb css=\u00a0\u00bb.vc_custom_1733744243716{margin-top: 0px !important;margin-bottom: 80px !important;}\u00a0\u00bb][\/vc_column_inner][\/vc_row_inner][vc_row_inner css=\u00a0\u00bb.vc_custom_1733744913822{margin-bottom: 80px !important;padding-top: 0px !important;}\u00a0\u00bb][vc_column_inner width=\u00a0\u00bb1\/6&Prime;][\/vc_column_inner][vc_column_inner width=\u00a0\u00bb2\/3&Prime;][vc_column_text css=\u00a0\u00bb\u00a0\u00bb]<\/p>\n<p class=\"textbig\">Apr\u00e8s dix ans d&rsquo;engagement envers l&rsquo;artisanat, nous voulons continuer \u00e0 cr\u00e9er des objets qui expriment le lien entre culture, paysage et cr\u00e9ativit\u00e9. Nous concevons des pi\u00e8ces utiles, belles et pleines de sens, destin\u00e9es \u00e0 ceux qui appr\u00e9cient l&rsquo;authenticit\u00e9 et les choses faites avec le temps, le soin et la d\u00e9votion.<\/p>\n<p class=\"textbig\"><em>Lester, Bel\u00e9n et Pedro.<\/em><\/p>\n<p>[\/vc_column_text][\/vc_column_inner][vc_column_inner width=\u00a0\u00bb1\/6&Prime;][\/vc_column_inner][\/vc_row_inner][\/vc_column][vc_column offset=\u00a0\u00bbvc_hidden-lg vc_hidden-md vc_hidden-sm\u00a0\u00bb][vc_column_text css=\u00a0\u00bb\u00a0\u00bb]<\/p>\n<h4>Notre Histoire<\/h4>\n<p>[\/vc_column_text][vc_column_text css=\u00a0\u00bb.vc_custom_1733863082364{margin-bottom: 48px !important;}\u00a0\u00bb]<\/p>\n<p class=\"textbig\">Comme celui qui cherche toujours \u00e0 retrouver le chemin de la maison, notre projet est n\u00e9 avec l&rsquo;id\u00e9e de revaloriser ces objets du quotidien qui nous inspirent le plus dans nos lieux d&rsquo;origine et qui font partie de la culture galicienne et portugaise. Ce sont ces objets de notre terre qui tirent les ficelles de l&rsquo;inspiration, et nous essayons de leur rendre hommage en leur cr\u00e9ant un espace dans le pr\u00e9sent.<\/p>\n<p>[\/vc_column_text][vc_single_image image=\u00a0\u00bb54966&Prime; img_size=\u00a0\u00bbfull\u00a0\u00bb css=\u00a0\u00bb.vc_custom_1733760349385{margin-bottom: 48px !important;}\u00a0\u00bb][vc_column_text css=\u00a0\u00bb\u00a0\u00bb]<\/p>\n<h4>Philosophie<\/h4>\n<p>[\/vc_column_text][vc_column_text css=\u00a0\u00bb.vc_custom_1733863121786{margin-bottom: 48px !important;}\u00a0\u00bb]<\/p>\n<p class=\"textbig\">Notre philosophie repose sur la cr\u00e9ation de produits contemporains qui promeuvent l&rsquo;artisanat local, en privil\u00e9giant la production dans des environnements ruraux. Nous collaborons avec de petits ateliers familiaux situ\u00e9s dans des villages de Galice et du Portugal.<\/p>\n<p class=\"textbig\">Nous nous inspirons de l&rsquo;art populaire, du design moderne du XXe si\u00e8cle, des pi\u00e8ces d&rsquo;artisanat ancien que nous avons collectionn\u00e9es, et surtout de la cr\u00e9ativit\u00e9 des personnes qui les fabriquent. Cette richesse d&rsquo;influences nous permet de concevoir des objets fonctionnels et intemporels qui allient esth\u00e9tique et minimalisme, tout en s&rsquo;adaptant aux d\u00e9corations contemporaines sans perdre leur essence artisanale.<\/p>\n<p>[\/vc_column_text][vc_single_image image=\u00a0\u00bb54978&Prime; img_size=\u00a0\u00bbfull\u00a0\u00bb css=\u00a0\u00bb\u00a0\u00bb][vc_single_image image=\u00a0\u00bb54975&Prime; img_size=\u00a0\u00bbfull\u00a0\u00bb css=\u00a0\u00bb.vc_custom_1733760366717{margin-bottom: 48px !important;}\u00a0\u00bb][vc_column_text css=\u00a0\u00bb\u00a0\u00bb]<\/p>\n<h4>L&rsquo;\u00c9quipe derri\u00e8re CASA ATL\u00c2NTICA<\/h4>\n<p>[\/vc_column_text][vc_column_text css=\u00a0\u00bb.vc_custom_1733863166099{margin-bottom: 48px !important;}\u00a0\u00bb]<\/p>\n<p class=\"textbig\">Nous sommes Lester, Bel\u00e9n et Pedro, trois amis qui ont fond\u00e9 Casa Atl\u00e2ntica en 2014, apr\u00e8s plusieurs ann\u00e9es consacr\u00e9es au design d&rsquo;int\u00e9rieur, graphique et \u00e0 d&rsquo;autres projets cr\u00e9atifs. Nous souhaitions donner vie \u00e0 des objets qui allient l&rsquo;authenticit\u00e9 de nos racines \u00e0 une approche contemporaine, en cr\u00e9ant une marque ind\u00e9pendante et honn\u00eate.<\/p>\n<p class=\"textbig\">Nous participons \u00e0 tout le processus, de la conception \u00e0 la production et \u00e0 la distribution, en conservant toujours nos valeurs : le respect du travail artisanal, le soin de l&rsquo;environnement et le lien avec notre lieu d&rsquo;origine.<\/p>\n<p>[\/vc_column_text][vc_single_image image=\u00a0\u00bb54989&Prime; img_size=\u00a0\u00bbfull\u00a0\u00bb css=\u00a0\u00bb\u00a0\u00bb][vc_single_image image=\u00a0\u00bb54983&Prime; img_size=\u00a0\u00bbfull\u00a0\u00bb css=\u00a0\u00bb.vc_custom_1733760376014{margin-bottom: 48px !important;}\u00a0\u00bb][vc_column_text css=\u00a0\u00bb\u00a0\u00bb]<\/p>\n<p class=\"textbig\">Apr\u00e8s dix ans d&rsquo;engagement envers l&rsquo;artisanat, nous voulons continuer \u00e0 cr\u00e9er des objets qui expriment le lien entre culture, paysage et cr\u00e9ativit\u00e9. Nous concevons des pi\u00e8ces utiles, belles et pleines de sens, destin\u00e9es \u00e0 ceux qui appr\u00e9cient l&rsquo;authenticit\u00e9 et les choses faites avec le temps, le soin et la d\u00e9votion.<\/p>\n<p class=\"textbig\"><em>Lester, Bel\u00e9n et Pedro.<\/em><\/p>\n<p>[\/vc_column_text][\/vc_column][\/vc_row][\/vc_section][vc_section][vc_row css=\u00a0\u00bb.vc_custom_1722263302237{margin-bottom: 32px !important;}\u00a0\u00bb][vc_column][vc_column_text css=\u00a0\u00bb\u00a0\u00bb]<\/p>\n<h6>Quelques m\u00e9dias qui ont \u00e9crit sur Casa Atl\u00e2ntica<\/h6>\n<p>[\/vc_column_text][\/vc_column][\/vc_row][vc_row][vc_column width=\u00a0\u00bb1\/4&Prime; offset=\u00a0\u00bbvc_col-lg-2 vc_col-md-2 vc_col-xs-4&Prime;][vc_single_image image=\u00a0\u00bb6996&Prime; img_size=\u00a0\u00bbfull\u00a0\u00bb css=\u00a0\u00bb.vc_custom_1731582050062{margin-bottom: 32px !important;border-top-width: 0px !important;padding-top: 32px !important;border-top-style: solid !important;}\u00a0\u00bb][\/vc_column][vc_column width=\u00a0\u00bb1\/4&Prime; offset=\u00a0\u00bbvc_col-lg-2 vc_col-md-2 vc_col-xs-4&Prime;][vc_single_image image=\u00a0\u00bb6999&Prime; img_size=\u00a0\u00bbfull\u00a0\u00bb css=\u00a0\u00bb.vc_custom_1731582041856{margin-bottom: 32px !important;border-top-width: 0px !important;padding-top: 32px !important;}\u00a0\u00bb][\/vc_column][vc_column width=\u00a0\u00bb1\/4&Prime; offset=\u00a0\u00bbvc_col-lg-2 vc_col-md-2 vc_col-xs-4&Prime;][vc_single_image image=\u00a0\u00bb7002&Prime; img_size=\u00a0\u00bbfull\u00a0\u00bb css=\u00a0\u00bb.vc_custom_1731582027688{margin-bottom: 32px !important;border-top-width: 0px !important;padding-top: 32px !important;border-top-style: solid !important;}\u00a0\u00bb][\/vc_column][vc_column width=\u00a0\u00bb1\/4&Prime; offset=\u00a0\u00bbvc_col-lg-2 vc_col-md-2 vc_col-xs-4&Prime;][vc_single_image image=\u00a0\u00bb7005&Prime; img_size=\u00a0\u00bbfull\u00a0\u00bb css=\u00a0\u00bb.vc_custom_1731582058935{margin-bottom: 32px !important;border-top-width: 0px !important;padding-top: 32px !important;border-top-style: solid !important;border-color: #ccdbe3 !important;}\u00a0\u00bb][\/vc_column][vc_column width=\u00a0\u00bb1\/4&Prime; offset=\u00a0\u00bbvc_col-lg-2 vc_col-md-2 vc_col-xs-4&Prime;][vc_single_image image=\u00a0\u00bb7008&Prime; img_size=\u00a0\u00bbfull\u00a0\u00bb css=\u00a0\u00bb.vc_custom_1731582066667{margin-bottom: 32px !important;border-top-width: 0px !important;padding-top: 32px !important;border-top-style: solid !important;border-color: #ccdbe3 !important;}\u00a0\u00bb][\/vc_column][vc_column width=\u00a0\u00bb1\/4&Prime; offset=\u00a0\u00bbvc_col-lg-2 vc_col-md-2 vc_col-xs-4&Prime;][vc_single_image image=\u00a0\u00bb7011&Prime; img_size=\u00a0\u00bbfull\u00a0\u00bb css=\u00a0\u00bb.vc_custom_1731582075695{margin-bottom: 32px !important;border-top-width: 0px !important;padding-top: 32px !important;border-top-style: solid !important;border-color: #ccdbe3 !important;}\u00a0\u00bb][\/vc_column][vc_column width=\u00a0\u00bb1\/4&Prime; offset=\u00a0\u00bbvc_col-lg-2 vc_col-md-2 vc_col-xs-4&Prime;][vc_single_image image=\u00a0\u00bb7014&Prime; img_size=\u00a0\u00bbfull\u00a0\u00bb css=\u00a0\u00bb.vc_custom_1731582142374{margin-bottom: 32px !important;border-top-width: 0px !important;padding-top: 32px !important;border-top-style: solid !important;border-color: #ccdbe3 !important;}\u00a0\u00bb][\/vc_column][vc_column width=\u00a0\u00bb1\/4&Prime; offset=\u00a0\u00bbvc_col-lg-2 vc_col-md-2 vc_col-xs-4&Prime;][vc_single_image image=\u00a0\u00bb7017&Prime; img_size=\u00a0\u00bbfull\u00a0\u00bb css=\u00a0\u00bb.vc_custom_1731582149550{margin-bottom: 32px !important;border-top-width: 0px !important;padding-top: 32px !important;border-top-style: solid !important;border-color: #ccdbe3 !important;}\u00a0\u00bb][\/vc_column][vc_column width=\u00a0\u00bb1\/4&Prime; offset=\u00a0\u00bbvc_col-lg-2 vc_col-md-2 vc_col-xs-4&Prime;][vc_single_image image=\u00a0\u00bb7020&Prime; img_size=\u00a0\u00bbfull\u00a0\u00bb css=\u00a0\u00bb.vc_custom_1731582158305{margin-bottom: 32px !important;border-top-width: 0px !important;padding-top: 32px !important;border-top-style: solid !important;border-color: #ccdbe3 !important;}\u00a0\u00bb][\/vc_column][vc_column width=\u00a0\u00bb1\/4&Prime; offset=\u00a0\u00bbvc_col-lg-2 vc_col-md-2 vc_col-xs-4&Prime;][vc_single_image image=\u00a0\u00bb7023&Prime; img_size=\u00a0\u00bbfull\u00a0\u00bb css=\u00a0\u00bb.vc_custom_1731582168302{margin-bottom: 32px !important;border-top-width: 0px !important;padding-top: 32px !important;border-top-style: solid !important;border-color: #ccdbe3 !important;}\u00a0\u00bb][\/vc_column][vc_column width=\u00a0\u00bb1\/4&Prime; offset=\u00a0\u00bbvc_col-lg-2 vc_col-md-2 vc_col-xs-4&Prime;][vc_single_image image=\u00a0\u00bb7026&Prime; img_size=\u00a0\u00bbfull\u00a0\u00bb css=\u00a0\u00bb.vc_custom_1731582176953{margin-bottom: 32px !important;border-top-width: 0px !important;padding-top: 32px !important;border-top-style: solid !important;border-color: #ccdbe3 !important;}\u00a0\u00bb][\/vc_column][vc_column width=\u00a0\u00bb1\/4&Prime; offset=\u00a0\u00bbvc_col-lg-2 vc_col-md-2 vc_col-xs-4&Prime;][vc_single_image image=\u00a0\u00bb7029&Prime; img_size=\u00a0\u00bbfull\u00a0\u00bb css=\u00a0\u00bb.vc_custom_1731582185279{margin-bottom: 32px !important;border-top-width: 0px !important;padding-top: 32px !important;border-top-style: solid !important;border-color: #ccdbe3 !important;}\u00a0\u00bb][\/vc_column][\/vc_row][\/vc_section]<\/p>\n<\/div>","protected":false},"excerpt":{"rendered":"<p>[vc_section full_width=\u00a0\u00bbstretch_row\u00a0\u00bb full_height=\u00a0\u00bbyes\u00a0\u00bb css=\u00a0\u00bb.vc_custom_1733742782883{margin-top: 0px !important;margin-bottom: 80px !important;background-image: url(https:\/\/casaatlantica.es\/wp-content\/uploads\/2024\/12\/rio-minho-ca.jpg?id=54960) !important;background-position: center !important;background-repeat: no-repeat !important;background-size: cover !important;}\u00a0\u00bb el_class=\u00a0\u00bbtopbanner\u00a0\u00bb][vc_row][vc_column width=\u00a0\u00bb2\/3&Prime; offset=\u00a0\u00bbvc_col-lg-6 vc_col-md-6&Prime;][vc_column_text css=\u00a0\u00bb.vc_custom_1733862894421{margin-bottom: 56px !important;}\u00a0\u00bb el_class=\u00a0\u00bbpaginatop\u00a0\u00bb] Nos produits ont atteint la moiti\u00e9 du monde, mais notre essence reste aussi authentique qu&rsquo;au d\u00e9but.\u2028\u00c0 partir de la tradition, des souvenirs d&rsquo;enfance dans notre village et du savoir-faire artisanal, nous&hellip;<\/p>\n","protected":false},"author":1,"featured_media":0,"parent":0,"menu_order":0,"comment_status":"closed","ping_status":"closed","template":"","meta":{"_acf_changed":false,"footnotes":""},"class_list":["post-40699","page","type-page","status-publish","hentry","description-off"],"acf":[],"jetpack_sharing_enabled":true,"_links":{"self":[{"href":"https:\/\/casaatlantica.es\/fr\/wp-json\/wp\/v2\/pages\/40699","targetHints":{"allow":["GET"]}}],"collection":[{"href":"https:\/\/casaatlantica.es\/fr\/wp-json\/wp\/v2\/pages"}],"about":[{"href":"https:\/\/casaatlantica.es\/fr\/wp-json\/wp\/v2\/types\/page"}],"author":[{"embeddable":true,"href":"https:\/\/casaatlantica.es\/fr\/wp-json\/wp\/v2\/users\/1"}],"replies":[{"embeddable":true,"href":"https:\/\/casaatlantica.es\/fr\/wp-json\/wp\/v2\/comments?post=40699"}],"version-history":[{"count":3,"href":"https:\/\/casaatlantica.es\/fr\/wp-json\/wp\/v2\/pages\/40699\/revisions"}],"predecessor-version":[{"id":55142,"href":"https:\/\/casaatlantica.es\/fr\/wp-json\/wp\/v2\/pages\/40699\/revisions\/55142"}],"wp:attachment":[{"href":"https:\/\/casaatlantica.es\/fr\/wp-json\/wp\/v2\/media?parent=40699"}],"curies":[{"name":"wp","href":"https:\/\/api.w.org\/{rel}","templated":true}]}}