{"id":40702,"date":"2024-07-03T09:52:10","date_gmt":"2024-07-03T07:52:10","guid":{"rendered":"https:\/\/casaatlantica.es\/profesionales\/"},"modified":"2026-01-13T13:26:17","modified_gmt":"2026-01-13T12:26:17","slug":"professionnels","status":"publish","type":"page","link":"https:\/\/casaatlantica.es\/fr\/professionnels\/","title":{"rendered":"Professionnels"},"content":{"rendered":"<div class=\"wpb-content-wrapper\"><p>[vc_section full_width=\u00a0\u00bbstretch_row\u00a0\u00bb full_height=\u00a0\u00bbyes\u00a0\u00bb css=\u00a0\u00bb.vc_custom_1732729571539{margin-top: 0px !important;background-image: url(https:\/\/casaatlantica.es\/wp-content\/uploads\/2024\/11\/img-profesionales.jpg?id=42941) !important;background-position: center !important;background-repeat: no-repeat !important;background-size: cover !important;}\u00a0\u00bb el_class=\u00a0\u00bbtopbanner\u00a0\u00bb][vc_row][vc_column width=\u00a0\u00bb2\/3&Prime; offset=\u00a0\u00bbvc_col-lg-6 vc_col-md-6&Prime;][vc_column_text css=\u00a0\u00bb.vc_custom_1733765278253{margin-bottom: 56px !important;}\u00a0\u00bb el_class=\u00a0\u00bbpaginatop\u00a0\u00bb]<\/p>\n<h4>Nos produits sont disponibles dans des <a href=\"https:\/\/casaatlantica.es\/fr\/ou-acheter\/\">boutiques<\/a> s\u00e9lectionn\u00e9es. Si vous \u00eates un magasin ou un professionnel et souhaitez acc\u00e9der \u00e0 notre catalogue de vente en gros, inscrivez-vous via ce <a href=\"https:\/\/casaatlantica.es\/fr\/mon-compte\/\">lien<\/a>.<\/h4>\n<p>&nbsp;<\/p>\n<p>Une fois votre inscription trait\u00e9e, envoyez-nous un e-mail \u00e0 <a rel=\"noopener\">info@casaatlantica.es<\/a>, et nous vous donnerons acc\u00e8s au catalogue avec des conditions sp\u00e9ciales.[\/vc_column_text][\/vc_column][vc_column width=\u00a0\u00bb1\/2&Prime;][\/vc_column][\/vc_row][\/vc_section][vc_section el_id=\u00a0\u00bbcollaborations\u00a0\u00bb][vc_row el_class=\u00a0\u00bbmarginblog\u00a0\u00bb][vc_column width=\u00a0\u00bb1\/12&Prime;][\/vc_column][vc_column width=\u00a0\u00bb5\/6&Prime;][vc_column_text css=\u00a0\u00bb\u00a0\u00bb]<\/p>\n<h1 class=\"hblog\" style=\"text-align: center;\">Collaborations<\/h1>\n<p>[\/vc_column_text][vc_column_text css=\u00a0\u00bb\u00a0\u00bb]<\/p>\n<h3 class=\"hblog\" style=\"text-align: center;\">Nous cr\u00e9ons des pi\u00e8ces sur mesure pour des projets d&rsquo;architecture et de design d&rsquo;int\u00e9rieur.<\/h3>\n<p>[\/vc_column_text][\/vc_column][vc_column width=\u00a0\u00bb1\/12&Prime;][\/vc_column][\/vc_row][\/vc_section][vc_section][vc_row css=\u00a0\u00bb.vc_custom_1744648832893{margin-top: 0px !important;}\u00a0\u00bb][vc_column width=\u00a0\u00bb5\/12&Prime; offset=\u00a0\u00bbvc_hidden-xs\u00a0\u00bb][vc_single_image image=\u00a0\u00bb118023&Prime; img_size=\u00a0\u00bbfull\u00a0\u00bb css=\u00a0\u00bb\u00a0\u00bb][vc_row_inner][vc_column_inner offset=\u00a0\u00bbvc_col-lg-9 vc_col-md-12&Prime;][vc_column_text css=\u00a0\u00bb.vc_custom_1744711620436{margin-bottom: 0px !important;}\u00a0\u00bb]<\/p>\n<div style=\"height: 180px; display: flex; align-items: flex-end;\">\n<p class=\"textbig\">Nous collaborons avec des marques et des professionnels en qu\u00eate de quelque chose de plus que l\u2019ordinaire : mati\u00e8re, contexte et \u00e2me dans chaque projet.<\/p>\n<\/div>\n<p>[\/vc_column_text][\/vc_column_inner][vc_column_inner width=\u00a0\u00bb1\/12&Prime; offset=\u00a0\u00bbvc_col-lg-3 vc_col-md-3 vc_hidden-md vc_hidden-sm vc_hidden-xs\u00a0\u00bb][\/vc_column_inner][\/vc_row_inner][\/vc_column][vc_column width=\u00a0\u00bb7\/12&Prime; offset=\u00a0\u00bbvc_hidden-xs\u00a0\u00bb][vc_row_inner][vc_column_inner width=\u00a0\u00bb1\/4&Prime; offset=\u00a0\u00bbvc_col-lg-3 vc_col-md-3 vc_hidden-md vc_hidden-sm vc_hidden-xs\u00a0\u00bb][\/vc_column_inner][vc_column_inner offset=\u00a0\u00bbvc_col-lg-9 vc_col-md-12&Prime;][vc_column_text css=\u00a0\u00bb\u00a0\u00bb]<\/p>\n<div style=\"height: 180px; display: flex; align-items: flex-start;\">\n<p class=\"textbig\">Nous travaillons autour de deux axes principaux : des projets de vannerie contemporaine et la production de pi\u00e8ces en terre cuite sur mesure.<\/p>\n<\/div>\n<p>[\/vc_column_text][\/vc_column_inner][\/vc_row_inner][vc_single_image image=\u00a0\u00bb118017&Prime; img_size=\u00a0\u00bbfull\u00a0\u00bb css=\u00a0\u00bb\u00a0\u00bb][\/vc_column][\/vc_row][vc_row css=\u00a0\u00bb.vc_custom_1744649496034{margin-top: 0px !important;margin-bottom: 48px !important;}\u00a0\u00bb][vc_column offset=\u00a0\u00bbvc_hidden-lg vc_hidden-md vc_hidden-sm\u00a0\u00bb][vc_single_image image=\u00a0\u00bb118023&Prime; img_size=\u00a0\u00bbfull\u00a0\u00bb css=\u00a0\u00bb.vc_custom_1744648933426{margin-bottom: 48px !important;}\u00a0\u00bb][vc_column_text css=\u00a0\u00bb.vc_custom_1744711653479{margin-bottom: 48px !important;}\u00a0\u00bb]<\/p>\n<p class=\"textbig\">Nous travaillons autour de deux axes principaux : des projets de vannerie contemporaine et la production de pi\u00e8ces en terre cuite sur mesure.<\/p>\n<p>[\/vc_column_text][vc_single_image image=\u00a0\u00bb118017&Prime; img_size=\u00a0\u00bbfull\u00a0\u00bb css=\u00a0\u00bb.vc_custom_1744648988103{margin-bottom: 48px !important;}\u00a0\u00bb][vc_column_text css=\u00a0\u00bb.vc_custom_1744711683090{margin-bottom: 0px !important;}\u00a0\u00bb]<\/p>\n<p class=\"textbig\">Nous collaborons avec des marques et des professionnels en qu\u00eate de quelque chose de plus que l\u2019ordinaire : mati\u00e8re, contexte et \u00e2me dans chaque projet.<\/p>\n<p>[\/vc_column_text][\/vc_column][\/vc_row][\/vc_section][vc_section css=\u00a0\u00bb.vc_custom_1720535828664{margin-bottom: 48px !important;}\u00a0\u00bb][vc_row css=\u00a0\u00bb.vc_custom_1720196887560{margin-top: 0px !important;}\u00a0\u00bb][vc_column width=\u00a0\u00bb7\/12&Prime; offset=\u00a0\u00bbvc_hidden-xs\u00a0\u00bb][vc_single_image image=\u00a0\u00bb118014&Prime; img_size=\u00a0\u00bbfull\u00a0\u00bb css=\u00a0\u00bb\u00a0\u00bb][vc_column_text css=\u00a0\u00bb\u00a0\u00bb]<\/p>\n<p class=\"textsmall\">(Photo: www.loewe.com)<\/p>\n<p>[\/vc_column_text][vc_row_inner][vc_column_inner offset=\u00a0\u00bbvc_col-lg-9 vc_col-md-12&Prime;][vc_column_text css=\u00a0\u00bb.vc_custom_1744711778763{margin-bottom: 0px !important;}\u00a0\u00bb]<\/p>\n<div style=\"height: 180px; display: flex; align-items: flex-end;\">\n<p class=\"textbig\">\u00c9crivez-nous \u00e0 <a href=\"mailto:info@casaatlantica.es\" target=\"_blank\" rel=\"noopener\">info@casaatlantica.es<\/a> \u2014 nous vous aiderons \u00e0 concr\u00e9tiser vos id\u00e9es et \u00e0 cr\u00e9er des pi\u00e8ces personnalis\u00e9es et \u00e9l\u00e9gantes, adapt\u00e9es \u00e0 vos besoins.<\/p>\n<\/div>\n<p>[\/vc_column_text][\/vc_column_inner][vc_column_inner width=\u00a0\u00bb1\/12&Prime; offset=\u00a0\u00bbvc_col-lg-3 vc_col-md-3 vc_hidden-md vc_hidden-sm vc_hidden-xs\u00a0\u00bb][\/vc_column_inner][\/vc_row_inner][\/vc_column][vc_column width=\u00a0\u00bb5\/12&Prime; offset=\u00a0\u00bbvc_hidden-xs\u00a0\u00bb][vc_row_inner][vc_column_inner width=\u00a0\u00bb1\/4&Prime; offset=\u00a0\u00bbvc_col-lg-3 vc_col-md-3 vc_hidden-md vc_hidden-sm vc_hidden-xs\u00a0\u00bb][\/vc_column_inner][vc_column_inner offset=\u00a0\u00bbvc_col-lg-9 vc_col-md-12&Prime;][vc_column_text css=\u00a0\u00bb\u00a0\u00bb]<\/p>\n<div style=\"height: 180px; display: flex; align-items: flex-start;\">\n<p class=\"textbig\">Nous avons collabor\u00e9 avec des marques telles que Loewe, Puig, MoMA Design Store, Zara Home, ANS\u00d3N + BONET, entre autres.<\/p>\n<\/div>\n<p>[\/vc_column_text][\/vc_column_inner][\/vc_row_inner][vc_single_image image=\u00a0\u00bb118020&Prime; img_size=\u00a0\u00bbfull\u00a0\u00bb css=\u00a0\u00bb\u00a0\u00bb][vc_column_text css=\u00a0\u00bb\u00a0\u00bb]<\/p>\n<p class=\"textsmall\">(Photo: www.loewe.com)<\/p>\n<p>[\/vc_column_text][\/vc_column][\/vc_row][vc_row css=\u00a0\u00bb.vc_custom_1725010225561{margin-top: 0px !important;margin-bottom: 80px !important;}\u00a0\u00bb][vc_column offset=\u00a0\u00bbvc_hidden-lg vc_hidden-md vc_hidden-sm\u00a0\u00bb][vc_single_image image=\u00a0\u00bb118014&Prime; img_size=\u00a0\u00bbfull\u00a0\u00bb css=\u00a0\u00bb.vc_custom_1744649169842{margin-bottom: 0px !important;}\u00a0\u00bb][vc_column_text css=\u00a0\u00bb.vc_custom_1744711407524{margin-top: 24px !important;}\u00a0\u00bb]<\/p>\n<p class=\"textsmall\">(Photo: www.loewe.com)<\/p>\n<p>[\/vc_column_text][vc_column_text css=\u00a0\u00bb.vc_custom_1744711801445{margin-bottom: 48px !important;}\u00a0\u00bb]<\/p>\n<p class=\"textbig\">Nous avons collabor\u00e9 avec des marques telles que Loewe, Puig, MoMA Design Store, Zara Home, ANS\u00d3N + BONET, entre autres.<\/p>\n<p>[\/vc_column_text][vc_single_image image=\u00a0\u00bb118020&Prime; img_size=\u00a0\u00bbfull\u00a0\u00bb css=\u00a0\u00bb.vc_custom_1744649180964{margin-bottom: 0px !important;}\u00a0\u00bb][vc_column_text css=\u00a0\u00bb.vc_custom_1744711416198{margin-top: 24px !important;}\u00a0\u00bb]<\/p>\n<p class=\"textsmall\">(Photo: www.loewe.com)<\/p>\n<p>[\/vc_column_text][vc_column_text css=\u00a0\u00bb.vc_custom_1744711825388{margin-bottom: 0px !important;}\u00a0\u00bb]<\/p>\n<p class=\"textbig\">\u00c9crivez-nous \u00e0 <a href=\"mailto:info@casaatlantica.es\" target=\"_blank\" rel=\"noopener\">info@casaatlantica.es<\/a> \u2014 nous vous aiderons \u00e0 concr\u00e9tiser vos id\u00e9es et \u00e0 cr\u00e9er des pi\u00e8ces personnalis\u00e9es et \u00e9l\u00e9gantes, adapt\u00e9es \u00e0 vos besoins.<\/p>\n<p>[\/vc_column_text][\/vc_column][\/vc_row][\/vc_section]<\/p>\n<\/div>","protected":false},"excerpt":{"rendered":"<p>[vc_section full_width=\u00a0\u00bbstretch_row\u00a0\u00bb full_height=\u00a0\u00bbyes\u00a0\u00bb css=\u00a0\u00bb.vc_custom_1732729571539{margin-top: 0px !important;background-image: url(https:\/\/casaatlantica.es\/wp-content\/uploads\/2024\/11\/img-profesionales.jpg?id=42941) !important;background-position: center !important;background-repeat: no-repeat !important;background-size: cover !important;}\u00a0\u00bb el_class=\u00a0\u00bbtopbanner\u00a0\u00bb][vc_row][vc_column width=\u00a0\u00bb2\/3&Prime; offset=\u00a0\u00bbvc_col-lg-6 vc_col-md-6&Prime;][vc_column_text css=\u00a0\u00bb.vc_custom_1733765278253{margin-bottom: 56px !important;}\u00a0\u00bb el_class=\u00a0\u00bbpaginatop\u00a0\u00bb] Nos produits sont disponibles dans des boutiques s\u00e9lectionn\u00e9es. Si vous \u00eates un magasin ou un professionnel et souhaitez acc\u00e9der \u00e0 notre catalogue de vente en gros, inscrivez-vous via ce lien. &nbsp; Une fois&hellip;<\/p>\n","protected":false},"author":1,"featured_media":0,"parent":0,"menu_order":0,"comment_status":"closed","ping_status":"closed","template":"","meta":{"_acf_changed":false,"footnotes":""},"class_list":["post-40702","page","type-page","status-publish","hentry","description-off"],"acf":[],"jetpack_sharing_enabled":true,"_links":{"self":[{"href":"https:\/\/casaatlantica.es\/fr\/wp-json\/wp\/v2\/pages\/40702","targetHints":{"allow":["GET"]}}],"collection":[{"href":"https:\/\/casaatlantica.es\/fr\/wp-json\/wp\/v2\/pages"}],"about":[{"href":"https:\/\/casaatlantica.es\/fr\/wp-json\/wp\/v2\/types\/page"}],"author":[{"embeddable":true,"href":"https:\/\/casaatlantica.es\/fr\/wp-json\/wp\/v2\/users\/1"}],"replies":[{"embeddable":true,"href":"https:\/\/casaatlantica.es\/fr\/wp-json\/wp\/v2\/comments?post=40702"}],"version-history":[{"count":6,"href":"https:\/\/casaatlantica.es\/fr\/wp-json\/wp\/v2\/pages\/40702\/revisions"}],"predecessor-version":[{"id":159271,"href":"https:\/\/casaatlantica.es\/fr\/wp-json\/wp\/v2\/pages\/40702\/revisions\/159271"}],"wp:attachment":[{"href":"https:\/\/casaatlantica.es\/fr\/wp-json\/wp\/v2\/media?parent=40702"}],"curies":[{"name":"wp","href":"https:\/\/api.w.org\/{rel}","templated":true}]}}