{"id":40712,"date":"2024-11-13T17:21:10","date_gmt":"2024-11-13T17:21:10","guid":{"rendered":"https:\/\/casaatlantica.es\/marca-registrada\/"},"modified":"2024-11-28T14:23:59","modified_gmt":"2024-11-28T14:23:59","slug":"marque-deposee","status":"publish","type":"page","link":"https:\/\/casaatlantica.es\/fr\/marque-deposee\/","title":{"rendered":"Marque d\u00e9pos\u00e9e"},"content":{"rendered":"<div class=\"wpb-content-wrapper\"><p>[vc_section][vc_row el_class=\u00a0\u00bbmarginblog\u00a0\u00bb][vc_column width=\u00a0\u00bb1\/12&Prime;][\/vc_column][vc_column width=\u00a0\u00bb5\/6&Prime;][vc_column_text css=\u00a0\u00bb\u00a0\u00bb]<\/p>\n<h1 class=\"hblog\" style=\"text-align: center;\">Marque d\u00e9pos\u00e9e<\/h1>\n<p>[\/vc_column_text][\/vc_column][vc_column width=\u00a0\u00bb1\/12&Prime;][\/vc_column][\/vc_row][\/vc_section][vc_section][vc_row][vc_column][vc_column_text css=\u00a0\u00bb\u00a0\u00bb]CASA ATL\u00c2NTICA est une marque d\u00e9pos\u00e9e. Ce site web et tout son contenu, y compris les images, les dessins, les articles et les mat\u00e9riaux qui s&rsquo;y rapportent, sont prot\u00e9g\u00e9s par la propri\u00e9t\u00e9 intellectuelle et d&rsquo;autres lois.<\/p>\n<p>Lisez, d\u00e9couvrez, soyez inspir\u00e9s&#8230; mais ne nous copiez pas ! ;)[\/vc_column_text][\/vc_column][\/vc_row][\/vc_section]<\/p>\n<\/div>","protected":false},"excerpt":{"rendered":"<p>[vc_section][vc_row el_class=\u00a0\u00bbmarginblog\u00a0\u00bb][vc_column width=\u00a0\u00bb1\/12&Prime;][\/vc_column][vc_column width=\u00a0\u00bb5\/6&Prime;][vc_column_text css=\u00a0\u00bb\u00a0\u00bb] Marque d\u00e9pos\u00e9e [\/vc_column_text][\/vc_column][vc_column width=\u00a0\u00bb1\/12&Prime;][\/vc_column][\/vc_row][\/vc_section][vc_section][vc_row][vc_column][vc_column_text css=\u00a0\u00bb\u00a0\u00bb]CASA ATL\u00c2NTICA est une marque d\u00e9pos\u00e9e. Ce site web et tout son contenu, y compris les images, les dessins, les articles et les mat\u00e9riaux qui s&rsquo;y rapportent, sont prot\u00e9g\u00e9s par la propri\u00e9t\u00e9 intellectuelle et d&rsquo;autres lois. Lisez, d\u00e9couvrez, soyez inspir\u00e9s&#8230; mais ne nous copiez pas !&hellip;<\/p>\n","protected":false},"author":1,"featured_media":0,"parent":0,"menu_order":0,"comment_status":"closed","ping_status":"closed","template":"","meta":{"_acf_changed":false,"footnotes":""},"class_list":["post-40712","page","type-page","status-publish","hentry","description-off"],"acf":[],"jetpack_sharing_enabled":true,"_links":{"self":[{"href":"https:\/\/casaatlantica.es\/fr\/wp-json\/wp\/v2\/pages\/40712","targetHints":{"allow":["GET"]}}],"collection":[{"href":"https:\/\/casaatlantica.es\/fr\/wp-json\/wp\/v2\/pages"}],"about":[{"href":"https:\/\/casaatlantica.es\/fr\/wp-json\/wp\/v2\/types\/page"}],"author":[{"embeddable":true,"href":"https:\/\/casaatlantica.es\/fr\/wp-json\/wp\/v2\/users\/1"}],"replies":[{"embeddable":true,"href":"https:\/\/casaatlantica.es\/fr\/wp-json\/wp\/v2\/comments?post=40712"}],"version-history":[{"count":3,"href":"https:\/\/casaatlantica.es\/fr\/wp-json\/wp\/v2\/pages\/40712\/revisions"}],"predecessor-version":[{"id":42976,"href":"https:\/\/casaatlantica.es\/fr\/wp-json\/wp\/v2\/pages\/40712\/revisions\/42976"}],"wp:attachment":[{"href":"https:\/\/casaatlantica.es\/fr\/wp-json\/wp\/v2\/media?parent=40712"}],"curies":[{"name":"wp","href":"https:\/\/api.w.org\/{rel}","templated":true}]}}