{"id":42753,"date":"2024-11-25T11:26:32","date_gmt":"2024-11-25T10:26:32","guid":{"rendered":"https:\/\/casaatlantica.es\/envios-y-devoluciones\/"},"modified":"2026-04-20T14:58:14","modified_gmt":"2026-04-20T12:58:14","slug":"expedition-et-retours","status":"publish","type":"page","link":"https:\/\/casaatlantica.es\/fr\/expedition-et-retours\/","title":{"rendered":"Exp\u00e9dition et retours"},"content":{"rendered":"<div class=\"wpb-content-wrapper\"><p>[vc_section][vc_row el_class=\u00a0\u00bbmarginblog\u00a0\u00bb][vc_column width=\u00a0\u00bb1\/12&Prime;][\/vc_column][vc_column width=\u00a0\u00bb5\/6&Prime;][vc_column_text css=\u00a0\u00bb\u00a0\u00bb]<\/p>\n<h1 class=\"hblog\" style=\"text-align: center;\">Exp\u00e9dition et retours<\/h1>\n<p>[\/vc_column_text][\/vc_column][vc_column width=\u00a0\u00bb1\/12&Prime;][\/vc_column][\/vc_row][\/vc_section][vc_section][vc_row][vc_column][vc_column_text css=\u00a0\u00bb\u00a0\u00bb]<\/p>\n<h4>Combien de temps faut-il pour recevoir ma commande ?<\/h4>\n<p>Si vous vivez dans la p\u00e9ninsule ib\u00e9rique, votre commande arrivera dans un d\u00e9lai de 72 heures ouvrables \u00e0 partir du lendemain de votre achat. Si vous vivez dans un pays de l&rsquo;Union europ\u00e9enne autre que l&rsquo;Espagne ou le Portugal, cela peut prendre environ 7 jours ouvrables.<\/p>\n<p>&nbsp;<\/p>\n<h4>Que dois-je faire si je n&rsquo;ai pas re\u00e7u ma commande ?<\/h4>\n<p>Vous pouvez nous \u00e9crire \u00e0 l&rsquo;adresse suivante : info@casaatlantica.es<\/p>\n<p>&nbsp;<\/p>\n<h4>Que dois-je faire si le produit n&rsquo;est pas celui que j&rsquo;attendais et que je veux le retourner ?<\/h4>\n<p>Contactez-nous, dites-nous pourquoi et vous aurez 15 jours pour nous envoyer le produit. Les frais d&rsquo;exp\u00e9dition sont \u00e0 votre charge.<\/p>\n<p>&nbsp;<\/p>\n<h4>Que faire si le produit arrive endommag\u00e9 ou incorrect ?<\/h4>\n<p>Une fois l\u2019\u00e9tat du produit v\u00e9rifi\u00e9 par photos, CASA ATLANTICA prendra en charge les frais de retour. Vous recevrez un e-mail contenant une \u00e9tiquette de retour \u00e0 coller sur le colis.<\/p>\n<p>&nbsp;<\/p>\n<h4>Combien de temps faut-il pour recevoir mon remboursement ?<\/h4>\n<p>Votre remboursement sera effectu\u00e9 dans un d\u00e9lai de 15 jours.<\/p>\n<p>&nbsp;<\/p>\n<h4>Puis-je retourner seulement une partie de ma commande ?<\/h4>\n<p>Vous disposez d\u2019un maximum de 15 jours pour retourner le produit \u00e0 compter de la date de r\u00e9ception..<\/p>\n<p>&nbsp;<\/p>\n<h4>Combien de jours ai-je pour retourner mon produit ?<\/h4>\n<p>Tienes un m\u00e1ximo de 15 d\u00edas para devolver el producto desde el d\u00eda que lo recibiste.<\/p>\n<p>&nbsp;<\/p>\n<h4>Dans quelles conditions le produit doit-il \u00eatre retourn\u00e9 ?<\/h4>\n<p>Le produit doit \u00eatre retourn\u00e9 dans son emballage d&rsquo;origine et dans le m\u00eame \u00e9tat qu&rsquo;\u00e0 la r\u00e9ception. Un produit utilis\u00e9, endommag\u00e9 ou sans emballage ne sera pas accept\u00e9 en retour.<\/p>\n<p>&nbsp;<\/p>\n<h4>Que signifie le statut \u201cen attente\u201d pour ma commande ?<\/h4>\n<p>Cela signifie que votre produit est en cours de pr\u00e9paration pour l&rsquo;exp\u00e9dition.<\/p>\n<p>&nbsp;<\/p>\n<h4>Quels modes de paiement acceptez-vous ?<\/h4>\n<p>Vous pouvez payer par carte (Visa ou MasterCard), virement bancaire, PayPal, et nous proposons \u00e9galement un paiement en plusieurs fois sans int\u00e9r\u00eats via Klarna.<\/p>\n<p>&nbsp;<\/p>\n<h4>O\u00f9 livrez-vous ?<\/h4>\n<p>Nous livrons en Espagne (p\u00e9ninsule et \u00eeles Bal\u00e9ares), en Europe, aux \u00c9tats-Unis et au Canada.[\/vc_column_text][\/vc_column][\/vc_row][\/vc_section]<\/p>\n<\/div>","protected":false},"excerpt":{"rendered":"<p>[vc_section][vc_row el_class=\u00a0\u00bbmarginblog\u00a0\u00bb][vc_column width=\u00a0\u00bb1\/12&Prime;][\/vc_column][vc_column width=\u00a0\u00bb5\/6&Prime;][vc_column_text css=\u00a0\u00bb\u00a0\u00bb] Exp\u00e9dition et retours [\/vc_column_text][\/vc_column][vc_column width=\u00a0\u00bb1\/12&Prime;][\/vc_column][\/vc_row][\/vc_section][vc_section][vc_row][vc_column][vc_column_text css=\u00a0\u00bb\u00a0\u00bb] Combien de temps faut-il pour recevoir ma commande ? Si vous vivez dans la p\u00e9ninsule ib\u00e9rique, votre commande arrivera dans un d\u00e9lai de 72 heures ouvrables \u00e0 partir du lendemain de votre achat. Si vous vivez dans un pays de l&rsquo;Union europ\u00e9enne autre que&hellip;<\/p>\n","protected":false},"author":1,"featured_media":0,"parent":0,"menu_order":0,"comment_status":"closed","ping_status":"closed","template":"","meta":{"_acf_changed":false,"footnotes":""},"class_list":["post-42753","page","type-page","status-publish","hentry","description-off"],"acf":[],"jetpack_sharing_enabled":true,"_links":{"self":[{"href":"https:\/\/casaatlantica.es\/fr\/wp-json\/wp\/v2\/pages\/42753","targetHints":{"allow":["GET"]}}],"collection":[{"href":"https:\/\/casaatlantica.es\/fr\/wp-json\/wp\/v2\/pages"}],"about":[{"href":"https:\/\/casaatlantica.es\/fr\/wp-json\/wp\/v2\/types\/page"}],"author":[{"embeddable":true,"href":"https:\/\/casaatlantica.es\/fr\/wp-json\/wp\/v2\/users\/1"}],"replies":[{"embeddable":true,"href":"https:\/\/casaatlantica.es\/fr\/wp-json\/wp\/v2\/comments?post=42753"}],"version-history":[{"count":5,"href":"https:\/\/casaatlantica.es\/fr\/wp-json\/wp\/v2\/pages\/42753\/revisions"}],"predecessor-version":[{"id":166853,"href":"https:\/\/casaatlantica.es\/fr\/wp-json\/wp\/v2\/pages\/42753\/revisions\/166853"}],"wp:attachment":[{"href":"https:\/\/casaatlantica.es\/fr\/wp-json\/wp\/v2\/media?parent=42753"}],"curies":[{"name":"wp","href":"https:\/\/api.w.org\/{rel}","templated":true}]}}