{"id":104272,"date":"2025-03-23T19:55:48","date_gmt":"2025-03-23T18:55:48","guid":{"rendered":"https:\/\/casaatlantica.es\/?post_type=product&#038;p=104272"},"modified":"2026-02-11T17:44:08","modified_gmt":"2026-02-11T16:44:08","slug":"producto-lampe-suspendue-en-terre-cuite-emaille-creste-jaune","status":"publish","type":"product","link":"https:\/\/casaatlantica.es\/fr\/producto\/producto-lampe-suspendue-en-terre-cuite-emaille-creste-jaune\/","title":{"rendered":"Creste &#8211; jaune"},"content":{"rendered":"<h3 class=\"titprod\">Lampe de plafond en terre cuite \u00e9maill\u00e9e jaune<\/h3>\n<p class=\"p1\">Lampe de plafond en terre cuite \u00e9maill\u00e9e jaune fabriqu\u00e9e \u00e0 la main avec un design artisanal inspir\u00e9 des formes navales. Id\u00e9ale pour cr\u00e9er des ambiances chaleureuses et uniques.<\/p>\n<p class=\"p1\">Cette lampe est enti\u00e8rement fabriqu\u00e9e de mani\u00e8re artisanale dans un atelier sp\u00e9cialis\u00e9, en utilisant des techniques traditionnelles de tour de potier. La terre cuite est soigneusement fa\u00e7onn\u00e9e \u00e0 la main et cuite \u00e0 haute temp\u00e9rature pour garantir une finition r\u00e9sistante et durable. Inspir\u00e9e par les anciens effets navals, cette pi\u00e8ce unique est le fruit d&rsquo;une collaboration avec Jo\u00e3o Louren\u00e7o et \u00ab\u00a0as redeiras da Guarda\u00a0\u00bb, qui apportent leur expertise en design.<\/p>\n<div class=\"spacer\"><\/div>\n<p class=\"p1\"><strong>MAT\u00c9RIAU<\/strong> Argile, c\u00e2ble \u00e9lectrique recouvert de tissu beige (120 cm de long) cordon en cuir.<\/p>\n<p class=\"p1\"><strong>DIMENSIONS<\/strong> Lampe : 24 x 24 x 28 cm.<\/p>\n<p class=\"p1\"><strong>CONTENU<\/strong> 1 lampe<\/p>\n<div class=\"spacer\"><\/div>\n<p class=\"p1\"><em>Ce produit est artisanal ; la couleur et la finition peuvent l\u00e9g\u00e8rement varier par rapport aux pi\u00e8ces pr\u00e9sent\u00e9es sur la photo.<\/em><\/p>\n","protected":false},"excerpt":{"rendered":"<p style=\"text-transform: uppercase;\">Lampe de plafond en terre cuite \u00e9maill\u00e9e jaune<\/p>\n","protected":false},"featured_media":132541,"template":"","meta":{"_acf_changed":false},"product_brand":[],"product_cat":[3877,4018],"product_tag":[4278,4294,4282,4284,4290,4312],"class_list":{"0":"post-104272","1":"product","2":"type-product","3":"status-publish","4":"has-post-thumbnail","6":"product_cat-lampes","7":"product_cat-plafonniers-en-ceramique","8":"product_tag-lampe-artisanale","9":"product_tag-lampe-emaillee-jaune","10":"product_tag-lampe-suspendue","11":"product_tag-lampe-suspendue-en-argile","12":"product_tag-lampe-suspendue-terracotta","13":"product_tag-plafonnier-en-argile-emaillee","14":"product_shipping_class-categoria-3-fr","15":"pa_dibujo-lisa-amarilla","16":"pa_dibujo-rayas-amarilla","17":"description-off","19":"first","20":"instock","21":"taxable","22":"shipping-taxable","23":"purchasable","24":"product-type-variable"},"acf":[],"jetpack_sharing_enabled":true,"_links":{"self":[{"href":"https:\/\/casaatlantica.es\/fr\/wp-json\/wp\/v2\/product\/104272","targetHints":{"allow":["GET"]}}],"collection":[{"href":"https:\/\/casaatlantica.es\/fr\/wp-json\/wp\/v2\/product"}],"about":[{"href":"https:\/\/casaatlantica.es\/fr\/wp-json\/wp\/v2\/types\/product"}],"wp:featuredmedia":[{"embeddable":true,"href":"https:\/\/casaatlantica.es\/fr\/wp-json\/wp\/v2\/media\/132541"}],"wp:attachment":[{"href":"https:\/\/casaatlantica.es\/fr\/wp-json\/wp\/v2\/media?parent=104272"}],"wp:term":[{"taxonomy":"product_brand","embeddable":true,"href":"https:\/\/casaatlantica.es\/fr\/wp-json\/wp\/v2\/product_brand?post=104272"},{"taxonomy":"product_cat","embeddable":true,"href":"https:\/\/casaatlantica.es\/fr\/wp-json\/wp\/v2\/product_cat?post=104272"},{"taxonomy":"product_tag","embeddable":true,"href":"https:\/\/casaatlantica.es\/fr\/wp-json\/wp\/v2\/product_tag?post=104272"}],"curies":[{"name":"wp","href":"https:\/\/api.w.org\/{rel}","templated":true}]}}