{"id":117364,"date":"2025-04-11T08:26:03","date_gmt":"2025-04-11T06:26:03","guid":{"rendered":"https:\/\/casaatlantica.es\/?post_type=product&#038;p=117364"},"modified":"2026-02-11T17:42:36","modified_gmt":"2026-02-11T16:42:36","slug":"lampe-suspendue-en-argile-emaille-brun-lola","status":"publish","type":"product","link":"https:\/\/casaatlantica.es\/fr\/producto\/lampe-suspendue-en-argile-emaille-brun-lola\/","title":{"rendered":"Lola &#8211; brun"},"content":{"rendered":"<h3 class=\"titprod\">Lampe Suspendue en Argile \u00c9maill\u00e9e Brun<\/h3>\n<p class=\"p1\">La combinaison de formes simples et de mat\u00e9riaux uniques fait de cette lampe suspendue une pi\u00e8ce authentiquement artisanale. Fabriqu\u00e9e en argile r\u00e9fractaire avec des \u00e9clats de mica, cette lampe offre une texture et une finition qui en font un \u00e9l\u00e9ment d\u00e9coratif original et plein de caract\u00e8re.<\/p>\n<p class=\"p1\">Chaque lampe est enti\u00e8rement r\u00e9alis\u00e9e \u00e0 la main sur un tour de potier. En raison de la complexit\u00e9 du design, un processus en plusieurs \u00e9tapes est n\u00e9cessaire pour garantir une finition impeccable et unique.<\/p>\n<div class=\"spacer\"><\/div>\n<p class=\"p1\"><strong>MAT\u00c9RIAU<\/strong> Argile \u00e9maill\u00e9e. C\u00e2ble \u00e9lectrique de 1,2 m de long. Finition en cuir.<\/p>\n<p class=\"p1\"><strong>DIMENSIONS<\/strong> Lampe : 16 x 16 x 20 cm.<\/p>\n<p class=\"p1\"><strong>CONTENU<\/strong> 1 lampe<\/p>\n<div class=\"spacer\"><\/div>\n<p class=\"p1\"><em>Ce produit est artisanal ; la couleur et la finition peuvent varier.<\/em><\/p>\n","protected":false},"excerpt":{"rendered":"<p style=\"text-transform: uppercase\">Lampe Suspendue en Argile \u00c9maill\u00e9e Brun<\/p>\n","protected":false},"featured_media":17714,"template":"","meta":{"_acf_changed":false},"product_brand":[],"product_cat":[3877,4018],"product_tag":[4278,4282,4284,4286,4308],"class_list":{"0":"post-117364","1":"product","2":"type-product","3":"status-publish","4":"has-post-thumbnail","6":"product_cat-lampes","7":"product_cat-plafonniers-en-ceramique","8":"product_tag-lampe-artisanale","9":"product_tag-lampe-suspendue","10":"product_tag-lampe-suspendue-en-argile","11":"product_tag-lampe-suspendue-en-argile-emaillee","12":"product_tag-plafonnier","13":"product_shipping_class-categoria-0-fr","14":"pa_color-marron-fr","15":"description-off","17":"first","18":"outofstock","19":"taxable","20":"shipping-taxable","21":"purchasable","22":"product-type-simple"},"acf":[],"jetpack_sharing_enabled":true,"_links":{"self":[{"href":"https:\/\/casaatlantica.es\/fr\/wp-json\/wp\/v2\/product\/117364","targetHints":{"allow":["GET"]}}],"collection":[{"href":"https:\/\/casaatlantica.es\/fr\/wp-json\/wp\/v2\/product"}],"about":[{"href":"https:\/\/casaatlantica.es\/fr\/wp-json\/wp\/v2\/types\/product"}],"wp:featuredmedia":[{"embeddable":true,"href":"https:\/\/casaatlantica.es\/fr\/wp-json\/wp\/v2\/media\/17714"}],"wp:attachment":[{"href":"https:\/\/casaatlantica.es\/fr\/wp-json\/wp\/v2\/media?parent=117364"}],"wp:term":[{"taxonomy":"product_brand","embeddable":true,"href":"https:\/\/casaatlantica.es\/fr\/wp-json\/wp\/v2\/product_brand?post=117364"},{"taxonomy":"product_cat","embeddable":true,"href":"https:\/\/casaatlantica.es\/fr\/wp-json\/wp\/v2\/product_cat?post=117364"},{"taxonomy":"product_tag","embeddable":true,"href":"https:\/\/casaatlantica.es\/fr\/wp-json\/wp\/v2\/product_tag?post=117364"}],"curies":[{"name":"wp","href":"https:\/\/api.w.org\/{rel}","templated":true}]}}