{"id":120086,"date":"2025-11-07T14:22:19","date_gmt":"2025-11-07T13:22:19","guid":{"rendered":"https:\/\/casaatlantica.es\/?post_type=product&#038;p=120086"},"modified":"2025-11-08T16:55:17","modified_gmt":"2025-11-08T15:55:17","slug":"pot-en-argile-emaillee-vert-ugo","status":"publish","type":"product","link":"https:\/\/casaatlantica.es\/fr\/producto\/pot-en-argile-emaillee-vert-ugo\/","title":{"rendered":"Ugo &#8211; vert"},"content":{"rendered":"<h3 class=\"titprod\">Pot en argile \u00e9maill\u00e9e vert<\/h3>\n<p class=\"p1\">Pot en argile rouge partiellement engob\u00e9 de blanc et \u00e9maill\u00e9 de vert, fabriqu\u00e9 \u00e0 la main. Livr\u00e9 avec une soucoupe en argile pour recueillir l\u2019eau, id\u00e9al pour une d\u00e9coration fonctionnelle et durable.<\/p>\n<p class=\"p1\">Chaque cache-pot pr\u00e9sente une finition unique, fruit du hasard et du savoir-faire artisanal.<br \/>\nLa pi\u00e8ce est r\u00e9alis\u00e9e par la superposition al\u00e9atoire et manuelle d\u2019un engobe blanc, d\u2019un \u00e9mail transparent et de l\u2019argile brute. Ce proc\u00e9d\u00e9 donne naissance \u00e0 des motifs abstraits et verticaux, ainsi qu\u2019\u00e0 des couleurs issues des combinaisons entre l\u2019argile, l\u2019engobe et l\u2019\u00e9mail. L\u2019\u00e9maillage final offre une finition brillante et r\u00e9sistante, qui prot\u00e8ge la pi\u00e8ce et met en valeur son esth\u00e9tique contemporaine.<\/p>\n<p class=\"p1\">Casa Atl\u00e2ntica les fabrique de mani\u00e8re artisanale et respectueuse de l\u2019environnement dans des ateliers locaux. Chaque pi\u00e8ce est unique et poss\u00e8de une esth\u00e9tique propre.<\/p>\n<div class=\"spacer\"><\/div>\n<p class=\"p1\"><strong>MAT\u00c9RIAU<\/strong> Argille \u00e9maill\u00e9e.<\/p>\n<p class=\"p1\"><strong>DIMENSIONS<\/strong> Pot moyen : 18 x 18 x 19 cm.<\/p>\n<p class=\"p1\"><strong>CONTENU<\/strong> 1 pot en terre cuite et 1 soucoupe.<\/p>\n<div class=\"spacer\"><\/div>\n<p class=\"p1\"><em>Ce produit est artisanal, la couleur et la finition peuvent varier l\u00e9g\u00e8rement par rapport \u00e0 la photo.<\/em><\/p>\n","protected":false},"excerpt":{"rendered":"<p style=\"text-transform: uppercase;\">Pot en argile \u00e9maill\u00e9e vert<\/p>\n","protected":false},"featured_media":120265,"template":"","meta":{"_acf_changed":false},"product_brand":[],"product_cat":[3987,3900],"product_tag":[4209],"class_list":{"0":"post-120086","1":"product","2":"type-product","3":"status-publish","4":"has-post-thumbnail","6":"product_cat-pots-en-argile","7":"product_cat-produits-phares","8":"product_tag-pots-en-argile","9":"product_shipping_class-categoria-2-fr","10":"pa_color-verde-fr","11":"description-off","13":"first","14":"instock","15":"taxable","16":"shipping-taxable","17":"purchasable","18":"product-type-simple"},"acf":[],"jetpack_sharing_enabled":true,"_links":{"self":[{"href":"https:\/\/casaatlantica.es\/fr\/wp-json\/wp\/v2\/product\/120086","targetHints":{"allow":["GET"]}}],"collection":[{"href":"https:\/\/casaatlantica.es\/fr\/wp-json\/wp\/v2\/product"}],"about":[{"href":"https:\/\/casaatlantica.es\/fr\/wp-json\/wp\/v2\/types\/product"}],"wp:featuredmedia":[{"embeddable":true,"href":"https:\/\/casaatlantica.es\/fr\/wp-json\/wp\/v2\/media\/120265"}],"wp:attachment":[{"href":"https:\/\/casaatlantica.es\/fr\/wp-json\/wp\/v2\/media?parent=120086"}],"wp:term":[{"taxonomy":"product_brand","embeddable":true,"href":"https:\/\/casaatlantica.es\/fr\/wp-json\/wp\/v2\/product_brand?post=120086"},{"taxonomy":"product_cat","embeddable":true,"href":"https:\/\/casaatlantica.es\/fr\/wp-json\/wp\/v2\/product_cat?post=120086"},{"taxonomy":"product_tag","embeddable":true,"href":"https:\/\/casaatlantica.es\/fr\/wp-json\/wp\/v2\/product_tag?post=120086"}],"curies":[{"name":"wp","href":"https:\/\/api.w.org\/{rel}","templated":true}]}}