{"id":136123,"date":"2025-07-10T12:00:52","date_gmt":"2025-07-10T10:00:52","guid":{"rendered":"https:\/\/casaatlantica.es\/?post_type=product&#038;p=136123"},"modified":"2025-07-18T12:32:45","modified_gmt":"2025-07-18T10:32:45","slug":"support-pots-fleurs-bois-s-breo","status":"publish","type":"product","link":"https:\/\/casaatlantica.es\/fr\/producto\/support-pots-fleurs-bois-s-breo\/","title":{"rendered":"Breo &#8211; S"},"content":{"rendered":"<h3 class=\"titprod\">Support pour pots en bois<\/h3>\n<p class=\"p1\">Support en bois fabriqu\u00e9 \u00e0 partir de tiges de pin galicien (pin du pays), enti\u00e8rement r\u00e9alis\u00e9 dans notre atelier. Dans son design, nous combinons des techniques de menuiserie et de vannerie ; ses assemblages rappellent les cabanes ancestrales, o\u00f9 des cordes ou des fibres naturelles \u00e9taient utilis\u00e9es pour assembler poutres et poteaux.<\/p>\n<p class=\"p1\">Disponible en deux tailles, sa largeur est id\u00e9ale pour nos cache-pots M. C\u2019est l\u2019accessoire parfait pour mettre en valeur vos plantes.<\/p>\n<div class=\"spacer\"><\/div>\n<p class=\"p1\"><strong>MAT\u00c9RIAU<\/strong> Pin galicien et lani\u00e8re en cuir.<\/p>\n<p class=\"p1\"><strong>DIMENSIONS<\/strong> Support petit : 26 x 26 x 23 cm.<\/p>\n<p class=\"p1\"><strong>CONTENU<\/strong> 1 support en bois.<\/p>\n<div class=\"spacer\"><\/div>\n<p class=\"p1\"><em>Il s&rsquo;agit d&rsquo;un produit artisanal, la couleur et la finition peuvent l\u00e9g\u00e8rement varier par rapport aux pi\u00e8ces pr\u00e9sent\u00e9es sur la photo.<\/em><\/p>\n","protected":false},"excerpt":{"rendered":"<p style=\"text-transform: uppercase\">Support pour pots de fleurs en bois et lani\u00e8re en cuir<\/p>\n","protected":false},"featured_media":137786,"template":"","meta":{"_acf_changed":false},"product_brand":[],"product_cat":[3987,3900],"product_tag":[4209],"class_list":{"0":"post-136123","1":"product","2":"type-product","3":"status-publish","4":"has-post-thumbnail","6":"product_cat-pots-en-argile","7":"product_cat-produits-phares","8":"product_tag-pots-en-argile","9":"product_shipping_class-categoria-2-fr","10":"description-off","12":"first","13":"instock","14":"taxable","15":"shipping-taxable","16":"purchasable","17":"product-type-simple"},"acf":[],"jetpack_sharing_enabled":true,"_links":{"self":[{"href":"https:\/\/casaatlantica.es\/fr\/wp-json\/wp\/v2\/product\/136123","targetHints":{"allow":["GET"]}}],"collection":[{"href":"https:\/\/casaatlantica.es\/fr\/wp-json\/wp\/v2\/product"}],"about":[{"href":"https:\/\/casaatlantica.es\/fr\/wp-json\/wp\/v2\/types\/product"}],"wp:featuredmedia":[{"embeddable":true,"href":"https:\/\/casaatlantica.es\/fr\/wp-json\/wp\/v2\/media\/137786"}],"wp:attachment":[{"href":"https:\/\/casaatlantica.es\/fr\/wp-json\/wp\/v2\/media?parent=136123"}],"wp:term":[{"taxonomy":"product_brand","embeddable":true,"href":"https:\/\/casaatlantica.es\/fr\/wp-json\/wp\/v2\/product_brand?post=136123"},{"taxonomy":"product_cat","embeddable":true,"href":"https:\/\/casaatlantica.es\/fr\/wp-json\/wp\/v2\/product_cat?post=136123"},{"taxonomy":"product_tag","embeddable":true,"href":"https:\/\/casaatlantica.es\/fr\/wp-json\/wp\/v2\/product_tag?post=136123"}],"curies":[{"name":"wp","href":"https:\/\/api.w.org\/{rel}","templated":true}]}}