{"id":137834,"date":"2025-07-18T12:01:56","date_gmt":"2025-07-18T10:01:56","guid":{"rendered":"https:\/\/casaatlantica.es\/?post_type=product&#038;p=137834"},"modified":"2025-07-18T12:29:11","modified_gmt":"2025-07-18T10:29:11","slug":"suspensions-pots-s-sibila","status":"publish","type":"product","link":"https:\/\/casaatlantica.es\/fr\/producto\/suspensions-pots-s-sibila\/","title":{"rendered":"Sibila &#8211; S"},"content":{"rendered":"<h3 class=\"titprod\">Suspensions pour pots en seagrass<\/h3>\n<p class=\"p1\">Suspensions fabriqu\u00e9es en seagrass, avec des d\u00e9tails en cuir teint\u00e9 vert et des rivets m\u00e9talliques. Leur design met en valeur la simplicit\u00e9, la combinaison de mat\u00e9riaux et une palette de couleurs inspir\u00e9e de la nature. Elles rehaussent, soulignent et embellissent vos plantes avec un geste simple et naturel.<\/p>\n<p class=\"p1\">Leur taille est con\u00e7ue pour s&rsquo;adapter parfaitement \u00e0 nos cache-pots.<\/p>\n<div class=\"spacer\"><\/div>\n<p class=\"p1\"><strong>MAT\u00c9RIAU<\/strong> Seagrass et cuir teint\u00e9.<\/p>\n<p class=\"p1\"><strong>DIMENSIONS<\/strong> Suspension petit : 70 x 18 x 18\u00a0cm.<\/p>\n<p class=\"p1\"><strong>CONTENU<\/strong> 1 suspension en seagrass.<\/p>\n<div class=\"spacer\"><\/div>\n<p class=\"p1\"><em>Il s&rsquo;agit d&rsquo;un produit artisanal, la couleur et la finition peuvent l\u00e9g\u00e8rement varier par rapport aux pi\u00e8ces pr\u00e9sent\u00e9es sur la photo.<\/em><\/p>\n","protected":false},"excerpt":{"rendered":"<p style=\"text-transform: uppercase;\">Suspension petit pour pots en seagrass et cuir teint\u00e9 vert<\/p>\n","protected":false},"featured_media":137828,"template":"","meta":{"_acf_changed":false},"product_brand":[],"product_cat":[3987,4009],"product_tag":[4209],"class_list":{"0":"post-137834","1":"product","2":"type-product","3":"status-publish","4":"has-post-thumbnail","6":"product_cat-pots-en-argile","7":"product_cat-vannerie","8":"product_tag-pots-en-argile","9":"description-off","11":"first","12":"instock","13":"sale","14":"taxable","15":"shipping-taxable","16":"purchasable","17":"product-type-simple"},"acf":[],"jetpack_sharing_enabled":true,"_links":{"self":[{"href":"https:\/\/casaatlantica.es\/fr\/wp-json\/wp\/v2\/product\/137834","targetHints":{"allow":["GET"]}}],"collection":[{"href":"https:\/\/casaatlantica.es\/fr\/wp-json\/wp\/v2\/product"}],"about":[{"href":"https:\/\/casaatlantica.es\/fr\/wp-json\/wp\/v2\/types\/product"}],"wp:featuredmedia":[{"embeddable":true,"href":"https:\/\/casaatlantica.es\/fr\/wp-json\/wp\/v2\/media\/137828"}],"wp:attachment":[{"href":"https:\/\/casaatlantica.es\/fr\/wp-json\/wp\/v2\/media?parent=137834"}],"wp:term":[{"taxonomy":"product_brand","embeddable":true,"href":"https:\/\/casaatlantica.es\/fr\/wp-json\/wp\/v2\/product_brand?post=137834"},{"taxonomy":"product_cat","embeddable":true,"href":"https:\/\/casaatlantica.es\/fr\/wp-json\/wp\/v2\/product_cat?post=137834"},{"taxonomy":"product_tag","embeddable":true,"href":"https:\/\/casaatlantica.es\/fr\/wp-json\/wp\/v2\/product_tag?post=137834"}],"curies":[{"name":"wp","href":"https:\/\/api.w.org\/{rel}","templated":true}]}}