{"id":137880,"date":"2025-07-21T16:24:04","date_gmt":"2025-07-21T14:24:04","guid":{"rendered":"https:\/\/casaatlantica.es\/?post_type=product&#038;p=137880"},"modified":"2025-07-21T16:35:59","modified_gmt":"2025-07-21T14:35:59","slug":"tabouret-bois-tresse-noire-bleue-donato","status":"publish","type":"product","link":"https:\/\/casaatlantica.es\/fr\/producto\/tabouret-bois-tresse-noire-bleue-donato\/","title":{"rendered":"Donato"},"content":{"rendered":"<h3 class=\"titprod\">Tabouret en bois tress\u00e9 avec corde naturelle<\/h3>\n<p class=\"p1\">Avec un profond lien avec la tradition artisanale galicienne, ce tabouret est n\u00e9 dans l&rsquo;atelier de Casa Atl\u00e2ntica, o\u00f9 le bois massif de pin galicien reprend vie dans une pi\u00e8ce qui \u00e9quilibre fonctionnalit\u00e9, design et h\u00e9ritage culturel.<\/p>\n<p class=\"p1\">Les pieds du tabouret sont m\u00e9ticuleusement tress\u00e9s \u00e0 la main avec de la corde naturelle, combinant des fibres v\u00e9g\u00e9tales dans une composition graphique de couleurs qui c\u00e9l\u00e8bre la simplicit\u00e9 et le rythme visuel.<\/p>\n<p class=\"p1\">Inspir\u00e9 par le dialogue entre le monde rural et le contemporain, le tabouret devient une pi\u00e8ce polyvalente : id\u00e9ale comme si\u00e8ge d\u2019appoint, table basse ou \u00e9l\u00e9ment sculptural.<\/p>\n<p class=\"p1\">Structure en bois massif de pin galicien.<br \/>\nPieds tress\u00e9s \u00e0 la main en corde naturelle teint\u00e9e<br \/>\nCON\u00c7U ET FABRIQU\u00c9 \u00c0 LA MAIN EN GALICE \u2013 ESPAGNE<\/p>\n<p class=\"p1\">Une c\u00e9l\u00e9bration des mat\u00e9riaux honn\u00eates et du savoir-faire artisanal.<\/p>\n<div class=\"spacer\"><\/div>\n<p class=\"p1\"><strong>MAT\u00c9RIAUX<\/strong> Pin galicien et corde naturelle teint\u00e9e.<\/p>\n<p class=\"p1\"><strong>DIMENSIONS<\/strong> 28 x 28 x 39 cm.<\/p>\n<p class=\"p1\"><strong>CONTENU<\/strong> 1 tabouret.<\/p>\n<div class=\"spacer\"><\/div>\n<p class=\"p1\"><em>Ce produit est artisanal ; la couleur et la finition peuvent l\u00e9g\u00e8rement varier par rapport aux pi\u00e8ces en photo.<\/em><\/p>\n","protected":false},"excerpt":{"rendered":"<p style=\"text-transform: uppercase;\">Tabouret en bois tress\u00e9 avec corde \u00e0 carreaux noire et bleue<\/p>\n","protected":false},"featured_media":137875,"template":"","meta":{"_acf_changed":false},"product_brand":[],"product_cat":[4009,3900],"product_tag":[],"class_list":{"0":"post-137880","1":"product","2":"type-product","3":"status-publish","4":"has-post-thumbnail","6":"product_cat-vannerie","7":"product_cat-produits-phares","8":"product_shipping_class-categoria-2-fr","9":"description-off","11":"first","12":"instock","13":"taxable","14":"shipping-taxable","15":"purchasable","16":"product-type-simple"},"acf":[],"jetpack_sharing_enabled":true,"_links":{"self":[{"href":"https:\/\/casaatlantica.es\/fr\/wp-json\/wp\/v2\/product\/137880","targetHints":{"allow":["GET"]}}],"collection":[{"href":"https:\/\/casaatlantica.es\/fr\/wp-json\/wp\/v2\/product"}],"about":[{"href":"https:\/\/casaatlantica.es\/fr\/wp-json\/wp\/v2\/types\/product"}],"wp:featuredmedia":[{"embeddable":true,"href":"https:\/\/casaatlantica.es\/fr\/wp-json\/wp\/v2\/media\/137875"}],"wp:attachment":[{"href":"https:\/\/casaatlantica.es\/fr\/wp-json\/wp\/v2\/media?parent=137880"}],"wp:term":[{"taxonomy":"product_brand","embeddable":true,"href":"https:\/\/casaatlantica.es\/fr\/wp-json\/wp\/v2\/product_brand?post=137880"},{"taxonomy":"product_cat","embeddable":true,"href":"https:\/\/casaatlantica.es\/fr\/wp-json\/wp\/v2\/product_cat?post=137880"},{"taxonomy":"product_tag","embeddable":true,"href":"https:\/\/casaatlantica.es\/fr\/wp-json\/wp\/v2\/product_tag?post=137880"}],"curies":[{"name":"wp","href":"https:\/\/api.w.org\/{rel}","templated":true}]}}