{"id":138148,"date":"2025-07-30T18:08:24","date_gmt":"2025-07-30T16:08:24","guid":{"rendered":"https:\/\/casaatlantica.es\/?post_type=product&#038;p=138148"},"modified":"2025-07-30T18:53:57","modified_gmt":"2025-07-30T16:53:57","slug":"bouteille-tressee-osier-fil-rouge-rita","status":"publish","type":"product","link":"https:\/\/casaatlantica.es\/fr\/producto\/bouteille-tressee-osier-fil-rouge-rita\/","title":{"rendered":"Rita &#8211; rouge"},"content":{"rendered":"<h3 class=\"titprod\">Bouteille tress\u00e9e \u00e0 la main en osier et fil color\u00e9<\/h3>\n<p class=\"p1\">Ces bouteilles en verre recouvertes d\u2019osier et de fil tress\u00e9 sont fabriqu\u00e9es dans l\u2019atelier de Casa Atl\u00e2ntica.<\/p>\n<p class=\"p1\">Chaque bouteille est tress\u00e9e \u00e0 la main avec des brins d\u2019osier naturel et des fils color\u00e9s. Le r\u00e9sultat est une bouteille fonctionnelle et unique, qui s\u2019int\u00e8gre comme \u00e9l\u00e9ment d\u00e9coratif, con\u00e7ue \u00e0 la fois pour contenir des liquides et pour donner du caract\u00e8re \u00e0 tout espace.<\/p>\n<p class=\"p1\">Ce produit est fabriqu\u00e9 sur commande et n\u00e9cessite une semaine.<\/p>\n<div class=\"spacer\"><\/div>\n<p class=\"p1\"><strong>MAT\u00c9RIAUX<\/strong> Bouteille en verre avec bouchon en bois naturel et rev\u00eatement en osier et fil color\u00e9.<\/p>\n<p class=\"p1\"><strong>DIMENSIONS<\/strong> Bouteille : C 75 CL.<\/p>\n<p class=\"p1\"><strong>CONTENU<\/strong> 1 bouteille<\/p>\n<p class=\"p1\">Elles peuvent \u00eatre lav\u00e9es \u00e0 la main et conserv\u00e9es au r\u00e9frig\u00e9rateur.<\/p>\n<p class=\"p1\">CON\u00c7U ET FAIT MAIN EN GALICE \u2013 ESPAGNE<\/p>\n<div class=\"spacer\"><\/div>\n<p class=\"p1\"><em>Il s&rsquo;agit d\u2019un produit artisanal, la couleur et la finition peuvent l\u00e9g\u00e8rement varier par rapport aux pi\u00e8ces pr\u00e9sent\u00e9es en photo.<\/em><\/p>\n","protected":false},"excerpt":{"rendered":"<p style=\"text-transform: uppercase\">Bouteille tress\u00e9e \u00e0 la main en osier et fil rouge et blanche<\/p>\n","protected":false},"featured_media":138085,"template":"","meta":{"_acf_changed":false},"product_brand":[],"product_cat":[4009,3900],"product_tag":[4151,4153,4163],"class_list":{"0":"post-138148","1":"product","2":"type-product","3":"status-publish","4":"has-post-thumbnail","6":"product_cat-vannerie","7":"product_cat-produits-phares","8":"product_tag-bouteilles","9":"product_tag-bouteilles-tressees","10":"product_tag-vannerie","11":"product_shipping_class-categoria-2-fr","12":"pa_color-rojo-fr","13":"description-off","15":"first","16":"instock","17":"taxable","18":"shipping-taxable","19":"purchasable","20":"product-type-simple"},"acf":[],"jetpack_sharing_enabled":true,"_links":{"self":[{"href":"https:\/\/casaatlantica.es\/fr\/wp-json\/wp\/v2\/product\/138148","targetHints":{"allow":["GET"]}}],"collection":[{"href":"https:\/\/casaatlantica.es\/fr\/wp-json\/wp\/v2\/product"}],"about":[{"href":"https:\/\/casaatlantica.es\/fr\/wp-json\/wp\/v2\/types\/product"}],"wp:featuredmedia":[{"embeddable":true,"href":"https:\/\/casaatlantica.es\/fr\/wp-json\/wp\/v2\/media\/138085"}],"wp:attachment":[{"href":"https:\/\/casaatlantica.es\/fr\/wp-json\/wp\/v2\/media?parent=138148"}],"wp:term":[{"taxonomy":"product_brand","embeddable":true,"href":"https:\/\/casaatlantica.es\/fr\/wp-json\/wp\/v2\/product_brand?post=138148"},{"taxonomy":"product_cat","embeddable":true,"href":"https:\/\/casaatlantica.es\/fr\/wp-json\/wp\/v2\/product_cat?post=138148"},{"taxonomy":"product_tag","embeddable":true,"href":"https:\/\/casaatlantica.es\/fr\/wp-json\/wp\/v2\/product_tag?post=138148"}],"curies":[{"name":"wp","href":"https:\/\/api.w.org\/{rel}","templated":true}]}}