{"id":138481,"date":"2025-08-28T13:39:29","date_gmt":"2025-08-28T11:39:29","guid":{"rendered":"https:\/\/casaatlantica.es\/?post_type=product&#038;p=138481"},"modified":"2025-08-28T17:45:44","modified_gmt":"2025-08-28T15:45:44","slug":"lampe-de-table-argile-emaillee-marcia","status":"publish","type":"product","link":"https:\/\/casaatlantica.es\/fr\/producto\/lampe-de-table-argile-emaillee-marcia\/","title":{"rendered":"Marcia"},"content":{"rendered":"<h3 class=\"titprod\">Lampe de table en argile \u00e9maill\u00e9e avec abat-jour en lin naturel<\/h3>\n<p class=\"p1\">Avec une base en argile \u00e9maill\u00e9e vert olive et un abat-jour en lin naturel, cette lampe associe des mat\u00e9riaux authentiques et des formes robustes dans une pi\u00e8ce qui rayonne de calme et de caract\u00e8re.<\/p>\n<p class=\"p1\">Son design \u00e9quilibre poids et l\u00e9g\u00e8ret\u00e9 : le corps c\u00e9ramique, tourn\u00e9 \u00e0 la main, apporte solidit\u00e9 visuelle et texture brillante, tandis que l\u2019abat-jour cylindrique adoucit la lumi\u00e8re et d\u00e9finit un contour serein.<\/p>\n<p class=\"p1\">Chaque pi\u00e8ce est r\u00e9alis\u00e9e enti\u00e8rement \u00e0 la main au tour de potier, r\u00e9v\u00e9lant la ma\u00eetrise du geste artisanal, o\u00f9 de petites variations de couleur et d\u2019\u00e9mail font partie de son identit\u00e9 unique.<\/p>\n<p class=\"p1\">CON\u00c7UE ET FABRIQU\u00c9E \u00c0 LA MAIN EN GALICE \u2013 ESPAGNE<br \/>\nUne c\u00e9l\u00e9bration de la c\u00e9ramique et des tissus naturels.<\/p>\n<div class=\"spacer\"><\/div>\n<p class=\"p1\"><strong>MAT\u00c9RIAUX<\/strong> Base en argile \u00e9maill\u00e9e. Abat-jour en lin 100% naturel.<\/p>\n<p class=\"p1\"><strong>DIMENSIONS<\/strong> Lampe : 38 x 20 x 20 cm.<\/p>\n<p class=\"p1\"><strong>CONTENU<\/strong> 1 lampe avec douille E14 et c\u00e2ble avec interrupteur (ampoule non incluse).<\/p>\n<div class=\"spacer\"><\/div>\n<p class=\"p1\"><em>Ce produit est artisanal ; la couleur et la finition peuvent varier.<\/em><\/p>\n","protected":false},"excerpt":{"rendered":"<p style=\"text-transform: uppercase\">Lampe de table en argile \u00e9maill\u00e9e avec abat-jour en lin naturel<\/p>\n","protected":false},"featured_media":138522,"template":"","meta":{"_acf_changed":false},"product_brand":[],"product_cat":[3877,4012],"product_tag":[4278,4300,4304,4306],"class_list":{"0":"post-138481","1":"product","2":"type-product","3":"status-publish","4":"has-post-thumbnail","6":"product_cat-lampes","7":"product_cat-lampes-de-table-en-ceramique","8":"product_tag-lampe-artisanale","9":"product_tag-lampe-de-table","10":"product_tag-lampe-de-table-en-argile","11":"product_tag-lampe-de-table-en-argile-emaillee","12":"product_shipping_class-categoria-0-fr","13":"pa_color-verdeoliva-fr","14":"description-off","16":"first","17":"instock","18":"taxable","19":"shipping-taxable","20":"purchasable","21":"product-type-simple"},"acf":[],"jetpack_sharing_enabled":true,"_links":{"self":[{"href":"https:\/\/casaatlantica.es\/fr\/wp-json\/wp\/v2\/product\/138481","targetHints":{"allow":["GET"]}}],"collection":[{"href":"https:\/\/casaatlantica.es\/fr\/wp-json\/wp\/v2\/product"}],"about":[{"href":"https:\/\/casaatlantica.es\/fr\/wp-json\/wp\/v2\/types\/product"}],"wp:featuredmedia":[{"embeddable":true,"href":"https:\/\/casaatlantica.es\/fr\/wp-json\/wp\/v2\/media\/138522"}],"wp:attachment":[{"href":"https:\/\/casaatlantica.es\/fr\/wp-json\/wp\/v2\/media?parent=138481"}],"wp:term":[{"taxonomy":"product_brand","embeddable":true,"href":"https:\/\/casaatlantica.es\/fr\/wp-json\/wp\/v2\/product_brand?post=138481"},{"taxonomy":"product_cat","embeddable":true,"href":"https:\/\/casaatlantica.es\/fr\/wp-json\/wp\/v2\/product_cat?post=138481"},{"taxonomy":"product_tag","embeddable":true,"href":"https:\/\/casaatlantica.es\/fr\/wp-json\/wp\/v2\/product_tag?post=138481"}],"curies":[{"name":"wp","href":"https:\/\/api.w.org\/{rel}","templated":true}]}}