{"id":145720,"date":"2025-09-29T14:41:32","date_gmt":"2025-09-29T12:41:32","guid":{"rendered":"https:\/\/casaatlantica.es\/?post_type=product&#038;p=145720"},"modified":"2025-11-08T18:16:52","modified_gmt":"2025-11-08T17:16:52","slug":"pot-en-argile-carreaux-citrouille-bernaldo","status":"publish","type":"product","link":"https:\/\/casaatlantica.es\/fr\/producto\/pot-en-argile-carreaux-citrouille-bernaldo\/","title":{"rendered":"Bernaldo &#8211; citrouille"},"content":{"rendered":"<h3 class=\"titprod\">Pot en argile \u00e0 carreaux citrouille.<\/h3>\n<p class=\"p1\">Pot en argile rouge peint avec des carreaux citrouille. Comprend une soucoupe en argile pour recueillir l\u2019eau. Son design s\u2019int\u00e8gre facilement dans diff\u00e9rents styles d\u00e9coratifs.<\/p>\n<p class=\"p1\">Chez Casa Atl\u00e2ntica, chaque pot \u00e0 carreaux est une pi\u00e8ce unique, faite \u00e0 la main en argile rouge selon un processus artisanal et durable. Dans notre atelier, nous avons d\u00e9velopp\u00e9 une technique de peinture unique qui, dans le cas des carreaux, cr\u00e9e des contrastes par superposition aux intersections des lignes.<\/p>\n<div class=\"spacer\"><\/div>\n<p class=\"p1\"><strong>MAT\u00c9RIAU<\/strong> Argile peinte.<\/p>\n<p class=\"p1\"><strong>DIMENSIONS<\/strong> Pot moyen : 18 x 18 x 19 cm. Petit pot : 13 x 13 x 11,5 cm.<\/p>\n<p class=\"p1\"><strong>CONTENU<\/strong> 1 pot en argile et 1 soucoupe en argile<\/p>\n<div class=\"spacer\"><\/div>\n<p class=\"p1\"><em>Ceci est un produit artisanal, la couleur et la finition peuvent l\u00e9g\u00e8rement varier par rapport aux pi\u00e8ces en photo.<\/em><\/p>\n","protected":false},"excerpt":{"rendered":"<p style=\"text-transform: uppercase\">Pot en argile \u00e0 carreaux citrouille<\/p>\n","protected":false},"featured_media":148208,"template":"","meta":{"_acf_changed":false},"product_brand":[],"product_cat":[3987],"product_tag":[4209,4320],"class_list":{"0":"post-145720","1":"product","2":"type-product","3":"status-publish","4":"has-post-thumbnail","6":"product_cat-pots-en-argile","7":"product_tag-pots-en-argile","8":"product_tag-pots-en-argile-peints","9":"pa_color-naranja-fr","10":"pa_tamano-m-fr","11":"pa_tamano-s-2-fr","12":"description-off","14":"first","15":"instock","16":"sale","17":"taxable","18":"shipping-taxable","19":"purchasable","20":"product-type-variable","21":"has-default-attributes"},"acf":[],"jetpack_sharing_enabled":true,"_links":{"self":[{"href":"https:\/\/casaatlantica.es\/fr\/wp-json\/wp\/v2\/product\/145720","targetHints":{"allow":["GET"]}}],"collection":[{"href":"https:\/\/casaatlantica.es\/fr\/wp-json\/wp\/v2\/product"}],"about":[{"href":"https:\/\/casaatlantica.es\/fr\/wp-json\/wp\/v2\/types\/product"}],"wp:featuredmedia":[{"embeddable":true,"href":"https:\/\/casaatlantica.es\/fr\/wp-json\/wp\/v2\/media\/148208"}],"wp:attachment":[{"href":"https:\/\/casaatlantica.es\/fr\/wp-json\/wp\/v2\/media?parent=145720"}],"wp:term":[{"taxonomy":"product_brand","embeddable":true,"href":"https:\/\/casaatlantica.es\/fr\/wp-json\/wp\/v2\/product_brand?post=145720"},{"taxonomy":"product_cat","embeddable":true,"href":"https:\/\/casaatlantica.es\/fr\/wp-json\/wp\/v2\/product_cat?post=145720"},{"taxonomy":"product_tag","embeddable":true,"href":"https:\/\/casaatlantica.es\/fr\/wp-json\/wp\/v2\/product_tag?post=145720"}],"curies":[{"name":"wp","href":"https:\/\/api.w.org\/{rel}","templated":true}]}}