{"id":147354,"date":"2025-10-01T11:49:39","date_gmt":"2025-10-01T09:49:39","guid":{"rendered":"https:\/\/casaatlantica.es\/?post_type=product&#038;p=147354"},"modified":"2025-11-08T17:44:10","modified_gmt":"2025-11-08T16:44:10","slug":"lampe-de-table-argile-emaillee-vert-olive-amanda","status":"publish","type":"product","link":"https:\/\/casaatlantica.es\/fr\/producto\/lampe-de-table-argile-emaillee-vert-olive-amanda\/","title":{"rendered":"Amanda &#8211; vert olive"},"content":{"rendered":"<h3 class=\"titprod\">Lampe de table en argile \u00e9maill\u00e9e vert olive et abat-jour en lin naturel<\/h3>\n<p class=\"p1\">Avec une base en argile \u00e9maill\u00e9e vert olive et un abat-jour en pur lin, cette lampe associe des mat\u00e9riaux authentiques et des volumes affirm\u00e9s dans un objet qui transmet s\u00e9r\u00e9nit\u00e9 et personnalit\u00e9.<\/p>\n<p class=\"p1\">Le design recherche l\u2019\u00e9quilibre entre solidit\u00e9 et l\u00e9g\u00e8ret\u00e9 : le corps en c\u00e9ramique, fa\u00e7onn\u00e9 \u00e0 la main au tour, apporte une texture brillante et un caract\u00e8re artisanal, tandis que l\u2019abat-jour cylindrique filtre la lumi\u00e8re et dessine un profil harmonieux.<\/p>\n<p class=\"p1\">Chaque lampe est enti\u00e8rement r\u00e9alis\u00e9e \u00e0 la main sur le tour du potier, laissant appara\u00eetre la trace du savoir-faire manuel et g\u00e9n\u00e9rant de subtiles variations de ton et d\u2019\u00e9mail qui d\u00e9finissent son caract\u00e8re unique.<\/p>\n<p class=\"p1\">CON\u00c7UE ET FAITE MAIN EN GALICE \u2013 ESPAGNE<br \/>\nUne c\u00e9l\u00e9bration de la c\u00e9ramique et des tissus naturels.<\/p>\n<div class=\"spacer\"><\/div>\n<p class=\"p1\"><strong>MAT\u00c9RIAU<\/strong> Base en argile \u00e9maill\u00e9e. Abat-jour en lin 100% naturel.<\/p>\n<p class=\"p1\"><strong>DIMENSIONS<\/strong> Lampe : 38 x 20 x 20 cm.<\/p>\n<p class=\"p1\"><strong>CONTENU<\/strong> 1 lampe avec douille E14 et c\u00e2ble avec interrupteur (ampoule non incluse).<\/p>\n<div class=\"spacer\"><\/div>\n<p class=\"p1\"><em>Ceci est un produit artisanal ; la couleur et la finition peuvent varier.<\/em><\/p>\n","protected":false},"excerpt":{"rendered":"<p style=\"text-transform: uppercase;\">Lampe de table en argile \u00e9maill\u00e9e vert olive et abat-jour en lin naturel<\/p>\n","protected":false},"featured_media":147357,"template":"","meta":{"_acf_changed":false},"product_brand":[],"product_cat":[3877,4012,3900],"product_tag":[4278,4300,4304,4306],"class_list":{"0":"post-147354","1":"product","2":"type-product","3":"status-publish","4":"has-post-thumbnail","6":"product_cat-lampes","7":"product_cat-lampes-de-table-en-ceramique","8":"product_cat-produits-phares","9":"product_tag-lampe-artisanale","10":"product_tag-lampe-de-table","11":"product_tag-lampe-de-table-en-argile","12":"product_tag-lampe-de-table-en-argile-emaillee","13":"pa_color-verdeoliva-fr","14":"description-off","16":"first","17":"instock","18":"taxable","19":"shipping-taxable","20":"purchasable","21":"product-type-simple"},"acf":[],"jetpack_sharing_enabled":true,"_links":{"self":[{"href":"https:\/\/casaatlantica.es\/fr\/wp-json\/wp\/v2\/product\/147354","targetHints":{"allow":["GET"]}}],"collection":[{"href":"https:\/\/casaatlantica.es\/fr\/wp-json\/wp\/v2\/product"}],"about":[{"href":"https:\/\/casaatlantica.es\/fr\/wp-json\/wp\/v2\/types\/product"}],"wp:featuredmedia":[{"embeddable":true,"href":"https:\/\/casaatlantica.es\/fr\/wp-json\/wp\/v2\/media\/147357"}],"wp:attachment":[{"href":"https:\/\/casaatlantica.es\/fr\/wp-json\/wp\/v2\/media?parent=147354"}],"wp:term":[{"taxonomy":"product_brand","embeddable":true,"href":"https:\/\/casaatlantica.es\/fr\/wp-json\/wp\/v2\/product_brand?post=147354"},{"taxonomy":"product_cat","embeddable":true,"href":"https:\/\/casaatlantica.es\/fr\/wp-json\/wp\/v2\/product_cat?post=147354"},{"taxonomy":"product_tag","embeddable":true,"href":"https:\/\/casaatlantica.es\/fr\/wp-json\/wp\/v2\/product_tag?post=147354"}],"curies":[{"name":"wp","href":"https:\/\/api.w.org\/{rel}","templated":true}]}}