{"id":149257,"date":"2025-10-25T17:40:17","date_gmt":"2025-10-25T15:40:17","guid":{"rendered":"https:\/\/casaatlantica.es\/?post_type=product&#038;p=149257"},"modified":"2025-11-12T17:31:40","modified_gmt":"2025-11-12T16:31:40","slug":"bernaldo-vert-mousse-citrouille-copia","status":"publish","type":"product","link":"https:\/\/casaatlantica.es\/fr\/producto\/bernaldo-vert-mousse-citrouille-copia\/","title":{"rendered":"Cl\u00e9cio &#8211; blanche"},"content":{"rendered":"<h3 class=\"titprod\">Pot en terre cuite mouchet\u00e9 sur base blanche.<\/h3>\n<p class=\"p1\">Pot en terre cuite \u00e9maill\u00e9e avec une finition mouchet\u00e9e sur une base d\u2019engobe blanche. Comprend une soucoupe en terre cuite assortie pour recueillir l\u2019eau. Sa finition artisanale avec de petites taches vert d\u2019eau, jaune et grenat est id\u00e9ale pour s\u2019adapter \u00e0 diff\u00e9rents styles d\u00e9coratifs.<\/p>\n<p class=\"p1\">Chez Casa Atl\u00e2ntica, chaque pot mouchet\u00e9 est une pi\u00e8ce unique, fa\u00e7onn\u00e9e \u00e0 la main en terre rouge selon un proc\u00e9d\u00e9 artisanal et durable. Dans notre atelier, nous avons mis au point une technique d\u2019\u00e9maillage sp\u00e9ciale qui cr\u00e9e une texture visuelle riche et vibrante, mettant en valeur les nuances de la terre et de la couleur de base.<\/p>\n<div class=\"spacer\"><\/div>\n<p class=\"p1\"><strong>MAT\u00c9RIAU<\/strong> Terre cuite \u00e9maill\u00e9e.<\/p>\n<p class=\"p1\"><strong>DIMENSIONS<\/strong> 15 x 15 x 16 cm.<\/p>\n<p class=\"p1\"><strong>CONTENU<\/strong> 1 pot en terre cuite et 1 soucoupe en terre cuite<\/p>\n<div class=\"spacer\"><\/div>\n<p class=\"p1\"><em>Ce produit est artisanal ; la couleur et la finition peuvent l\u00e9g\u00e8rement varier par rapport aux pi\u00e8ces de la photo.<\/em><\/p>\n","protected":false},"excerpt":{"rendered":"<p style=\"text-transform: uppercase\">Pot en terre cuite mouchet\u00e9 sur base blanche<\/p>\n","protected":false},"featured_media":163936,"template":"","meta":{"_acf_changed":false},"product_brand":[],"product_cat":[3987,3900],"product_tag":[4209,4320],"class_list":{"0":"post-149257","1":"product","2":"type-product","3":"status-publish","4":"has-post-thumbnail","6":"product_cat-pots-en-argile","7":"product_cat-produits-phares","8":"product_tag-pots-en-argile","9":"product_tag-pots-en-argile-peints","10":"pa_color-blanco-2-fr","11":"description-off","13":"first","14":"instock","15":"taxable","16":"shipping-taxable","17":"purchasable","18":"product-type-simple"},"acf":[],"jetpack_sharing_enabled":true,"_links":{"self":[{"href":"https:\/\/casaatlantica.es\/fr\/wp-json\/wp\/v2\/product\/149257","targetHints":{"allow":["GET"]}}],"collection":[{"href":"https:\/\/casaatlantica.es\/fr\/wp-json\/wp\/v2\/product"}],"about":[{"href":"https:\/\/casaatlantica.es\/fr\/wp-json\/wp\/v2\/types\/product"}],"wp:featuredmedia":[{"embeddable":true,"href":"https:\/\/casaatlantica.es\/fr\/wp-json\/wp\/v2\/media\/163936"}],"wp:attachment":[{"href":"https:\/\/casaatlantica.es\/fr\/wp-json\/wp\/v2\/media?parent=149257"}],"wp:term":[{"taxonomy":"product_brand","embeddable":true,"href":"https:\/\/casaatlantica.es\/fr\/wp-json\/wp\/v2\/product_brand?post=149257"},{"taxonomy":"product_cat","embeddable":true,"href":"https:\/\/casaatlantica.es\/fr\/wp-json\/wp\/v2\/product_cat?post=149257"},{"taxonomy":"product_tag","embeddable":true,"href":"https:\/\/casaatlantica.es\/fr\/wp-json\/wp\/v2\/product_tag?post=149257"}],"curies":[{"name":"wp","href":"https:\/\/api.w.org\/{rel}","templated":true}]}}