{"id":149269,"date":"2025-10-25T17:40:02","date_gmt":"2025-10-25T15:40:02","guid":{"rendered":"https:\/\/casaatlantica.es\/?post_type=product&#038;p=149269"},"modified":"2025-11-08T17:05:52","modified_gmt":"2025-11-08T16:05:52","slug":"pot-terre-cuite-mouchete-base-terracotta-clecio","status":"publish","type":"product","link":"https:\/\/casaatlantica.es\/fr\/producto\/pot-terre-cuite-mouchete-base-terracotta-clecio\/","title":{"rendered":"Cl\u00e9cio &#8211; terracotta"},"content":{"rendered":"<h3 class=\"titprod\">Pot en terre cuite mouchet\u00e9 sur base terracotta.<\/h3>\n<p class=\"p1\">Pot en terre cuite \u00e9maill\u00e9e avec une finition mouchet\u00e9e sur une base terracotta. Comprend une soucoupe en terre cuite assortie pour recueillir l\u2019eau. Sa surface \u00e9clabouss\u00e9e \u00e0 la main de taches blanches, jaunes et grenat apporte une touche chaleureuse et artisanale, facile \u00e0 int\u00e9grer dans diff\u00e9rents styles d\u00e9coratifs.<\/p>\n<p class=\"p1\">Chez Casa Atl\u00e2ntica, chaque pot mouchet\u00e9 est une pi\u00e8ce unique, fa\u00e7onn\u00e9e \u00e0 la main en terre rouge selon un proc\u00e9d\u00e9 artisanal et durable. Dans notre atelier, nous avons mis au point une technique d\u2019\u00e9maillage sp\u00e9ciale qui cr\u00e9e une texture visuelle riche et vibrante, mettant en valeur les nuances de la terre et de la couleur de base.<\/p>\n<div class=\"spacer\"><\/div>\n<p class=\"p1\"><strong>MAT\u00c9RIAU<\/strong> Terre cuite \u00e9maill\u00e9e.<\/p>\n<p class=\"p1\"><strong>DIMENSIONS<\/strong> 15 x 15 x 16 cm.<\/p>\n<p class=\"p1\"><strong>CONTENU<\/strong> 1 pot en terre cuite et 1 soucoupe en terre cuite<\/p>\n<div class=\"spacer\"><\/div>\n<p class=\"p1\"><em>Ce produit est artisanal ; la couleur et la finition peuvent l\u00e9g\u00e8rement varier par rapport aux pi\u00e8ces de la photo.<\/em><\/p>\n","protected":false},"excerpt":{"rendered":"<p style=\"text-transform: uppercase;\">Pot en terre cuite mouchet\u00e9 sur base terracotta<\/p>\n","protected":false},"featured_media":149296,"template":"","meta":{"_acf_changed":false},"product_brand":[],"product_cat":[3987],"product_tag":[4209,4320],"class_list":{"0":"post-149269","1":"product","2":"type-product","3":"status-publish","4":"has-post-thumbnail","6":"product_cat-pots-en-argile","7":"product_tag-pots-en-argile","8":"product_tag-pots-en-argile-peints","9":"product_shipping_class-categoria-2-fr","10":"description-off","12":"first","13":"outofstock","14":"taxable","15":"shipping-taxable","16":"purchasable","17":"product-type-simple"},"acf":[],"jetpack_sharing_enabled":true,"_links":{"self":[{"href":"https:\/\/casaatlantica.es\/fr\/wp-json\/wp\/v2\/product\/149269","targetHints":{"allow":["GET"]}}],"collection":[{"href":"https:\/\/casaatlantica.es\/fr\/wp-json\/wp\/v2\/product"}],"about":[{"href":"https:\/\/casaatlantica.es\/fr\/wp-json\/wp\/v2\/types\/product"}],"wp:featuredmedia":[{"embeddable":true,"href":"https:\/\/casaatlantica.es\/fr\/wp-json\/wp\/v2\/media\/149296"}],"wp:attachment":[{"href":"https:\/\/casaatlantica.es\/fr\/wp-json\/wp\/v2\/media?parent=149269"}],"wp:term":[{"taxonomy":"product_brand","embeddable":true,"href":"https:\/\/casaatlantica.es\/fr\/wp-json\/wp\/v2\/product_brand?post=149269"},{"taxonomy":"product_cat","embeddable":true,"href":"https:\/\/casaatlantica.es\/fr\/wp-json\/wp\/v2\/product_cat?post=149269"},{"taxonomy":"product_tag","embeddable":true,"href":"https:\/\/casaatlantica.es\/fr\/wp-json\/wp\/v2\/product_tag?post=149269"}],"curies":[{"name":"wp","href":"https:\/\/api.w.org\/{rel}","templated":true}]}}