{"id":150101,"date":"2025-11-11T13:10:01","date_gmt":"2025-11-11T12:10:01","guid":{"rendered":"https:\/\/casaatlantica.es\/?post_type=product&#038;p=150101"},"modified":"2025-11-18T13:56:08","modified_gmt":"2025-11-18T12:56:08","slug":"tamis-deco-gourmet-sale","status":"publish","type":"product","link":"https:\/\/casaatlantica.es\/fr\/producto\/tamis-deco-gourmet-sale\/","title":{"rendered":"Tamis Deco-Gourmet &#8211; Sal\u00e9"},"content":{"rendered":"<h3 class=\"titprod\">Tamis Deco-Gourmet Sal\u00e9 \u2013 \u00c9dition Sp\u00e9ciale Casa Atl\u00e2ntica + T\u00eda Est\u00e9bana<\/h3>\n<p class=\"p1\">Une c\u00e9l\u00e9bration de l\u2019artisanat, des saveurs et des produits d\u2019origine locale.<\/p>\n<p class=\"p1\">Le cadeau id\u00e9al pour les amoureux de la mer, de l\u2019artisanat et des ap\u00e9ritifs entre amis, ce coffret combine le charme de notre c\u00e9ramique avec une s\u00e9lection soign\u00e9e de d\u00e9licieuses gourmandises de nos amis de T\u00eda Est\u00e9bana.<\/p>\n<div class=\"spacer\"><\/div>\n<p class=\"p1\"><strong>Ce produit est disponible <em>uniquement sur commande<\/em>.<br \/>\nPour le demander, veuillez envoyer un e-mail \u00e0 <a href=\"mailto:info@casaatlantica.es\">info@casaatlantica.es<\/a><\/strong><\/p>\n<div class=\"spacer\"><\/div>\n<p class=\"p1\"><strong>COMPREND :<\/strong><\/p>\n<p class=\"p1\"><strong>PRIX :<\/strong> 60 \u20ac<\/p>\n<p class=\"p1\">1 tamis artisanal en bois avec maille de 25 cm de diam\u00e8tre<br \/>\n1 bouteille de cidre artisanal Exner 33 cl<br \/>\n1 bocal d\u2019olives Chic\u00f3n Antequera 370 g<br \/>\n1 conserve Paco Lafuente \u2013 Chinchard \u00e0 l\u2019huile d\u2019olive 125 g<br \/>\n1 p\u00e2t\u00e9 de sardine Minerva 75 g<br \/>\n1 bo\u00eete ronde de paprika de la Vera 30 g<br \/>\n1 bol en c\u00e9ramique peint \u00e0 la main<br \/>\n1 ensemble de deux sardines en c\u00e9ramique \u00e9dition sp\u00e9ciale<\/p>\n<div class=\"spacer\"><\/div>\n<p class=\"p1\">Chaque peneira est soigneusement emball\u00e9e pour l\u2019exp\u00e9dition, avec les produits et les pi\u00e8ces en c\u00e9ramique prot\u00e9g\u00e9s afin d\u2019\u00e9viter toute casse, et pr\u00e9sent\u00e9e de mani\u00e8re belle et naturelle, avec des branches vertes et des d\u00e9tails soign\u00e9s qui font de l\u2019ensemble un cadeau pr\u00eat \u00e0 s\u00e9duire.<\/p>\n","protected":false},"excerpt":{"rendered":"<p style=\"text-transform: uppercase;\">Tamis Deco-Gourmet Sal\u00e9 \u2013 \u00c9dition Sp\u00e9ciale<\/p>\n","protected":false},"featured_media":150104,"template":"","meta":{"_acf_changed":false},"product_brand":[],"product_cat":[4024,4027],"product_tag":[],"class_list":{"0":"post-150101","1":"product","2":"type-product","3":"status-publish","4":"has-post-thumbnail","6":"product_cat-editions-limitees","7":"product_cat-collaborations-speciales","8":"description-off","10":"first","11":"instock","12":"taxable","13":"shipping-taxable","14":"product-type-simple"},"acf":[],"jetpack_sharing_enabled":true,"_links":{"self":[{"href":"https:\/\/casaatlantica.es\/fr\/wp-json\/wp\/v2\/product\/150101","targetHints":{"allow":["GET"]}}],"collection":[{"href":"https:\/\/casaatlantica.es\/fr\/wp-json\/wp\/v2\/product"}],"about":[{"href":"https:\/\/casaatlantica.es\/fr\/wp-json\/wp\/v2\/types\/product"}],"wp:featuredmedia":[{"embeddable":true,"href":"https:\/\/casaatlantica.es\/fr\/wp-json\/wp\/v2\/media\/150104"}],"wp:attachment":[{"href":"https:\/\/casaatlantica.es\/fr\/wp-json\/wp\/v2\/media?parent=150101"}],"wp:term":[{"taxonomy":"product_brand","embeddable":true,"href":"https:\/\/casaatlantica.es\/fr\/wp-json\/wp\/v2\/product_brand?post=150101"},{"taxonomy":"product_cat","embeddable":true,"href":"https:\/\/casaatlantica.es\/fr\/wp-json\/wp\/v2\/product_cat?post=150101"},{"taxonomy":"product_tag","embeddable":true,"href":"https:\/\/casaatlantica.es\/fr\/wp-json\/wp\/v2\/product_tag?post=150101"}],"curies":[{"name":"wp","href":"https:\/\/api.w.org\/{rel}","templated":true}]}}