{"id":151125,"date":"2025-12-12T08:50:00","date_gmt":"2025-12-12T07:50:00","guid":{"rendered":"https:\/\/casaatlantica.es\/?post_type=product&#038;p=151125"},"modified":"2025-12-12T08:50:04","modified_gmt":"2025-12-12T07:50:04","slug":"figurines-en-argile-diable-musicien","status":"publish","type":"product","link":"https:\/\/casaatlantica.es\/fr\/producto\/figurines-en-argile-diable-musicien\/","title":{"rendered":"Figurines en argile &#8211; Diable musicien"},"content":{"rendered":"<h3 class=\"titprod\">Figurines en argile blanche peintes \u00e0 la main.<\/h3>\n<p class=\"p1\">Figurines en argile blanche peintes \u00e0 la main, l\u2019une des expressions les plus embl\u00e9matiques de la c\u00e9ramique populaire portugaise, o\u00f9 le sacr\u00e9 et le profane s\u2019entrelacent dans un imaginaire populaire plein d\u2019humour, de symbolisme et de vitalit\u00e9.<\/p>\n<p class=\"p1\">Chaque pi\u00e8ce est model\u00e9e et peinte avec des gestes spontan\u00e9s, des couleurs intenses et des d\u00e9tails uniques, refl\u00e9tant l\u2019esprit libre des grands ma\u00eetres du \u00ab\u00a0Figurado de Barcelos\u00a0\u00bb.<\/p>\n<div class=\"spacer\"><\/div>\n<p class=\"p1\">Disponible en trois versions :<\/p>\n<p class=\"p1\"><strong>Diable avec tambour (A)<\/strong> Dimensions : 6 x 6 x 13 cm<br \/>\n<strong>Diable avec g\u00fciro (B)<\/strong> Dimensions : 6 x 6 x 13 cm<br \/>\n<strong>D\u00e9mon avec saxophone (C)<\/strong> Dimensions : 6 x 6 x 13 cm<\/p>\n<div class=\"spacer\"><\/div>\n<p class=\"p1\"><strong>MAT\u00c9RIAU<\/strong> Argile blanche peinte \u00e0 la main.<\/p>\n<p class=\"p1\"><strong>CONTENU<\/strong> 1 sculpture en argile<\/p>\n<div class=\"spacer\"><\/div>\n<p class=\"p1\">Chaque figurine est authentifi\u00e9e comme produit artisanal certifi\u00e9 fabriqu\u00e9 par Prazeres C\u00f4ta.<\/p>\n<p class=\"p1\">Elle comprend \u00e9galement une carte illustr\u00e9e con\u00e7ue par nos soins, avec une br\u00e8ve description en portugais qui rend hommage \u00e0 la cr\u00e9ativit\u00e9 d\u00e9bordante de ces figurines et \u00e0 la beaut\u00e9 imparfaite du fait main.<\/p>\n","protected":false},"excerpt":{"rendered":"<p style=\"text-transform: uppercase;\">Figurado de Barcelos<\/p>\n","protected":false},"featured_media":147107,"template":"","meta":{"_acf_changed":false},"product_brand":[],"product_cat":[4379,4024],"product_tag":[],"class_list":{"0":"post-151125","1":"product","2":"type-product","3":"status-publish","4":"has-post-thumbnail","6":"product_cat-figurado-de-barcelos-fr","7":"product_cat-editions-limitees","8":"product_shipping_class-categoria-1","9":"description-off","11":"first","12":"outofstock","13":"taxable","14":"shipping-taxable","15":"purchasable","16":"product-type-variable"},"acf":[],"jetpack_sharing_enabled":true,"_links":{"self":[{"href":"https:\/\/casaatlantica.es\/fr\/wp-json\/wp\/v2\/product\/151125","targetHints":{"allow":["GET"]}}],"collection":[{"href":"https:\/\/casaatlantica.es\/fr\/wp-json\/wp\/v2\/product"}],"about":[{"href":"https:\/\/casaatlantica.es\/fr\/wp-json\/wp\/v2\/types\/product"}],"wp:featuredmedia":[{"embeddable":true,"href":"https:\/\/casaatlantica.es\/fr\/wp-json\/wp\/v2\/media\/147107"}],"wp:attachment":[{"href":"https:\/\/casaatlantica.es\/fr\/wp-json\/wp\/v2\/media?parent=151125"}],"wp:term":[{"taxonomy":"product_brand","embeddable":true,"href":"https:\/\/casaatlantica.es\/fr\/wp-json\/wp\/v2\/product_brand?post=151125"},{"taxonomy":"product_cat","embeddable":true,"href":"https:\/\/casaatlantica.es\/fr\/wp-json\/wp\/v2\/product_cat?post=151125"},{"taxonomy":"product_tag","embeddable":true,"href":"https:\/\/casaatlantica.es\/fr\/wp-json\/wp\/v2\/product_tag?post=151125"}],"curies":[{"name":"wp","href":"https:\/\/api.w.org\/{rel}","templated":true}]}}