{"id":151133,"date":"2025-12-12T08:49:56","date_gmt":"2025-12-12T07:49:56","guid":{"rendered":"https:\/\/casaatlantica.es\/?post_type=product&#038;p=151133"},"modified":"2025-12-12T08:49:59","modified_gmt":"2025-12-12T07:49:59","slug":"figurines-en-argile-bestiaire","status":"publish","type":"product","link":"https:\/\/casaatlantica.es\/fr\/producto\/figurines-en-argile-bestiaire\/","title":{"rendered":"Figurines en argile &#8211; Bestiaire"},"content":{"rendered":"<h3 class=\"titprod\">Figurines en argile blanche peintes \u00e0 la main.<\/h3>\n<p class=\"p1\">Figurines en argile blanche peintes \u00e0 la main, l\u2019une des expressions les plus embl\u00e9matiques de la c\u00e9ramique populaire portugaise. Cette pratique, vieille de plusieurs si\u00e8cles, est n\u00e9e de l\u2019ing\u00e9niosit\u00e9 des potiers qui, avec les restes d\u2019argile de leurs ateliers, donnaient vie \u00e0 de petites figures pleines de couleur et de symbolisme.<\/p>\n<p class=\"p1\">Chaque pi\u00e8ce conserve l\u2019esprit libre et expressif qui caract\u00e9rise l\u2019art du figuratif de Barcelos : l\u2019usage vibrant des couleurs, la spontan\u00e9it\u00e9 des formes et le lien avec la vie quotidienne et la culture populaire.<\/p>\n<div class=\"spacer\"><\/div>\n<p class=\"p1\">Disponible en trois mod\u00e8les uniques :<\/p>\n<p class=\"p1\"><strong>Serpent (A)<\/strong> Dimensions : 13 x 10 x 3 cm<br \/>\n<strong>Poule (B)<\/strong> Dimensions : 6 x 6 x 11 cm<br \/>\n<strong>Coq (C)<\/strong> Dimensions : 8 x 6 x 13 cm<\/p>\n<div class=\"spacer\"><\/div>\n<p class=\"p1\"><strong>MAT\u00c9RIAU<\/strong> Argile blanche peinte \u00e0 la main.<\/p>\n<p class=\"p1\"><strong>CONTENU<\/strong> 1 sculpture en argile<\/p>\n<div class=\"spacer\"><\/div>\n<p class=\"p1\">Chaque figurine est authentifi\u00e9e comme produit artisanal certifi\u00e9 fabriqu\u00e9 par J\u00falia C\u00f4ta.<\/p>\n<p class=\"p1\">Elle comprend \u00e9galement une carte illustr\u00e9e con\u00e7ue par nos soins, avec une br\u00e8ve description en portugais qui rend hommage \u00e0 la cr\u00e9ativit\u00e9 d\u00e9bordante de ces figurines et \u00e0 la beaut\u00e9 imparfaite du fait main.<\/p>\n","protected":false},"excerpt":{"rendered":"<p style=\"text-transform: uppercase;\">Figurado de Barcelos<\/p>\n","protected":false},"featured_media":147159,"template":"","meta":{"_acf_changed":false},"product_brand":[],"product_cat":[4379,4024],"product_tag":[],"class_list":{"0":"post-151133","1":"product","2":"type-product","3":"status-publish","4":"has-post-thumbnail","6":"product_cat-figurado-de-barcelos-fr","7":"product_cat-editions-limitees","8":"product_shipping_class-categoria-1","9":"description-off","11":"first","12":"instock","13":"taxable","14":"shipping-taxable","15":"purchasable","16":"product-type-variable"},"acf":[],"jetpack_sharing_enabled":true,"_links":{"self":[{"href":"https:\/\/casaatlantica.es\/fr\/wp-json\/wp\/v2\/product\/151133","targetHints":{"allow":["GET"]}}],"collection":[{"href":"https:\/\/casaatlantica.es\/fr\/wp-json\/wp\/v2\/product"}],"about":[{"href":"https:\/\/casaatlantica.es\/fr\/wp-json\/wp\/v2\/types\/product"}],"wp:featuredmedia":[{"embeddable":true,"href":"https:\/\/casaatlantica.es\/fr\/wp-json\/wp\/v2\/media\/147159"}],"wp:attachment":[{"href":"https:\/\/casaatlantica.es\/fr\/wp-json\/wp\/v2\/media?parent=151133"}],"wp:term":[{"taxonomy":"product_brand","embeddable":true,"href":"https:\/\/casaatlantica.es\/fr\/wp-json\/wp\/v2\/product_brand?post=151133"},{"taxonomy":"product_cat","embeddable":true,"href":"https:\/\/casaatlantica.es\/fr\/wp-json\/wp\/v2\/product_cat?post=151133"},{"taxonomy":"product_tag","embeddable":true,"href":"https:\/\/casaatlantica.es\/fr\/wp-json\/wp\/v2\/product_tag?post=151133"}],"curies":[{"name":"wp","href":"https:\/\/api.w.org\/{rel}","templated":true}]}}