{"id":153072,"date":"2025-12-02T17:44:35","date_gmt":"2025-12-02T16:44:35","guid":{"rendered":"https:\/\/casaatlantica.es\/?post_type=product&#038;p=153072"},"modified":"2025-12-02T17:44:55","modified_gmt":"2025-12-02T16:44:55","slug":"plateau-gres-motifs-marins-marina","status":"publish","type":"product","link":"https:\/\/casaatlantica.es\/fr\/producto\/plateau-gres-motifs-marins-marina\/","title":{"rendered":"Mari\u00f1a &#8211; Plateau"},"content":{"rendered":"<h3 class=\"titprod\">Plateau en gr\u00e8s avec motifs marins<\/h3>\n<p class=\"p1\">Plateau en gr\u00e8s d\u00e9cor\u00e9 de d\u00e9calcomanies c\u00e9ramiques de fruits de mer et de coquillages, parfait pour dresser de belles tables ou pour des c\u00e9l\u00e9brations sp\u00e9ciales inspir\u00e9es par la mer. Son design allie tradition et couleur, apportant une touche marine et joyeuse \u00e0 n&rsquo;importe quelle table. Mari\u00f1a s\u2019adapte \u00e9galement parfaitement aux tables de No\u00ebl : associ\u00e9 \u00e0 des nappes naturelles, des bougies et des d\u00e9tails dans des tons chaleureux, le plateau apporte une note c\u00f4ti\u00e8re qui rend la table festive encore plus accueillante.<\/p>\n<p class=\"p1\">Finition \u00e9maill\u00e9e ton cr\u00e8me avec d\u00e9calcomanies c\u00e9ramiques multicolores appliqu\u00e9es \u00e0 la main. Chaque pi\u00e8ce pr\u00e9sente de l\u00e9g\u00e8res variations, ce qui rend chaque plateau unique. Fabriqu\u00e9 en gr\u00e8s de haute qualit\u00e9, tr\u00e8s r\u00e9sistant et durable, id\u00e9al pour un usage quotidien.<\/p>\n<p class=\"p1\">Une pi\u00e8ce artisanale, ludique et pleine de charme marin. Compatible lave-vaisselle et four.<\/p>\n<div class=\"spacer\"><\/div>\n<p class=\"p1\"><strong>MAT\u00c9RIAU<\/strong> Gr\u00e8s \u00e9maill\u00e9 et d\u00e9calcomanies c\u00e9ramiques.<\/p>\n<p class=\"p1\"><strong>MESURES<\/strong> Plateau : 38 x 27 x 3,5 cm.<\/p>\n<p class=\"p1\"><strong>CONTENU<\/strong> 1 plateau<\/p>\n<div class=\"spacer\"><\/div>\n<p class=\"p1\"><em>Il s\u2019agit d\u2019un produit artisanal ; la couleur et la finition peuvent varier l\u00e9g\u00e8rement par rapport aux pi\u00e8ces pr\u00e9sent\u00e9es sur la photo.<\/em><\/p>\n","protected":false},"excerpt":{"rendered":"<p style=\"text-transform: uppercase\">Plateau en gr\u00e8s avec motifs marins<\/p>\n","protected":false},"featured_media":153081,"template":"","meta":{"_acf_changed":false},"product_brand":[],"product_cat":[4002],"product_tag":[4141,4143,4145,3884,4248],"class_list":{"0":"post-153072","1":"product","2":"type-product","3":"status-publish","4":"has-post-thumbnail","6":"product_cat-plateaux-et-assiettes-en-ceramique","7":"product_tag-plateau-en-ceramique","8":"product_tag-plateau-en-ceramique-emaillee","9":"product_tag-plateaux-et-assiettes","10":"product_tag-table-et-cuisine","11":"product_tag-vaisselle","12":"product_shipping_class-categoria-2-fr","13":"description-off","15":"first","16":"outofstock","17":"taxable","18":"shipping-taxable","19":"purchasable","20":"product-type-simple"},"acf":[],"jetpack_sharing_enabled":true,"_links":{"self":[{"href":"https:\/\/casaatlantica.es\/fr\/wp-json\/wp\/v2\/product\/153072","targetHints":{"allow":["GET"]}}],"collection":[{"href":"https:\/\/casaatlantica.es\/fr\/wp-json\/wp\/v2\/product"}],"about":[{"href":"https:\/\/casaatlantica.es\/fr\/wp-json\/wp\/v2\/types\/product"}],"wp:featuredmedia":[{"embeddable":true,"href":"https:\/\/casaatlantica.es\/fr\/wp-json\/wp\/v2\/media\/153081"}],"wp:attachment":[{"href":"https:\/\/casaatlantica.es\/fr\/wp-json\/wp\/v2\/media?parent=153072"}],"wp:term":[{"taxonomy":"product_brand","embeddable":true,"href":"https:\/\/casaatlantica.es\/fr\/wp-json\/wp\/v2\/product_brand?post=153072"},{"taxonomy":"product_cat","embeddable":true,"href":"https:\/\/casaatlantica.es\/fr\/wp-json\/wp\/v2\/product_cat?post=153072"},{"taxonomy":"product_tag","embeddable":true,"href":"https:\/\/casaatlantica.es\/fr\/wp-json\/wp\/v2\/product_tag?post=153072"}],"curies":[{"name":"wp","href":"https:\/\/api.w.org\/{rel}","templated":true}]}}