{"id":153712,"date":"2025-12-12T08:49:42","date_gmt":"2025-12-12T07:49:42","guid":{"rendered":"https:\/\/casaatlantica.es\/producto\/figuras-de-barro-diablos\/"},"modified":"2025-12-12T08:49:55","modified_gmt":"2025-12-12T07:49:55","slug":"figurines-en-argile-diables","status":"publish","type":"product","link":"https:\/\/casaatlantica.es\/fr\/producto\/figurines-en-argile-diables\/","title":{"rendered":"Figurines en argile &#8211; Diables"},"content":{"rendered":"<h3 class=\"titprod\">Figurines en argile blanche peintes \u00e0 la main.<\/h3>\n<p class=\"p1\">Figurines en argile blanche peintes \u00e0 la main, cr\u00e9\u00e9es dans la tradition du figuratif de Barcelos, o\u00f9 le populaire, le mythique et le symbolique se fondent dans une expression artistique pleine de force et de caract\u00e8re.<\/p>\n<p class=\"p1\">Le Diable est une figure classique de l\u2019imaginaire populaire portugais : irr\u00e9v\u00e9rencieux, color\u00e9 et profond\u00e9ment humain. Plus qu\u2019une repr\u00e9sentation du mal, il incarne la malice, la satire et l\u2019humour avec lesquels le peuple transforme ses peurs en art.<\/p>\n<div class=\"spacer\"><\/div>\n<p class=\"p1\">Disponible en trois versions :<\/p>\n<p class=\"p1\"><strong>Diable aux pieds verts (A)<\/strong> Dimensions : 7 x 6 x 13 cm<br \/>\n<strong>Diable avec trident (B)<\/strong> Dimensions : 6 x 5 x 12 cm<br \/>\n<strong>Diable avec boutons (C)<\/strong> Dimensions : 6 x 5 x 12 cm<\/p>\n<div class=\"spacer\"><\/div>\n<p class=\"p1\"><strong>MAT\u00c9RIAU<\/strong> Argile blanche peinte \u00e0 la main.<\/p>\n<p class=\"p1\"><strong>CONTENU<\/strong> 1 sculpture en argile<\/p>\n<div class=\"spacer\"><\/div>\n<p class=\"p1\">Chaque figurine est authentifi\u00e9e comme produit artisanal certifi\u00e9 fabriqu\u00e9 par J\u00falia C\u00f4ta.<\/p>\n<p class=\"p1\">Elle comprend \u00e9galement une carte illustr\u00e9e con\u00e7ue par nos soins, avec une br\u00e8ve description en portugais qui rend hommage \u00e0 la cr\u00e9ativit\u00e9 d\u00e9bordante de ces figurines et \u00e0 la beaut\u00e9 imparfaite du fait main.<\/p>\n","protected":false},"excerpt":{"rendered":"<p style=\"text-transform: uppercase;\">Figurado de Barcelos<\/p>\n","protected":false},"featured_media":147149,"template":"","meta":{"_acf_changed":false},"product_brand":[],"product_cat":[4379,4024],"product_tag":[],"class_list":{"0":"post-153712","1":"product","2":"type-product","3":"status-publish","4":"has-post-thumbnail","6":"product_cat-figurado-de-barcelos-fr","7":"product_cat-editions-limitees","8":"product_shipping_class-categoria-1","9":"description-off","11":"first","12":"instock","13":"taxable","14":"shipping-taxable","15":"purchasable","16":"product-type-variable"},"acf":[],"jetpack_sharing_enabled":true,"_links":{"self":[{"href":"https:\/\/casaatlantica.es\/fr\/wp-json\/wp\/v2\/product\/153712","targetHints":{"allow":["GET"]}}],"collection":[{"href":"https:\/\/casaatlantica.es\/fr\/wp-json\/wp\/v2\/product"}],"about":[{"href":"https:\/\/casaatlantica.es\/fr\/wp-json\/wp\/v2\/types\/product"}],"wp:featuredmedia":[{"embeddable":true,"href":"https:\/\/casaatlantica.es\/fr\/wp-json\/wp\/v2\/media\/147149"}],"wp:attachment":[{"href":"https:\/\/casaatlantica.es\/fr\/wp-json\/wp\/v2\/media?parent=153712"}],"wp:term":[{"taxonomy":"product_brand","embeddable":true,"href":"https:\/\/casaatlantica.es\/fr\/wp-json\/wp\/v2\/product_brand?post=153712"},{"taxonomy":"product_cat","embeddable":true,"href":"https:\/\/casaatlantica.es\/fr\/wp-json\/wp\/v2\/product_cat?post=153712"},{"taxonomy":"product_tag","embeddable":true,"href":"https:\/\/casaatlantica.es\/fr\/wp-json\/wp\/v2\/product_tag?post=153712"}],"curies":[{"name":"wp","href":"https:\/\/api.w.org\/{rel}","templated":true}]}}