{"id":164938,"date":"2026-03-26T16:50:05","date_gmt":"2026-03-26T15:50:05","guid":{"rendered":"https:\/\/casaatlantica.es\/?post_type=product&#038;p=164938"},"modified":"2026-03-26T16:50:17","modified_gmt":"2026-03-26T15:50:17","slug":"cache-pot-en-argile-emaillee-bleue-quintin","status":"publish","type":"product","link":"https:\/\/casaatlantica.es\/fr\/producto\/cache-pot-en-argile-emaillee-bleue-quintin\/","title":{"rendered":"Quint\u00edn &#8211; bleue"},"content":{"rendered":"<h3 class=\"titprod\">Cache-pot en argile \u00e9maill\u00e9e bleue<\/h3>\n<p class=\"p1\">Cache-pot fabriqu\u00e9 \u00e0 la main sur un tour de potier, o\u00f9 chaque pi\u00e8ce prend forme de mani\u00e8re unique gr\u00e2ce au travail direct de l\u2019artisan. R\u00e9alis\u00e9 en argile et fini avec un d\u00e9licat \u00e9maillage bleu, il pr\u00e9sente une esth\u00e9tique \u00e9pur\u00e9e et intemporelle qui s\u2019adapte \u00e0 tous les styles de d\u00e9coration.<\/p>\n<p class=\"p1\">Chaque cache-pot est unique, avec de l\u00e9g\u00e8res variations propres au travail manuel qui refl\u00e8tent son origine artisanale et lui conf\u00e8rent un caract\u00e8re authentique et exclusif.<\/p>\n<div class=\"spacer\"><\/div>\n<p class=\"p1\"><strong>MAT\u00c9RIAU<\/strong> Argile \u00e9maill\u00e9e.<\/p>\n<p class=\"p1\"><strong>DIMENSIONS<\/strong> 19 x 19 x 25 cm.<\/p>\n<p class=\"p1\"><strong>CONTENU<\/strong> 1 cache-pot<\/p>\n<div class=\"spacer\"><\/div>\n<p class=\"p1\"><i>Il s\u2019agit d\u2019un produit artisanal ; la couleur et la finition peuvent varier l\u00e9g\u00e8rement par rapport aux pi\u00e8ces pr\u00e9sent\u00e9es sur la photo.<\/i><\/p>\n","protected":false},"excerpt":{"rendered":"<p style=\"text-transform: uppercase\">Cache-pot en argile \u00e9maill\u00e9e bleue<\/p>\n","protected":false},"featured_media":164942,"template":"","meta":{"_acf_changed":false},"product_brand":[],"product_cat":[3987],"product_tag":[4219,3968],"class_list":{"0":"post-164938","1":"product","2":"type-product","3":"status-publish","4":"has-post-thumbnail","6":"product_cat-pots-en-argile","7":"product_tag-cache-pots-en-argile","8":"product_tag-pot-de-fleur-en-ceramique-emaillee","9":"pa_color-azul-fr","10":"description-off","12":"first","13":"instock","14":"sale","15":"taxable","16":"shipping-taxable","17":"purchasable","18":"product-type-simple"},"acf":[],"jetpack_sharing_enabled":true,"_links":{"self":[{"href":"https:\/\/casaatlantica.es\/fr\/wp-json\/wp\/v2\/product\/164938","targetHints":{"allow":["GET"]}}],"collection":[{"href":"https:\/\/casaatlantica.es\/fr\/wp-json\/wp\/v2\/product"}],"about":[{"href":"https:\/\/casaatlantica.es\/fr\/wp-json\/wp\/v2\/types\/product"}],"wp:featuredmedia":[{"embeddable":true,"href":"https:\/\/casaatlantica.es\/fr\/wp-json\/wp\/v2\/media\/164942"}],"wp:attachment":[{"href":"https:\/\/casaatlantica.es\/fr\/wp-json\/wp\/v2\/media?parent=164938"}],"wp:term":[{"taxonomy":"product_brand","embeddable":true,"href":"https:\/\/casaatlantica.es\/fr\/wp-json\/wp\/v2\/product_brand?post=164938"},{"taxonomy":"product_cat","embeddable":true,"href":"https:\/\/casaatlantica.es\/fr\/wp-json\/wp\/v2\/product_cat?post=164938"},{"taxonomy":"product_tag","embeddable":true,"href":"https:\/\/casaatlantica.es\/fr\/wp-json\/wp\/v2\/product_tag?post=164938"}],"curies":[{"name":"wp","href":"https:\/\/api.w.org\/{rel}","templated":true}]}}