{"id":29594,"date":"2019-05-20T17:00:54","date_gmt":"2019-05-20T15:00:54","guid":{"rendered":"https:\/\/casaatlantica.es\/producto\/sardines-peintes-a-la-main-en-ceramique\/"},"modified":"2025-11-13T12:55:21","modified_gmt":"2025-11-13T11:55:21","slug":"sardines-en-ceramique-peintes-a-la-main-lupita","status":"publish","type":"product","link":"https:\/\/casaatlantica.es\/fr\/producto\/sardines-en-ceramique-peintes-a-la-main-lupita\/","title":{"rendered":"Lupita"},"content":{"rendered":"<h3 class=\"titprod\">Sardines en C\u00e9ramique Peintes \u00e0 la Main<\/h3>\n<p class=\"p1\">Les sardines en c\u00e9ramique peintes \u00e0 la main sont une expression de l&rsquo;artisanat traditionnel portugais. Inspir\u00e9es par le riche patrimoine maritime du pays, ces pi\u00e8ces d\u00e9coratives allient cr\u00e9ativit\u00e9 et tradition. Chaque sardine Lupita est moul\u00e9e et peinte \u00e0 la main dans un atelier dirig\u00e9 par Ant\u00f3nio et L\u00facia, ma\u00eetres c\u00e9ramistes du nord du Portugal, garantissant ainsi que chaque pi\u00e8ce soit unique.<\/p>\n<p class=\"p1\">Qu&rsquo;elles soient accroch\u00e9es au mur ou conserv\u00e9es comme objet de collection, elles sont une belle repr\u00e9sentation de la culture et de la tradition.<\/p>\n<div class=\"spacer\"><\/div>\n<p class=\"p1\"><strong>MAT\u00c9RIEL<\/strong> C\u00e9ramique blanche \u00e9maill\u00e9e et peinte en nuances de gris, noir, rose et jaune.<\/p>\n<p class=\"p1\"><strong>DIMENSIONS<\/strong> Petite sardine : 13 x 2,5 x 2 cm. et Grande sardine : 17 x 3,5 x 2 cm.<\/p>\n<p class=\"p1\"><strong>CONTENU<\/strong> Ensemble : 1 unit\u00e9 de chaque taille.<\/p>\n<div class=\"spacer\"><\/div>\n<p class=\"p1\"><em>Ceci est un produit artisanal ; la couleur et la finition peuvent l\u00e9g\u00e8rement varier par rapport aux pi\u00e8ces sur la photo.<\/em><\/p>\n","protected":false},"excerpt":{"rendered":"<p style=\"text-transform: uppercase;\">Lot de deux sardines en c\u00e9ramique peintes \u00e0 la main<\/p>\n","protected":false},"featured_media":153687,"template":"","meta":{"_acf_changed":false},"product_brand":[],"product_cat":[3868,3978],"product_tag":[3932,3936],"class_list":{"0":"post-29594","1":"product","2":"type-product","3":"status-publish","4":"has-post-thumbnail","6":"product_cat-objets-decoratifs","7":"product_cat-sardines-en-ceramique","8":"product_tag-sardines-en-ceramique","9":"product_tag-sardines-en-ceramique-peintes-a-la-main","10":"product_shipping_class-categoria-1","11":"description-off","13":"first","14":"instock","15":"sale","16":"taxable","17":"shipping-taxable","18":"purchasable","19":"product-type-simple"},"acf":[],"jetpack_sharing_enabled":true,"_links":{"self":[{"href":"https:\/\/casaatlantica.es\/fr\/wp-json\/wp\/v2\/product\/29594","targetHints":{"allow":["GET"]}}],"collection":[{"href":"https:\/\/casaatlantica.es\/fr\/wp-json\/wp\/v2\/product"}],"about":[{"href":"https:\/\/casaatlantica.es\/fr\/wp-json\/wp\/v2\/types\/product"}],"wp:featuredmedia":[{"embeddable":true,"href":"https:\/\/casaatlantica.es\/fr\/wp-json\/wp\/v2\/media\/153687"}],"wp:attachment":[{"href":"https:\/\/casaatlantica.es\/fr\/wp-json\/wp\/v2\/media?parent=29594"}],"wp:term":[{"taxonomy":"product_brand","embeddable":true,"href":"https:\/\/casaatlantica.es\/fr\/wp-json\/wp\/v2\/product_brand?post=29594"},{"taxonomy":"product_cat","embeddable":true,"href":"https:\/\/casaatlantica.es\/fr\/wp-json\/wp\/v2\/product_cat?post=29594"},{"taxonomy":"product_tag","embeddable":true,"href":"https:\/\/casaatlantica.es\/fr\/wp-json\/wp\/v2\/product_tag?post=29594"}],"curies":[{"name":"wp","href":"https:\/\/api.w.org\/{rel}","templated":true}]}}