{"id":29605,"date":"2019-05-20T17:07:29","date_gmt":"2019-05-20T15:07:29","guid":{"rendered":"https:\/\/casaatlantica.es\/producto\/sardines-bleu-cobalt-en-ceramique-2\/"},"modified":"2025-05-21T11:32:23","modified_gmt":"2025-05-21T11:32:23","slug":"sardines-en-ceramique-bleu-cobalt-quimeta","status":"publish","type":"product","link":"https:\/\/casaatlantica.es\/fr\/producto\/sardines-en-ceramique-bleu-cobalt-quimeta\/","title":{"rendered":"Quimeta"},"content":{"rendered":"<h3 class=\"titprod\">Sardines en C\u00e9ramique Bleu Cobalt<\/h3>\n<p class=\"p1\">Ensemble de sardines en c\u00e9ramique \u00e9maill\u00e9e bleu cobalt, fabriqu\u00e9es \u00e0 la main. Apporte lumi\u00e8re et style \u00e0 vos espaces.<\/p>\n<p class=\"p1\">Ces sardines sont fabriqu\u00e9es artisanalement dans un petit atelier dirig\u00e9 par Ant\u00f3nio et L\u00facia, ma\u00eetres c\u00e9ramistes du nord du Portugal. Nous utilisons des moules pour fa\u00e7onner la c\u00e9ramique, qui est ensuite \u00e9maill\u00e9e avec une finition brillante en bleu cobalt. Chaque pi\u00e8ce est soigneusement peinte \u00e0 la main, garantissant un design unique et plein de caract\u00e8re.<\/p>\n<div class=\"spacer\"><\/div>\n<p class=\"p1\"><strong>MAT\u00c9RIEL<\/strong> C\u00e9ramique blanche \u00e9maill\u00e9e en bleu cobalt.<\/p>\n<p class=\"p1\"><strong>DIMENSIONS<\/strong> Petite sardine : 13 x 2,5 x 2 cm. et Grande sardine : 17 x 3,5 x 2 cm.<\/p>\n<p class=\"p1\"><strong>CONTENU<\/strong> Ensemble : 1 unit\u00e9 de chaque taille.<\/p>\n<div class=\"spacer\"><\/div>\n<p class=\"p1\"><em>Ceci est un produit artisanal ; la couleur et la finition peuvent l\u00e9g\u00e8rement varier par rapport aux pi\u00e8ces sur la photo.<\/em><\/p>\n","protected":false},"excerpt":{"rendered":"<p style=\"text-transform: uppercase;\">Ensemble de deux sardines en c\u00e9ramique \u00e9maill\u00e9e bleu cobalt<\/p>\n","protected":false},"featured_media":38010,"template":"","meta":{"_acf_changed":false},"product_brand":[],"product_cat":[3868,3978],"product_tag":[3932,3934],"class_list":{"0":"post-29605","1":"product","2":"type-product","3":"status-publish","4":"has-post-thumbnail","6":"product_cat-objets-decoratifs","7":"product_cat-sardines-en-ceramique","8":"product_tag-sardines-en-ceramique","9":"product_tag-sardines-en-ceramique-bleu-cobalt","10":"product_shipping_class-categoria-1","11":"pa_color-azulcobalto-fr","12":"description-off","14":"first","15":"instock","16":"sale","17":"taxable","18":"shipping-taxable","19":"purchasable","20":"product-type-simple"},"acf":[],"jetpack_sharing_enabled":true,"_links":{"self":[{"href":"https:\/\/casaatlantica.es\/fr\/wp-json\/wp\/v2\/product\/29605","targetHints":{"allow":["GET"]}}],"collection":[{"href":"https:\/\/casaatlantica.es\/fr\/wp-json\/wp\/v2\/product"}],"about":[{"href":"https:\/\/casaatlantica.es\/fr\/wp-json\/wp\/v2\/types\/product"}],"wp:featuredmedia":[{"embeddable":true,"href":"https:\/\/casaatlantica.es\/fr\/wp-json\/wp\/v2\/media\/38010"}],"wp:attachment":[{"href":"https:\/\/casaatlantica.es\/fr\/wp-json\/wp\/v2\/media?parent=29605"}],"wp:term":[{"taxonomy":"product_brand","embeddable":true,"href":"https:\/\/casaatlantica.es\/fr\/wp-json\/wp\/v2\/product_brand?post=29605"},{"taxonomy":"product_cat","embeddable":true,"href":"https:\/\/casaatlantica.es\/fr\/wp-json\/wp\/v2\/product_cat?post=29605"},{"taxonomy":"product_tag","embeddable":true,"href":"https:\/\/casaatlantica.es\/fr\/wp-json\/wp\/v2\/product_tag?post=29605"}],"curies":[{"name":"wp","href":"https:\/\/api.w.org\/{rel}","templated":true}]}}