{"id":29689,"date":"2019-08-27T19:10:20","date_gmt":"2019-08-27T17:10:20","guid":{"rendered":"https:\/\/casaatlantica.es\/producto\/pot-vert-a-rayures-horizontales\/"},"modified":"2025-06-21T00:04:28","modified_gmt":"2025-06-21T00:04:28","slug":"pot-en-argile-rayures-vertes-bento","status":"publish","type":"product","link":"https:\/\/casaatlantica.es\/fr\/producto\/pot-en-argile-rayures-vertes-bento\/","title":{"rendered":"Bento"},"content":{"rendered":"<h3 class=\"titprod\">Pot en Argile Peint avec Rayures Vertes<\/h3>\n<p class=\"p1\">Pot en argile rouge peint avec des rayures vertes horizontales. Comprend une soucoupe en argile pour recueillir l&rsquo;eau, garantissant ainsi une hydratation optimale des plantes tout en pr\u00e9servant leur durabilit\u00e9.<\/p>\n<p class=\"p1\">Les pots \u00e0 rayures vertes de Casa Atl\u00e2ntica sont des pi\u00e8ces uniques, fabriqu\u00e9es \u00e0 la main en argile rouge selon un processus artisanal et durable. Pour les r\u00e9aliser, nous avons d\u00e9velopp\u00e9 une technique unique de peinture.<\/p>\n<div class=\"spacer\"><\/div>\n<p class=\"p1\"><strong>MAT\u00c9RIAU<\/strong> Argile peinte.<\/p>\n<p class=\"p1\"><strong>DIMENSIONS<\/strong> Pot moyen : 18 x 18 x 19 cm. Petit pot : 13 x 13 x 11,5 cm.<\/p>\n<p class=\"p1\"><strong>CONTENU<\/strong> 1 pot en argile et 1 soucoupe en argile.<\/p>\n<div class=\"spacer\"><\/div>\n<p class=\"p1\"><em>Ce produit est artisanal ; la couleur et la finition peuvent l\u00e9g\u00e8rement varier par rapport aux pi\u00e8ces pr\u00e9sent\u00e9es en photo.<\/em><\/p>\n","protected":false},"excerpt":{"rendered":"<p style=\"text-transform: uppercase\">Pot en Argile Peint avec Rayures Vertes<\/p>\n","protected":false},"featured_media":37333,"template":"","meta":{"_acf_changed":false},"product_brand":[],"product_cat":[3987],"product_tag":[4209,4320,4215],"class_list":{"0":"post-29689","1":"product","2":"type-product","3":"status-publish","4":"has-post-thumbnail","6":"product_cat-pots-en-argile","7":"product_tag-pots-en-argile","8":"product_tag-pots-en-argile-peints","9":"product_tag-pots-en-argile-peints-en-vert","10":"pa_color-rayashorizontalesverdes-fr","11":"pa_tamano-m-fr","12":"pa_tamano-s-2-fr","13":"description-off","15":"first","16":"instock","17":"taxable","18":"shipping-taxable","19":"purchasable","20":"product-type-variable","21":"has-default-attributes"},"acf":[],"jetpack_sharing_enabled":true,"_links":{"self":[{"href":"https:\/\/casaatlantica.es\/fr\/wp-json\/wp\/v2\/product\/29689","targetHints":{"allow":["GET"]}}],"collection":[{"href":"https:\/\/casaatlantica.es\/fr\/wp-json\/wp\/v2\/product"}],"about":[{"href":"https:\/\/casaatlantica.es\/fr\/wp-json\/wp\/v2\/types\/product"}],"wp:featuredmedia":[{"embeddable":true,"href":"https:\/\/casaatlantica.es\/fr\/wp-json\/wp\/v2\/media\/37333"}],"wp:attachment":[{"href":"https:\/\/casaatlantica.es\/fr\/wp-json\/wp\/v2\/media?parent=29689"}],"wp:term":[{"taxonomy":"product_brand","embeddable":true,"href":"https:\/\/casaatlantica.es\/fr\/wp-json\/wp\/v2\/product_brand?post=29689"},{"taxonomy":"product_cat","embeddable":true,"href":"https:\/\/casaatlantica.es\/fr\/wp-json\/wp\/v2\/product_cat?post=29689"},{"taxonomy":"product_tag","embeddable":true,"href":"https:\/\/casaatlantica.es\/fr\/wp-json\/wp\/v2\/product_tag?post=29689"}],"curies":[{"name":"wp","href":"https:\/\/api.w.org\/{rel}","templated":true}]}}