{"id":29722,"date":"2019-08-27T23:46:52","date_gmt":"2019-08-27T21:46:52","guid":{"rendered":"https:\/\/casaatlantica.es\/producto\/pot-bleu-a-rayures-verticales-2\/"},"modified":"2025-06-21T00:04:27","modified_gmt":"2025-06-21T00:04:27","slug":"pot-en-argile-rayures-bleues-mare","status":"publish","type":"product","link":"https:\/\/casaatlantica.es\/fr\/producto\/pot-en-argile-rayures-bleues-mare\/","title":{"rendered":"Mar\u00e9"},"content":{"rendered":"<h3 class=\"titprod\">Pot en Argile Peint avec Rayures Bleues<\/h3>\n<p class=\"p1\">Pot en argile rouge peint avec des rayures bleues verticales, fait \u00e0 la main. Comprend une soucoupe en argile pour recueillir l&rsquo;eau, id\u00e9al pour une d\u00e9coration fonctionnelle et durable.<\/p>\n<p class=\"p1\">Les pots \u00e0 rayures bleues de Casa Atl\u00e2ntica sont des pi\u00e8ces uniques, fabriqu\u00e9es \u00e0 la main en argile rouge selon un processus artisanal et durable. Pour les r\u00e9aliser, nous avons d\u00e9velopp\u00e9 une technique unique de peinture.<\/p>\n<div class=\"spacer\"><\/div>\n<p class=\"p1\"><strong>MAT\u00c9RIAU<\/strong> Argile peinte.<\/p>\n<p class=\"p1\"><strong>DIMENSIONS<\/strong> Pot moyen : 18 x 18 x 19 cm. Petit pot : 13 x 13 x 11,5 cm.<\/p>\n<p class=\"p1\"><strong>CONTENU<\/strong> 1 pot en argile et 1 soucoupe en argile.<\/p>\n<div class=\"spacer\"><\/div>\n<p class=\"p1\"><em>Ce produit est artisanal ; la couleur et la finition peuvent l\u00e9g\u00e8rement varier par rapport aux pi\u00e8ces pr\u00e9sent\u00e9es en photo.<\/em><\/p>\n","protected":false},"excerpt":{"rendered":"<p style=\"text-transform: uppercase\">Pot en Argile Peint avec Rayures Bleues<\/p>\n","protected":false},"featured_media":37153,"template":"","meta":{"_acf_changed":false},"product_brand":[],"product_cat":[3987],"product_tag":[4205,4209,4320,4211],"class_list":{"0":"post-29722","1":"product","2":"type-product","3":"status-publish","4":"has-post-thumbnail","6":"product_cat-pots-en-argile","7":"product_tag-pot-en-argile-peint-a-rayures-bleues","8":"product_tag-pots-en-argile","9":"product_tag-pots-en-argile-peints","10":"product_tag-pots-en-argile-peints-en-bleu","11":"pa_color-rayasverticalesazules-fr","12":"pa_tamano-m-fr","13":"pa_tamano-s-fr","14":"description-off","16":"first","17":"instock","18":"taxable","19":"shipping-taxable","20":"purchasable","21":"product-type-variable","22":"has-default-attributes"},"acf":[],"jetpack_sharing_enabled":true,"_links":{"self":[{"href":"https:\/\/casaatlantica.es\/fr\/wp-json\/wp\/v2\/product\/29722","targetHints":{"allow":["GET"]}}],"collection":[{"href":"https:\/\/casaatlantica.es\/fr\/wp-json\/wp\/v2\/product"}],"about":[{"href":"https:\/\/casaatlantica.es\/fr\/wp-json\/wp\/v2\/types\/product"}],"wp:featuredmedia":[{"embeddable":true,"href":"https:\/\/casaatlantica.es\/fr\/wp-json\/wp\/v2\/media\/37153"}],"wp:attachment":[{"href":"https:\/\/casaatlantica.es\/fr\/wp-json\/wp\/v2\/media?parent=29722"}],"wp:term":[{"taxonomy":"product_brand","embeddable":true,"href":"https:\/\/casaatlantica.es\/fr\/wp-json\/wp\/v2\/product_brand?post=29722"},{"taxonomy":"product_cat","embeddable":true,"href":"https:\/\/casaatlantica.es\/fr\/wp-json\/wp\/v2\/product_cat?post=29722"},{"taxonomy":"product_tag","embeddable":true,"href":"https:\/\/casaatlantica.es\/fr\/wp-json\/wp\/v2\/product_tag?post=29722"}],"curies":[{"name":"wp","href":"https:\/\/api.w.org\/{rel}","templated":true}]}}