{"id":30002,"date":"2020-03-03T15:02:37","date_gmt":"2020-03-03T14:02:37","guid":{"rendered":"https:\/\/casaatlantica.es\/producto\/lampe-en-terre-cuite-allongee\/"},"modified":"2025-06-21T00:04:25","modified_gmt":"2025-06-21T00:04:25","slug":"lampe-suspendue-en-terre-cuite-non-emaille-farol","status":"publish","type":"product","link":"https:\/\/casaatlantica.es\/fr\/producto\/lampe-suspendue-en-terre-cuite-non-emaille-farol\/","title":{"rendered":"Farol"},"content":{"rendered":"<h3 class=\"titprod\">Lampe Suspendue en Terre Cuite<\/h3>\n<p class=\"p1\">Lampe suspendue en terre cuite non \u00e9maill\u00e9 avec un design unique et artisanal. Inspir\u00e9e par les \u00e9l\u00e9ments marins, elle allie tradition et \u00e9l\u00e9gance.<\/p>\n<p class=\"p1\">Chaque lampe est r\u00e9alis\u00e9e \u00e0 la main dans un atelier sp\u00e9cialis\u00e9, en suivant les techniques traditionnelles de poterie. La terre cuite est fa\u00e7onn\u00e9e au tour de potier, garantissant des formes organiques et des finitions uniques. La cuisson \u00e0 haute temp\u00e9rature met en valeur les \u00e9clats naturels de mica \u00e0 la surface, lui conf\u00e9rant une apparence distinctive. Ce design est n\u00e9 d&rsquo;une collaboration sp\u00e9ciale avec Jo\u00e3o Louren\u00e7o et \u201cas redeiras da Guarda\u201d, int\u00e9grant cr\u00e9ativit\u00e9 et h\u00e9ritage artisanal.<\/p>\n<div class=\"spacer\"><\/div>\n<p class=\"p1\"><strong>MAT\u00c9RIAU<\/strong> Argile, c\u00e2ble \u00e9lectrique recouvert de tissu beige (140 cm de long) et fil de nylon bleu similaire \u00e0 celui utilis\u00e9 dans certains filets de p\u00eache.<\/p>\n<p class=\"p1\"><strong>DIMENSIONS<\/strong> Lampe : 20 x 20 x 28 cm.<\/p>\n<p class=\"p1\"><strong>CONTENU<\/strong> 1 lampe<\/p>\n<div class=\"spacer\"><\/div>\n<p class=\"p1\"><em>Ce produit est artisanal ; la couleur et la finition peuvent l\u00e9g\u00e8rement varier par rapport aux pi\u00e8ces pr\u00e9sent\u00e9es sur la photo.<\/em><\/p>\n","protected":false},"excerpt":{"rendered":"<p style=\"text-transform: uppercase\">Lampe Suspendue en Terre Cuite<\/p>\n","protected":false},"featured_media":36774,"template":"","meta":{"_acf_changed":false},"product_brand":[],"product_cat":[3877,4018],"product_tag":[4278,4280,4282,4284,4290],"class_list":{"0":"post-30002","1":"product","2":"type-product","3":"status-publish","4":"has-post-thumbnail","6":"product_cat-lampes","7":"product_cat-plafonniers-en-ceramique","8":"product_tag-lampe-artisanale","9":"product_tag-lampe-en-argile-non-emaillee","10":"product_tag-lampe-suspendue","11":"product_tag-lampe-suspendue-en-argile","12":"product_tag-lampe-suspendue-terracotta","13":"product_shipping_class-categoria-3-fr","14":"pa_dibujo-rayasincisas","15":"pa_dibujo-barroliso","16":"description-off","18":"first","19":"instock","20":"taxable","21":"shipping-taxable","22":"purchasable","23":"product-type-variable","24":"has-default-attributes"},"acf":[],"jetpack_sharing_enabled":true,"_links":{"self":[{"href":"https:\/\/casaatlantica.es\/fr\/wp-json\/wp\/v2\/product\/30002","targetHints":{"allow":["GET"]}}],"collection":[{"href":"https:\/\/casaatlantica.es\/fr\/wp-json\/wp\/v2\/product"}],"about":[{"href":"https:\/\/casaatlantica.es\/fr\/wp-json\/wp\/v2\/types\/product"}],"wp:featuredmedia":[{"embeddable":true,"href":"https:\/\/casaatlantica.es\/fr\/wp-json\/wp\/v2\/media\/36774"}],"wp:attachment":[{"href":"https:\/\/casaatlantica.es\/fr\/wp-json\/wp\/v2\/media?parent=30002"}],"wp:term":[{"taxonomy":"product_brand","embeddable":true,"href":"https:\/\/casaatlantica.es\/fr\/wp-json\/wp\/v2\/product_brand?post=30002"},{"taxonomy":"product_cat","embeddable":true,"href":"https:\/\/casaatlantica.es\/fr\/wp-json\/wp\/v2\/product_cat?post=30002"},{"taxonomy":"product_tag","embeddable":true,"href":"https:\/\/casaatlantica.es\/fr\/wp-json\/wp\/v2\/product_tag?post=30002"}],"curies":[{"name":"wp","href":"https:\/\/api.w.org\/{rel}","templated":true}]}}