{"id":30049,"date":"2020-11-05T17:08:33","date_gmt":"2020-11-05T16:08:33","guid":{"rendered":"https:\/\/casaatlantica.es\/producto\/support-pour-plante-en-bois\/"},"modified":"2024-11-13T14:25:12","modified_gmt":"2024-11-13T14:25:12","slug":"support-pour-plante-en-bois","status":"publish","type":"product","link":"https:\/\/casaatlantica.es\/fr\/producto\/support-pour-plante-en-bois\/","title":{"rendered":"Flavio"},"content":{"rendered":"<h5>Support pour pots.<\/h5>\n<p class=\"p1\">L&rsquo;un de nos derniers mod\u00e8les est ce support ou pied en bois de pin massif, compos\u00e9 de deux pi\u00e8ces qui s&rsquo;assemblent tr\u00e8s facilement. Il vous permettra de d\u00e9corer avec des plantes \u00e0 diff\u00e9rents niveaux et vous permettra \u00e9galement de montrer vos plantes suspendues.<\/p>\n<p class=\"p1\">Utilisation \u00e0 l&rsquo;int\u00e9rieur et \u00e0 l&rsquo;ext\u00e9rieur.<\/p>\n<p class=\"spacer\">\n<h5>Information produit :<\/h5>\n<ul style=\"list-style-type: disc;\">\n<li class=\"p1\">Bois de pin avec vernis.<\/li>\n<li class=\"p1\">M:\u00a032 x 28 cm.<\/li>\n<li class=\"p1\">L:\u00a042 x 28 cm.<\/li>\n<\/ul>\n<p class=\"p1\"><i>Dans les produits artisanaux, il peut y avoir de l\u00e9g\u00e8res variations de couleur et de forme.<\/i><\/p>\n","protected":false},"excerpt":{"rendered":"<p>Support de pots<\/p>\n","protected":false},"featured_media":608,"template":"","meta":{"_acf_changed":false},"product_brand":[],"product_cat":[],"product_tag":[4209],"class_list":{"0":"post-30049","1":"product","2":"type-product","3":"status-publish","4":"has-post-thumbnail","6":"product_tag-pots-en-argile","7":"pa_tamano-l-fr","8":"pa_tamano-m-fr","9":"description-off","11":"first","12":"outofstock","13":"taxable","14":"shipping-taxable","15":"purchasable","16":"product-type-variable","17":"has-default-attributes"},"acf":[],"jetpack_sharing_enabled":true,"_links":{"self":[{"href":"https:\/\/casaatlantica.es\/fr\/wp-json\/wp\/v2\/product\/30049","targetHints":{"allow":["GET"]}}],"collection":[{"href":"https:\/\/casaatlantica.es\/fr\/wp-json\/wp\/v2\/product"}],"about":[{"href":"https:\/\/casaatlantica.es\/fr\/wp-json\/wp\/v2\/types\/product"}],"wp:featuredmedia":[{"embeddable":true,"href":"https:\/\/casaatlantica.es\/fr\/wp-json\/wp\/v2\/media\/608"}],"wp:attachment":[{"href":"https:\/\/casaatlantica.es\/fr\/wp-json\/wp\/v2\/media?parent=30049"}],"wp:term":[{"taxonomy":"product_brand","embeddable":true,"href":"https:\/\/casaatlantica.es\/fr\/wp-json\/wp\/v2\/product_brand?post=30049"},{"taxonomy":"product_cat","embeddable":true,"href":"https:\/\/casaatlantica.es\/fr\/wp-json\/wp\/v2\/product_cat?post=30049"},{"taxonomy":"product_tag","embeddable":true,"href":"https:\/\/casaatlantica.es\/fr\/wp-json\/wp\/v2\/product_tag?post=30049"}],"curies":[{"name":"wp","href":"https:\/\/api.w.org\/{rel}","templated":true}]}}