{"id":30066,"date":"2024-12-17T13:50:29","date_gmt":"2024-12-17T12:50:29","guid":{"rendered":"https:\/\/casaatlantica.es\/?post_type=product&#038;p=30066"},"modified":"2025-05-21T11:32:19","modified_gmt":"2025-05-21T11:32:19","slug":"petit-hirondelles-en-terre-cuite-petit","status":"publish","type":"product","link":"https:\/\/casaatlantica.es\/fr\/producto\/petit-hirondelles-en-terre-cuite-petit\/","title":{"rendered":"\u00cdas"},"content":{"rendered":"<h3 class=\"titprod\">Hirondelles en Argile<\/h3>\n<p class=\"p1\">Ensemble d&rsquo;hirondelles en argile faites \u00e0 la main, parfait pour une d\u00e9coration rustique et naturelle.<\/p>\n<p class=\"p1\">Ces hirondelles sont fabriqu\u00e9es dans un atelier du nord du Portugal en utilisant des moules sp\u00e9cifiques pour l&rsquo;argile rouge. Chaque pi\u00e8ce est s\u00e9ch\u00e9e \u00e0 l&rsquo;air libre, polie, puis cuite dans un four traditionnel pour obtenir une finition authentique. Elles poss\u00e8dent un trou \u00e0 l&rsquo;arri\u00e8re pour un accrochage mural facile.<\/p>\n<div class=\"spacer\"><\/div>\n<p class=\"p1\"><strong>MAT\u00c9RIAU<\/strong> Argile non \u00e9maill\u00e9e.<\/p>\n<p class=\"p1\"><strong>DIMENSIONS<\/strong> 9 x 8 cm.<\/p>\n<p class=\"p1\"><strong>CONTENU<\/strong> Ensemble : 3 pi\u00e8ces.<\/p>\n<p class=\"p1\"><em>Ce produit est artisanal ; la couleur et la finition peuvent l\u00e9g\u00e8rement varier par rapport aux pi\u00e8ces sur la photo.<\/em><\/p>\n","protected":false},"excerpt":{"rendered":"<p style=\"text-transform: uppercase\">Lot de trois Hirondelles\u00a0en terre cuite<\/p>\n","protected":false},"featured_media":56449,"template":"","meta":{"_acf_changed":false},"product_brand":[],"product_cat":[3980,3868],"product_tag":[4274,3946],"class_list":{"0":"post-30066","1":"product","2":"type-product","3":"status-publish","4":"has-post-thumbnail","6":"product_cat-hirondelles-en-ceramique","7":"product_cat-objets-decoratifs","8":"product_tag-hirondelles-decoratifs-en-argile","9":"product_tag-hirondelles-en-argile","10":"product_shipping_class-categoria-1","11":"pa_material-ceramica","12":"description-off","14":"first","15":"instock","16":"taxable","17":"shipping-taxable","18":"purchasable","19":"product-type-simple"},"acf":[],"jetpack_sharing_enabled":true,"_links":{"self":[{"href":"https:\/\/casaatlantica.es\/fr\/wp-json\/wp\/v2\/product\/30066","targetHints":{"allow":["GET"]}}],"collection":[{"href":"https:\/\/casaatlantica.es\/fr\/wp-json\/wp\/v2\/product"}],"about":[{"href":"https:\/\/casaatlantica.es\/fr\/wp-json\/wp\/v2\/types\/product"}],"wp:featuredmedia":[{"embeddable":true,"href":"https:\/\/casaatlantica.es\/fr\/wp-json\/wp\/v2\/media\/56449"}],"wp:attachment":[{"href":"https:\/\/casaatlantica.es\/fr\/wp-json\/wp\/v2\/media?parent=30066"}],"wp:term":[{"taxonomy":"product_brand","embeddable":true,"href":"https:\/\/casaatlantica.es\/fr\/wp-json\/wp\/v2\/product_brand?post=30066"},{"taxonomy":"product_cat","embeddable":true,"href":"https:\/\/casaatlantica.es\/fr\/wp-json\/wp\/v2\/product_cat?post=30066"},{"taxonomy":"product_tag","embeddable":true,"href":"https:\/\/casaatlantica.es\/fr\/wp-json\/wp\/v2\/product_tag?post=30066"}],"curies":[{"name":"wp","href":"https:\/\/api.w.org\/{rel}","templated":true}]}}