{"id":30472,"date":"2022-10-26T13:32:18","date_gmt":"2022-10-26T11:32:18","guid":{"rendered":"https:\/\/casaatlantica.es\/producto\/lot-de-4-pots-de-fleurs-xs\/"},"modified":"2025-05-21T11:46:40","modified_gmt":"2025-05-21T11:46:40","slug":"ensemble-pots-en-argile-vert-jaune-bleu","status":"publish","type":"product","link":"https:\/\/casaatlantica.es\/fr\/producto\/ensemble-pots-en-argile-vert-jaune-bleu\/","title":{"rendered":"Set Bieito"},"content":{"rendered":"<h2 class=\"titprod\">Ensemble de Trois Pots en Argile de Diff\u00e9rentes Couleurs<\/h2>\n<p class=\"p1\">Les pots en argile peints en couleur unie sont disponibles en plusieurs teintes. Tous les pots poss\u00e8dent un trou de drainage et une soucoupe en argile pour recueillir l&rsquo;exc\u00e8s d&rsquo;eau. Une couche de sable, de gravier ou d&rsquo;argile peut \u00eatre plac\u00e9e au fond pour faciliter le drainage.<\/p>\n<p class=\"p1\">Casa Atl\u00e2ntica les fabrique de mani\u00e8re artisanale et respectueuse de l&rsquo;environnement dans des ateliers locaux. Chaque pi\u00e8ce est unique et poss\u00e8de son esth\u00e9tique singuli\u00e8re.<\/p>\n<div class=\"spacer\"><\/div>\n<p class=\"p1\"><strong>MAT\u00c9RIAU<\/strong> Argile peinte.<\/p>\n<p class=\"p1\"><strong>DIMENSIONS<\/strong> Petit pot : 13 x 13 x 11,5 cm.<\/p>\n<p class=\"p1\"><strong>CONTENU<\/strong> 1 pot en argile de chaque couleur (vert, jaune et bleu) et 3 soucoupes en argile.<\/p>\n<div class=\"spacer\"><\/div>\n<p class=\"p1\"><em>Ce produit est artisanal ; la couleur et la finition peuvent l\u00e9g\u00e8rement varier par rapport aux pi\u00e8ces pr\u00e9sent\u00e9es en photo.<\/em><\/p>\n","protected":false},"excerpt":{"rendered":"<p style=\"text-transform: uppercase\">Ensemble de Trois Pots en Argile vert, jaune et bleu<\/p>\n","protected":false},"featured_media":17912,"template":"","meta":{"_acf_changed":false},"product_brand":[],"product_cat":[3987],"product_tag":[4209,4320,4211,4213,4215],"class_list":{"0":"post-30472","1":"product","2":"type-product","3":"status-publish","4":"has-post-thumbnail","6":"product_cat-pots-en-argile","7":"product_tag-pots-en-argile","8":"product_tag-pots-en-argile-peints","9":"product_tag-pots-en-argile-peints-en-bleu","10":"product_tag-pots-en-argile-peints-en-moutarde","11":"product_tag-pots-en-argile-peints-en-vert","12":"product_shipping_class-categoria-2-fr","13":"description-off","15":"first","16":"instock","17":"taxable","18":"shipping-taxable","19":"purchasable","20":"product-type-simple"},"acf":[],"jetpack_sharing_enabled":true,"_links":{"self":[{"href":"https:\/\/casaatlantica.es\/fr\/wp-json\/wp\/v2\/product\/30472","targetHints":{"allow":["GET"]}}],"collection":[{"href":"https:\/\/casaatlantica.es\/fr\/wp-json\/wp\/v2\/product"}],"about":[{"href":"https:\/\/casaatlantica.es\/fr\/wp-json\/wp\/v2\/types\/product"}],"wp:featuredmedia":[{"embeddable":true,"href":"https:\/\/casaatlantica.es\/fr\/wp-json\/wp\/v2\/media\/17912"}],"wp:attachment":[{"href":"https:\/\/casaatlantica.es\/fr\/wp-json\/wp\/v2\/media?parent=30472"}],"wp:term":[{"taxonomy":"product_brand","embeddable":true,"href":"https:\/\/casaatlantica.es\/fr\/wp-json\/wp\/v2\/product_brand?post=30472"},{"taxonomy":"product_cat","embeddable":true,"href":"https:\/\/casaatlantica.es\/fr\/wp-json\/wp\/v2\/product_cat?post=30472"},{"taxonomy":"product_tag","embeddable":true,"href":"https:\/\/casaatlantica.es\/fr\/wp-json\/wp\/v2\/product_tag?post=30472"}],"curies":[{"name":"wp","href":"https:\/\/api.w.org\/{rel}","templated":true}]}}