{"id":30487,"date":"2022-10-26T13:50:40","date_gmt":"2022-10-26T11:50:40","guid":{"rendered":"https:\/\/casaatlantica.es\/producto\/lot-de-3-jardinieres-rayees-xs\/"},"modified":"2025-07-07T02:02:33","modified_gmt":"2025-07-07T00:02:33","slug":"ensemble-pots-en-argile-rayures-ino-bento-mare","status":"publish","type":"product","link":"https:\/\/casaatlantica.es\/fr\/producto\/ensemble-pots-en-argile-rayures-ino-bento-mare\/","title":{"rendered":"Ino Bento Mare"},"content":{"rendered":"<h3 class=\"titprod\">Pots en Argile Peints \u00e0 Rayures<\/h3>\n<p class=\"p1\">Ensemble de petits pots avec des rayures vertes, bleues et jaunes peintes \u00e0 la main, fabriqu\u00e9s en argile rouge. Comprend une soucoupe en argile pour le drainage de l&rsquo;eau, id\u00e9al pour les petits espaces avec une touche artisanale.<\/p>\n<p class=\"p1\">Les pots de Casa Atl\u00e2ntica sont des pi\u00e8ces uniques, fabriqu\u00e9es \u00e0 la main en argile rouge selon un processus artisanal et durable. Pour les r\u00e9aliser, nous avons d\u00e9velopp\u00e9 une technique unique de peinture.<\/p>\n<div class=\"spacer\"><\/div>\n<p class=\"p1\"><strong>MAT\u00c9RIAU<\/strong> Argile peinte.<\/p>\n<p class=\"p1\"><strong>DIMENSIONS<\/strong> Petit pot : 13 x 13 x 11,5 cm.<\/p>\n<p class=\"p1\"><strong>CONTENU<\/strong> 3 pots en argile et 3 soucoupes en argile.<\/p>\n<\/ul>\n<div class=\"spacer\"><\/div>\n<p class=\"p1\"><em>Ce produit est artisanal ; la couleur et la finition peuvent l\u00e9g\u00e8rement varier par rapport aux pi\u00e8ces pr\u00e9sent\u00e9es en photo.<\/em><\/p>\n","protected":false},"excerpt":{"rendered":"<p style=\"text-transform: uppercase\">Ensemble Pots en Argile Peints \u00e0 Rayures<\/p>\n","protected":false},"featured_media":17921,"template":"","meta":{"_acf_changed":false},"product_brand":[],"product_cat":[3987],"product_tag":[4207,4205,4203,4209,4320],"class_list":{"0":"post-30487","1":"product","2":"type-product","3":"status-publish","4":"has-post-thumbnail","6":"product_cat-pots-en-argile","7":"product_tag-pot-a-rayures-vertes-horizontales","8":"product_tag-pot-en-argile-peint-a-rayures-bleues","9":"product_tag-pot-en-argile-peint-a-rayures-jaunes","10":"product_tag-pots-en-argile","11":"product_tag-pots-en-argile-peints","12":"product_shipping_class-categoria-2-fr","13":"description-off","15":"first","16":"instock","17":"taxable","18":"shipping-taxable","19":"purchasable","20":"product-type-simple"},"acf":[],"jetpack_sharing_enabled":true,"_links":{"self":[{"href":"https:\/\/casaatlantica.es\/fr\/wp-json\/wp\/v2\/product\/30487","targetHints":{"allow":["GET"]}}],"collection":[{"href":"https:\/\/casaatlantica.es\/fr\/wp-json\/wp\/v2\/product"}],"about":[{"href":"https:\/\/casaatlantica.es\/fr\/wp-json\/wp\/v2\/types\/product"}],"wp:featuredmedia":[{"embeddable":true,"href":"https:\/\/casaatlantica.es\/fr\/wp-json\/wp\/v2\/media\/17921"}],"wp:attachment":[{"href":"https:\/\/casaatlantica.es\/fr\/wp-json\/wp\/v2\/media?parent=30487"}],"wp:term":[{"taxonomy":"product_brand","embeddable":true,"href":"https:\/\/casaatlantica.es\/fr\/wp-json\/wp\/v2\/product_brand?post=30487"},{"taxonomy":"product_cat","embeddable":true,"href":"https:\/\/casaatlantica.es\/fr\/wp-json\/wp\/v2\/product_cat?post=30487"},{"taxonomy":"product_tag","embeddable":true,"href":"https:\/\/casaatlantica.es\/fr\/wp-json\/wp\/v2\/product_tag?post=30487"}],"curies":[{"name":"wp","href":"https:\/\/api.w.org\/{rel}","templated":true}]}}