{"id":30708,"date":"2023-03-22T17:14:52","date_gmt":"2023-03-22T16:14:52","guid":{"rendered":"https:\/\/casaatlantica.es\/producto\/boia-se-4\/"},"modified":"2025-05-21T11:46:32","modified_gmt":"2025-05-21T11:46:32","slug":"boia-se","status":"publish","type":"product","link":"https:\/\/casaatlantica.es\/fr\/producto\/boia-se\/","title":{"rendered":"Boia SE"},"content":{"rendered":"<h3 class=\"titprod\">Vase en C\u00e9ramique \u00c9maill\u00e9e Terracota<\/h3>\n<p class=\"p1\">Vase en c\u00e9ramique \u00e9maill\u00e9e inspir\u00e9 des anciens effets navals, pi\u00e8ces uniques et artisanales au design contemporain, disponibles en plusieurs couleurs. Apportez l\u2019artisanat contemporain chez vous en achetant l\u2019un de nos vases au design exclusif de Casa Atl\u00e2ntica.<\/p>\n<p class=\"p1\">Chaque pi\u00e8ce suit un processus artisanal minutieux. Des moules en pl\u00e2tre ou en gypse sont utilis\u00e9s pour couler le gr\u00e8s liquide. Une fois sec, les pi\u00e8ces sont d\u00e9moul\u00e9es, polies \u00e0 la main avec une \u00e9ponge et \u00e9maill\u00e9es par immersion dans un \u00e9mail c\u00e9ramique. Enfin, elles sont cuites \u00e0 haute temp\u00e9rature pour obtenir une finition r\u00e9sistante et unique.<\/p>\n<div class=\"spacer\"><\/div>\n<p class=\"p1\"><strong>MAT\u00c9RIAU<\/strong> Gr\u00e8s \u00e9maill\u00e9.<\/p>\n<p class=\"p1\"><strong>DIMENSIONS<\/strong> 9 x 9 x 14,5 cm.<\/p>\n<p class=\"p1\"><strong>CONTENU<\/strong> 1 vase<\/p>\n<div class=\"spacer\"><\/div>\n<p class=\"p1\"><em>Ce produit est artisanal ; la couleur et la finition peuvent l\u00e9g\u00e8rement varier par rapport aux pi\u00e8ces pr\u00e9sent\u00e9es en photo.<\/em><\/p>\n","protected":false},"excerpt":{"rendered":"<p>Vase en C\u00e9ramique \u00c9maill\u00e9e Terracota<\/p>\n","protected":false},"featured_media":17876,"template":"","meta":{"_acf_changed":false},"product_brand":[],"product_cat":[3991],"product_tag":[4197,4195],"class_list":{"0":"post-30708","1":"product","2":"type-product","3":"status-publish","4":"has-post-thumbnail","6":"product_cat-vases-en-ceramique","7":"product_tag-vase-en-ceramique","8":"product_tag-vases-et-pots-de-fleurs","9":"product_shipping_class-categoria-2-fr","10":"description-off","12":"first","13":"instock","14":"sale","15":"taxable","16":"shipping-taxable","17":"purchasable","18":"product-type-simple"},"acf":[],"jetpack_sharing_enabled":true,"_links":{"self":[{"href":"https:\/\/casaatlantica.es\/fr\/wp-json\/wp\/v2\/product\/30708","targetHints":{"allow":["GET"]}}],"collection":[{"href":"https:\/\/casaatlantica.es\/fr\/wp-json\/wp\/v2\/product"}],"about":[{"href":"https:\/\/casaatlantica.es\/fr\/wp-json\/wp\/v2\/types\/product"}],"wp:featuredmedia":[{"embeddable":true,"href":"https:\/\/casaatlantica.es\/fr\/wp-json\/wp\/v2\/media\/17876"}],"wp:attachment":[{"href":"https:\/\/casaatlantica.es\/fr\/wp-json\/wp\/v2\/media?parent=30708"}],"wp:term":[{"taxonomy":"product_brand","embeddable":true,"href":"https:\/\/casaatlantica.es\/fr\/wp-json\/wp\/v2\/product_brand?post=30708"},{"taxonomy":"product_cat","embeddable":true,"href":"https:\/\/casaatlantica.es\/fr\/wp-json\/wp\/v2\/product_cat?post=30708"},{"taxonomy":"product_tag","embeddable":true,"href":"https:\/\/casaatlantica.es\/fr\/wp-json\/wp\/v2\/product_tag?post=30708"}],"curies":[{"name":"wp","href":"https:\/\/api.w.org\/{rel}","templated":true}]}}