{"id":30795,"date":"2023-08-16T18:20:37","date_gmt":"2023-08-16T16:20:37","guid":{"rendered":"https:\/\/casaatlantica.es\/producto\/norma-4\/"},"modified":"2025-05-21T13:17:57","modified_gmt":"2025-05-21T13:17:57","slug":"lampe-de-table-en-argile-terracota-ecran-boucle-norma","status":"publish","type":"product","link":"https:\/\/casaatlantica.es\/fr\/producto\/lampe-de-table-en-argile-terracota-ecran-boucle-norma\/","title":{"rendered":"Norma"},"content":{"rendered":"<h3 class=\"titprod\">Lampe de table avec base en argile \u00e9maill\u00e9e et abat-jour en boucl\u00e9<\/h3>\n<p class=\"p1\">Lampe de table avec une base en argile \u00e9maill\u00e9e et un abat-jour en tissu boucl\u00e9. Parfaite pour cr\u00e9er une ambiance chaleureuse dans n&rsquo;importe quelle pi\u00e8ce. Une fusion entre l&rsquo;artisanat et le style contemporain.<\/p>\n<p class=\"p1\">La base de la lampe est faite \u00e0 la main, fa\u00e7onn\u00e9e sur un tour de potier, en utilisant de la terre cuite avec des incrustations de quartzite qui se d\u00e9marquent le long de son contour.<\/p>\n<div class=\"spacer\"><\/div>\n<p class=\"p1\"><strong>MAT\u00c9RIAU<\/strong> Argile \u00e9maill\u00e9e et abat-jour en boucl\u00e9.<\/p>\n<p class=\"p1\"><strong>DIMENSIONS<\/strong> Lampe : 22 x 22 x 40 cm.<\/p>\n<p class=\"p1\"><strong>CONTENU<\/strong> 1 Lampe<\/p>\n<div class=\"spacer\"><\/div>\n<p class=\"p1\"><em>Ce produit est artisanal, la couleur et la finition peuvent l\u00e9g\u00e8rement varier par rapport aux pi\u00e8ces pr\u00e9sent\u00e9es sur la photo.<\/em><\/p>\n","protected":false},"excerpt":{"rendered":"<p style=\"text-transform: uppercase\">Lampe de table avec base en argile \u00e9maill\u00e9e et abat-jour en boucl\u00e9<\/p>\n","protected":false},"featured_media":17704,"template":"","meta":{"_acf_changed":false},"product_brand":[],"product_cat":[3877,4012],"product_tag":[4278,4300,4304,4306],"class_list":{"0":"post-30795","1":"product","2":"type-product","3":"status-publish","4":"has-post-thumbnail","6":"product_cat-lampes","7":"product_cat-lampes-de-table-en-ceramique","8":"product_tag-lampe-artisanale","9":"product_tag-lampe-de-table","10":"product_tag-lampe-de-table-en-argile","11":"product_tag-lampe-de-table-en-argile-emaillee","12":"product_shipping_class-categoria-3-fr","13":"description-off","15":"first","16":"outofstock","17":"taxable","18":"shipping-taxable","19":"purchasable","20":"product-type-simple"},"acf":[],"jetpack_sharing_enabled":true,"_links":{"self":[{"href":"https:\/\/casaatlantica.es\/fr\/wp-json\/wp\/v2\/product\/30795","targetHints":{"allow":["GET"]}}],"collection":[{"href":"https:\/\/casaatlantica.es\/fr\/wp-json\/wp\/v2\/product"}],"about":[{"href":"https:\/\/casaatlantica.es\/fr\/wp-json\/wp\/v2\/types\/product"}],"wp:featuredmedia":[{"embeddable":true,"href":"https:\/\/casaatlantica.es\/fr\/wp-json\/wp\/v2\/media\/17704"}],"wp:attachment":[{"href":"https:\/\/casaatlantica.es\/fr\/wp-json\/wp\/v2\/media?parent=30795"}],"wp:term":[{"taxonomy":"product_brand","embeddable":true,"href":"https:\/\/casaatlantica.es\/fr\/wp-json\/wp\/v2\/product_brand?post=30795"},{"taxonomy":"product_cat","embeddable":true,"href":"https:\/\/casaatlantica.es\/fr\/wp-json\/wp\/v2\/product_cat?post=30795"},{"taxonomy":"product_tag","embeddable":true,"href":"https:\/\/casaatlantica.es\/fr\/wp-json\/wp\/v2\/product_tag?post=30795"}],"curies":[{"name":"wp","href":"https:\/\/api.w.org\/{rel}","templated":true}]}}