{"id":30847,"date":"2024-11-14T14:55:46","date_gmt":"2024-11-14T14:55:46","guid":{"rendered":"https:\/\/casaatlantica.es\/producto\/filomena-4\/"},"modified":"2025-05-21T13:26:40","modified_gmt":"2025-05-21T13:26:40","slug":"lampe-de-table-tresse-cable-jaune-vert-filomena","status":"publish","type":"product","link":"https:\/\/casaatlantica.es\/fr\/producto\/lampe-de-table-tresse-cable-jaune-vert-filomena\/","title":{"rendered":"Filomena"},"content":{"rendered":"<h3 class=\"titprod\">Lampe de Table avec Pied Tress\u00e9<\/h3>\n<p class=\"p1\">Lampe de table avec un pied tress\u00e9 \u00e0 la main dans notre atelier, utilisant des restes de c\u00e2blage provenant de Barcelone. L&rsquo;abat-jour est en lin vert, fabriqu\u00e9 par un producteur local.<\/p>\n<p class=\"p1\">Nos lampes Filomenas sont un produit 100% local et artisanal.<\/p>\n<p class=\"p1\">Nous fabriquons le pied de la lampe en r\u00e9interpr\u00e9tant la technique utilis\u00e9e pour d\u00e9corer les cruches \u00e0 sangria dans les ann\u00e9es 1950. Ces lampes sont originales, magnifiques et con\u00e7ues pour durer de nombreuses ann\u00e9es.<\/p>\n<p class=\"p1\">Ce produit est fabriqu\u00e9 sur commande et n\u00e9cessite une semaine de production.<\/p>\n<div class=\"spacer\"><\/div>\n<p class=\"p1\"><strong>MAT\u00c9RIAU<\/strong> Plastique PVC recycl\u00e9 provenant de restes d&rsquo;usines et abat-jour en lin.<\/p>\n<p class=\"p1\"><strong>DIMENSIONS<\/strong> Lampe : 28 x 37 cm.<\/p>\n<p class=\"p1\"><strong>CONTENU<\/strong> 1 lampe<\/p>\n<div class=\"spacer\"><\/div>\n<p class=\"p1\"><em>Ce produit est artisanal ; la couleur et la finition peuvent l\u00e9g\u00e8rement varier par rapport aux pi\u00e8ces pr\u00e9sent\u00e9es sur la photo.<\/em><\/p>\n","protected":false},"excerpt":{"rendered":"<p style=\"text-transform: uppercase\">Lampe de table avec pied tress\u00e9<\/p>\n","protected":false},"featured_media":40300,"template":"","meta":{"_acf_changed":false},"product_brand":[],"product_cat":[4009],"product_tag":[4157,4300,4302,4163],"class_list":{"0":"post-30847","1":"product","2":"type-product","3":"status-publish","4":"has-post-thumbnail","6":"product_cat-vannerie","7":"product_tag-cable-pvc-fr","8":"product_tag-lampe-de-table","9":"product_tag-lampe-de-table-artisanale","10":"product_tag-vannerie","11":"product_shipping_class-categoria-2-fr","12":"description-off","14":"first","15":"outofstock","16":"taxable","17":"shipping-taxable","18":"purchasable","19":"product-type-simple"},"acf":[],"jetpack_sharing_enabled":true,"_links":{"self":[{"href":"https:\/\/casaatlantica.es\/fr\/wp-json\/wp\/v2\/product\/30847","targetHints":{"allow":["GET"]}}],"collection":[{"href":"https:\/\/casaatlantica.es\/fr\/wp-json\/wp\/v2\/product"}],"about":[{"href":"https:\/\/casaatlantica.es\/fr\/wp-json\/wp\/v2\/types\/product"}],"wp:featuredmedia":[{"embeddable":true,"href":"https:\/\/casaatlantica.es\/fr\/wp-json\/wp\/v2\/media\/40300"}],"wp:attachment":[{"href":"https:\/\/casaatlantica.es\/fr\/wp-json\/wp\/v2\/media?parent=30847"}],"wp:term":[{"taxonomy":"product_brand","embeddable":true,"href":"https:\/\/casaatlantica.es\/fr\/wp-json\/wp\/v2\/product_brand?post=30847"},{"taxonomy":"product_cat","embeddable":true,"href":"https:\/\/casaatlantica.es\/fr\/wp-json\/wp\/v2\/product_cat?post=30847"},{"taxonomy":"product_tag","embeddable":true,"href":"https:\/\/casaatlantica.es\/fr\/wp-json\/wp\/v2\/product_tag?post=30847"}],"curies":[{"name":"wp","href":"https:\/\/api.w.org\/{rel}","templated":true}]}}