{"id":30867,"date":"2023-09-14T17:01:56","date_gmt":"2023-09-14T15:01:56","guid":{"rendered":"https:\/\/casaatlantica.es\/producto\/canabarro-4\/"},"modified":"2025-06-21T00:04:27","modified_gmt":"2025-06-21T00:04:27","slug":"argile-canabarro","status":"publish","type":"product","link":"https:\/\/casaatlantica.es\/fr\/producto\/argile-canabarro\/","title":{"rendered":"Canabarro"},"content":{"rendered":"<h3 class=\"titprod\">Le Canabarro une Pi\u00e8ce de argile traditionnelle<\/h3>\n<p class=\"p1\">Le canabarro est une pi\u00e8ce de c\u00e9ramique traditionnelle couramment utilis\u00e9e pour le transport de liquides. \u00ab\u00a0Pour aller chercher du vin dans les tavernes ou pour le transporter hors de la maison, on utilisait &lsquo;os canabarros do vi\u00f1o&rsquo;.\u00a0\u00bb \u2014 *La Alfarer\u00eda de Galicia*, Luciano Garc\u00eda Al\u00e9n.<\/p>\n<p class=\"p1\">Cette s\u00e9rie est compos\u00e9e de r\u00e9pliques identiques de pi\u00e8ces traditionnelles galiciennes qui ont aujourd&rsquo;hui disparu. Elles peuvent d\u00e9sormais avoir d&rsquo;autres usages car nos habitudes ont \u00e9volu\u00e9.<\/p>\n<div class=\"spacer\"><\/div>\n<p class=\"p1\"><strong>MAT\u00c9RIAU<\/strong> Argile et corde en seagrass.<\/p>\n<p class=\"p1\"><strong>DIMENSIONS<\/strong> Canabarro : 28 x 28 x 37 cm.<\/p>\n<p class=\"p1\"><strong>CONTENU<\/strong> 1 Canabarro.<\/p>\n<div class=\"spacer\"><\/div>\n<p class=\"p1\"><i>Ce produit est artisanal ; la couleur et la finition peuvent l\u00e9g\u00e8rement varier par rapport aux pi\u00e8ces pr\u00e9sent\u00e9es sur la photo.<\/i><\/p>\n","protected":false},"excerpt":{"rendered":"<p style=\"text-transform: uppercase\">Le Canabarro<\/p>\n","protected":false},"featured_media":17954,"template":"","meta":{"_acf_changed":false},"product_brand":[],"product_cat":[4024,4030],"product_tag":[4137,4161,4181],"class_list":{"0":"post-30867","1":"product","2":"type-product","3":"status-publish","4":"has-post-thumbnail","6":"product_cat-editions-limitees","7":"product_cat-artisanat-traditionnel-galicien","8":"product_tag-artisanat-traditionnel","9":"product_tag-canabarro-fr","10":"product_tag-editions-limitees","11":"product_shipping_class-categoria-3-fr","12":"pa_dibujo-canabarro1","13":"pa_dibujo-canabarro2","14":"description-off","16":"first","17":"instock","18":"taxable","19":"shipping-taxable","20":"purchasable","21":"product-type-variable","22":"has-default-attributes"},"acf":[],"jetpack_sharing_enabled":true,"_links":{"self":[{"href":"https:\/\/casaatlantica.es\/fr\/wp-json\/wp\/v2\/product\/30867","targetHints":{"allow":["GET"]}}],"collection":[{"href":"https:\/\/casaatlantica.es\/fr\/wp-json\/wp\/v2\/product"}],"about":[{"href":"https:\/\/casaatlantica.es\/fr\/wp-json\/wp\/v2\/types\/product"}],"wp:featuredmedia":[{"embeddable":true,"href":"https:\/\/casaatlantica.es\/fr\/wp-json\/wp\/v2\/media\/17954"}],"wp:attachment":[{"href":"https:\/\/casaatlantica.es\/fr\/wp-json\/wp\/v2\/media?parent=30867"}],"wp:term":[{"taxonomy":"product_brand","embeddable":true,"href":"https:\/\/casaatlantica.es\/fr\/wp-json\/wp\/v2\/product_brand?post=30867"},{"taxonomy":"product_cat","embeddable":true,"href":"https:\/\/casaatlantica.es\/fr\/wp-json\/wp\/v2\/product_cat?post=30867"},{"taxonomy":"product_tag","embeddable":true,"href":"https:\/\/casaatlantica.es\/fr\/wp-json\/wp\/v2\/product_tag?post=30867"}],"curies":[{"name":"wp","href":"https:\/\/api.w.org\/{rel}","templated":true}]}}