{"id":30885,"date":"2023-09-25T11:27:50","date_gmt":"2023-09-25T09:27:50","guid":{"rendered":"https:\/\/casaatlantica.es\/producto\/pot-en-terre-cuite\/"},"modified":"2025-08-29T19:23:21","modified_gmt":"2025-08-29T17:23:21","slug":"pot-en-terre-cuite-dinis","status":"publish","type":"product","link":"https:\/\/casaatlantica.es\/fr\/producto\/pot-en-terre-cuite-dinis\/","title":{"rendered":"Din\u00eds"},"content":{"rendered":"<h3 class=\"titprod\">Pot en terre cuite avec soucoupe<\/h3>\n<p class=\"p1\">Les pots en terre cuite, avec leur beaut\u00e9 naturelle et le charme des pi\u00e8ces faites \u00e0 la main, sont un choix intemporel pour la d\u00e9coration int\u00e9rieure ou pour votre terrasse. Ces pi\u00e8ces en c\u00e9ramique apportent une touche de chaleur et d\u2019authenticit\u00e9 \u00e0 tout environnement.<\/p>\n<p class=\"p1\">Casa Atl\u00e2ntica les fabrique de mani\u00e8re artisanale et respectueuse de l\u2019environnement dans des ateliers locaux. Chaque pi\u00e8ce est unique et poss\u00e8de sa propre esth\u00e9tique singuli\u00e8re.<\/p>\n<p class=\"p1\">Tous les pots ont un trou de drainage et une soucoupe en terre cuite pour recueillir l\u2019exc\u00e8s d\u2019eau. Il est possible de placer une couche de sable, de gravier ou d\u2019argile au fond pour aider.<\/p>\n<div class=\"spacer\"><\/div>\n<p class=\"p1\"><strong>MAT\u00c9RIAU<\/strong> Terre cuite.<\/p>\n<p class=\"p1\"><strong>DIMENSIONS<\/strong> Pot moyen : 18 x 18 x 19 cm. Petit pot : 13 x 13 x 11,5 cm.<\/p>\n<p class=\"p1\"><strong>CONTENU<\/strong> 1 pot en terre cuite et 1 soucoupe en terre cuite<\/p>\n<div class=\"spacer\"><\/div>\n<p class=\"p1\"><em>Ceci est un produit artisanal ; la couleur et la finition peuvent varier l\u00e9g\u00e8rement par rapport aux pi\u00e8ces pr\u00e9sent\u00e9es sur la photo.<\/em><\/p>\n","protected":false},"excerpt":{"rendered":"<p style=\"text-transform: uppercase\">Pot en terre cuite avec soucoupe<\/p>\n","protected":false},"featured_media":138385,"template":"","meta":{"_acf_changed":false},"product_brand":[],"product_cat":[3987],"product_tag":[4209],"class_list":{"0":"post-30885","1":"product","2":"type-product","3":"status-publish","4":"has-post-thumbnail","6":"product_cat-pots-en-argile","7":"product_tag-pots-en-argile","8":"pa_tamano-m-fr","9":"pa_tamano-s-fr","10":"description-off","12":"first","13":"instock","14":"taxable","15":"shipping-taxable","16":"purchasable","17":"product-type-variable","18":"has-default-attributes"},"acf":[],"jetpack_sharing_enabled":true,"_links":{"self":[{"href":"https:\/\/casaatlantica.es\/fr\/wp-json\/wp\/v2\/product\/30885","targetHints":{"allow":["GET"]}}],"collection":[{"href":"https:\/\/casaatlantica.es\/fr\/wp-json\/wp\/v2\/product"}],"about":[{"href":"https:\/\/casaatlantica.es\/fr\/wp-json\/wp\/v2\/types\/product"}],"wp:featuredmedia":[{"embeddable":true,"href":"https:\/\/casaatlantica.es\/fr\/wp-json\/wp\/v2\/media\/138385"}],"wp:attachment":[{"href":"https:\/\/casaatlantica.es\/fr\/wp-json\/wp\/v2\/media?parent=30885"}],"wp:term":[{"taxonomy":"product_brand","embeddable":true,"href":"https:\/\/casaatlantica.es\/fr\/wp-json\/wp\/v2\/product_brand?post=30885"},{"taxonomy":"product_cat","embeddable":true,"href":"https:\/\/casaatlantica.es\/fr\/wp-json\/wp\/v2\/product_cat?post=30885"},{"taxonomy":"product_tag","embeddable":true,"href":"https:\/\/casaatlantica.es\/fr\/wp-json\/wp\/v2\/product_tag?post=30885"}],"curies":[{"name":"wp","href":"https:\/\/api.w.org\/{rel}","templated":true}]}}