{"id":30895,"date":"2023-09-25T17:23:56","date_gmt":"2023-09-25T15:23:56","guid":{"rendered":"https:\/\/casaatlantica.es\/producto\/cacheleira-4\/"},"modified":"2025-05-21T13:20:47","modified_gmt":"2025-05-21T13:20:47","slug":"argile-cacheleira","status":"publish","type":"product","link":"https:\/\/casaatlantica.es\/fr\/producto\/argile-cacheleira\/","title":{"rendered":"Cacheleira"},"content":{"rendered":"<h3 class=\"titprod\">Cacheleira en Argile \u00c9maill\u00e9e<\/h3>\n<p class=\"p1\">La \u00ab\u00a0cacheleira\u00a0\u00bb est une pi\u00e8ce de c\u00e9ramique traditionnelle de Galice, couramment utilis\u00e9e comme \u00e9gouttoir pour les populaires \u00ab\u00a0cachelos\u00a0\u00bb (pommes de terre bouillies).<\/p>\n<p class=\"p1\">Cette collection se compose de r\u00e9pliques identiques de pi\u00e8ces traditionnelles galiciennes autrefois tr\u00e8s populaires mais qui ont aujourd&rsquo;hui disparu. Nous les r\u00e9\u00e9ditons car nous les trouvons merveilleuses et croyons qu&rsquo;elles peuvent d\u00e9sormais avoir des usages diff\u00e9rents de ceux du pass\u00e9.<\/p>\n<div class=\"spacer\"><\/div>\n<p class=\"p1\"><strong>MAT\u00c9RIAU<\/strong> Argile \u00e9maill\u00e9e et engobe.<\/p>\n<p class=\"p1\"><strong>DIMENSIONS<\/strong> Cacheleira : 35 x 35 x 8 cm.<\/p>\n<p class=\"p1\"><strong>CONTENU<\/strong> 1 Cacheleira.<\/p>\n<div class=\"spacer\"><\/div>\n<p class=\"p1\"><i>Ce produit est artisanal ; la couleur et la finition peuvent l\u00e9g\u00e8rement varier par rapport aux pi\u00e8ces pr\u00e9sent\u00e9es sur la photo.<\/i><\/p>\n","protected":false},"excerpt":{"rendered":"<p style=\"text-transform: uppercase\">Cacheleira en Argile \u00c9maill\u00e9e<\/p>\n","protected":false},"featured_media":17674,"template":"","meta":{"_acf_changed":false},"product_brand":[],"product_cat":[4024,4030],"product_tag":[4137,4256,4258,4181],"class_list":{"0":"post-30895","1":"product","2":"type-product","3":"status-publish","4":"has-post-thumbnail","6":"product_cat-editions-limitees","7":"product_cat-artisanat-traditionnel-galicien","8":"product_tag-artisanat-traditionnel","9":"product_tag-cacheleira-fr","10":"product_tag-ceramique-traditionnelle-de-galice","11":"product_tag-editions-limitees","12":"product_shipping_class-categoria-3-fr","13":"description-off","15":"first","16":"outofstock","17":"taxable","18":"shipping-taxable","19":"purchasable","20":"product-type-simple"},"acf":[],"jetpack_sharing_enabled":true,"_links":{"self":[{"href":"https:\/\/casaatlantica.es\/fr\/wp-json\/wp\/v2\/product\/30895","targetHints":{"allow":["GET"]}}],"collection":[{"href":"https:\/\/casaatlantica.es\/fr\/wp-json\/wp\/v2\/product"}],"about":[{"href":"https:\/\/casaatlantica.es\/fr\/wp-json\/wp\/v2\/types\/product"}],"wp:featuredmedia":[{"embeddable":true,"href":"https:\/\/casaatlantica.es\/fr\/wp-json\/wp\/v2\/media\/17674"}],"wp:attachment":[{"href":"https:\/\/casaatlantica.es\/fr\/wp-json\/wp\/v2\/media?parent=30895"}],"wp:term":[{"taxonomy":"product_brand","embeddable":true,"href":"https:\/\/casaatlantica.es\/fr\/wp-json\/wp\/v2\/product_brand?post=30895"},{"taxonomy":"product_cat","embeddable":true,"href":"https:\/\/casaatlantica.es\/fr\/wp-json\/wp\/v2\/product_cat?post=30895"},{"taxonomy":"product_tag","embeddable":true,"href":"https:\/\/casaatlantica.es\/fr\/wp-json\/wp\/v2\/product_tag?post=30895"}],"curies":[{"name":"wp","href":"https:\/\/api.w.org\/{rel}","templated":true}]}}