{"id":30907,"date":"2023-09-25T17:26:43","date_gmt":"2023-09-25T15:26:43","guid":{"rendered":"https:\/\/casaatlantica.es\/producto\/castaneira-4\/"},"modified":"2025-05-21T13:20:46","modified_gmt":"2025-05-21T13:20:46","slug":"rotissoire-a-chataignes","status":"publish","type":"product","link":"https:\/\/casaatlantica.es\/fr\/producto\/rotissoire-a-chataignes\/","title":{"rendered":"Tixolo"},"content":{"rendered":"<h3 class=\"titprod\">R\u00f4tissoire \u00e0 ch\u00e2taignes en argile<\/h3>\n<p class=\"p1\">La r\u00f4tissoire \u00e0 ch\u00e2taignes (Casta\u00f1eira) est une pi\u00e8ce en c\u00e9ramique traditionnelle utilis\u00e9e pour griller les ch\u00e2taignes. Elle est fabriqu\u00e9e en argile r\u00e9fractaire et con\u00e7ue pour \u00eatre plac\u00e9e directement sur les braises ou le feu.<\/p>\n<p class=\"p1\">Cette r\u00f4tissoire est une r\u00e9interpr\u00e9tation d\u2019un objet traditionnel galicien autrefois tr\u00e8s populaire, aujourd\u2019hui disparu. Nous la r\u00e9\u00e9ditons car nous la trouvons magnifique et pensons qu\u2019elle peut d\u00e9sormais avoir des usages diff\u00e9rents de ceux du pass\u00e9.<\/p>\n<p class=\"p1\"><strong>MAT\u00c9RIAU<\/strong> Argile r\u00e9fractaire<\/p>\n<p class=\"p1\"><strong>DIMENSIONS<\/strong> 24 x 24 x 17 cm.<\/p>\n<div class=\"spacer\"><\/div>\n<p class=\"p1\"><em>Il s&rsquo;agit d&rsquo;un produit artisanal ; la couleur et la finition peuvent l\u00e9g\u00e8rement varier par rapport aux pi\u00e8ces pr\u00e9sent\u00e9es sur la photo.<\/em><\/p>\n","protected":false},"excerpt":{"rendered":"<p>R\u00f4tissoire \u00e0 ch\u00e2taignes en argile<\/p>\n","protected":false},"featured_media":117388,"template":"","meta":{"_acf_changed":false},"product_brand":[],"product_cat":[4030],"product_tag":[4181],"class_list":{"0":"post-30907","1":"product","2":"type-product","3":"status-publish","4":"has-post-thumbnail","6":"product_cat-artisanat-traditionnel-galicien","7":"product_tag-editions-limitees","8":"product_shipping_class-categoria-3-fr","9":"description-off","11":"first","12":"instock","13":"taxable","14":"shipping-taxable","15":"purchasable","16":"product-type-simple"},"acf":[],"jetpack_sharing_enabled":true,"_links":{"self":[{"href":"https:\/\/casaatlantica.es\/fr\/wp-json\/wp\/v2\/product\/30907","targetHints":{"allow":["GET"]}}],"collection":[{"href":"https:\/\/casaatlantica.es\/fr\/wp-json\/wp\/v2\/product"}],"about":[{"href":"https:\/\/casaatlantica.es\/fr\/wp-json\/wp\/v2\/types\/product"}],"wp:featuredmedia":[{"embeddable":true,"href":"https:\/\/casaatlantica.es\/fr\/wp-json\/wp\/v2\/media\/117388"}],"wp:attachment":[{"href":"https:\/\/casaatlantica.es\/fr\/wp-json\/wp\/v2\/media?parent=30907"}],"wp:term":[{"taxonomy":"product_brand","embeddable":true,"href":"https:\/\/casaatlantica.es\/fr\/wp-json\/wp\/v2\/product_brand?post=30907"},{"taxonomy":"product_cat","embeddable":true,"href":"https:\/\/casaatlantica.es\/fr\/wp-json\/wp\/v2\/product_cat?post=30907"},{"taxonomy":"product_tag","embeddable":true,"href":"https:\/\/casaatlantica.es\/fr\/wp-json\/wp\/v2\/product_tag?post=30907"}],"curies":[{"name":"wp","href":"https:\/\/api.w.org\/{rel}","templated":true}]}}