{"id":30917,"date":"2023-09-25T17:31:16","date_gmt":"2023-09-25T15:31:16","guid":{"rendered":"https:\/\/casaatlantica.es\/producto\/miniaturas-4\/"},"modified":"2025-05-21T13:19:52","modified_gmt":"2025-05-21T13:19:52","slug":"miniatures-en-argile-carminas","status":"publish","type":"product","link":"https:\/\/casaatlantica.es\/fr\/producto\/miniatures-en-argile-carminas\/","title":{"rendered":"Carmi\u00f1as"},"content":{"rendered":"<h3 class=\"titprod\">Miniatures en Argile<\/h3>\n<p class=\"p1\">Ensemble de miniatures en argile traditionnelle galicienne, faites \u00e0 la main. Une repr\u00e9sentation authentique de l\u2019artisanat historique de la Galice.<\/p>\n<p class=\"p1\">Ces miniatures sont moul\u00e9es et d\u00e9cor\u00e9es manuellement, selon les techniques traditionnelles de poterie galicienne. Chaque pi\u00e8ce refl\u00e8te le patrimoine culturel, unique dans sa finition et ses d\u00e9tails.<\/p>\n<div class=\"spacer\"><\/div>\n<p class=\"p1\"><strong>MAT\u00c9RIAU<\/strong> Argile.<\/p>\n<p class=\"p1\"><strong>DIMENSIONS<\/strong> 2 x 2 cm.<\/p>\n<p class=\"p1\"><strong>CONTENU<\/strong> Ensemble de 5 pi\u00e8ces.<\/p>\n<div class=\"spacer\"><\/div>\n<p class=\"p1\"><em>Ce produit est artisanal ; la couleur et la finition peuvent l\u00e9g\u00e8rement varier par rapport aux pi\u00e8ces sur la photo.<\/em><\/p>\n","protected":false},"excerpt":{"rendered":"<p style=\"text-transform: uppercase;\">Miniatures en argile<\/p>\n","protected":false},"featured_media":17668,"template":"","meta":{"_acf_changed":false},"product_brand":[],"product_cat":[4024,4030],"product_tag":[4137,4181,3956],"class_list":{"0":"post-30917","1":"product","2":"type-product","3":"status-publish","4":"has-post-thumbnail","6":"product_cat-editions-limitees","7":"product_cat-artisanat-traditionnel-galicien","8":"product_tag-artisanat-traditionnel","9":"product_tag-editions-limitees","10":"product_tag-miniatures-en-argile","11":"product_shipping_class-categoria-1","12":"description-off","14":"first","15":"instock","16":"taxable","17":"shipping-taxable","18":"purchasable","19":"product-type-simple"},"acf":[],"jetpack_sharing_enabled":true,"_links":{"self":[{"href":"https:\/\/casaatlantica.es\/fr\/wp-json\/wp\/v2\/product\/30917","targetHints":{"allow":["GET"]}}],"collection":[{"href":"https:\/\/casaatlantica.es\/fr\/wp-json\/wp\/v2\/product"}],"about":[{"href":"https:\/\/casaatlantica.es\/fr\/wp-json\/wp\/v2\/types\/product"}],"wp:featuredmedia":[{"embeddable":true,"href":"https:\/\/casaatlantica.es\/fr\/wp-json\/wp\/v2\/media\/17668"}],"wp:attachment":[{"href":"https:\/\/casaatlantica.es\/fr\/wp-json\/wp\/v2\/media?parent=30917"}],"wp:term":[{"taxonomy":"product_brand","embeddable":true,"href":"https:\/\/casaatlantica.es\/fr\/wp-json\/wp\/v2\/product_brand?post=30917"},{"taxonomy":"product_cat","embeddable":true,"href":"https:\/\/casaatlantica.es\/fr\/wp-json\/wp\/v2\/product_cat?post=30917"},{"taxonomy":"product_tag","embeddable":true,"href":"https:\/\/casaatlantica.es\/fr\/wp-json\/wp\/v2\/product_tag?post=30917"}],"curies":[{"name":"wp","href":"https:\/\/api.w.org\/{rel}","templated":true}]}}