{"id":31129,"date":"2023-11-21T12:56:11","date_gmt":"2023-11-21T11:56:11","guid":{"rendered":"https:\/\/casaatlantica.es\/producto\/tarjeta-regalo-4\/"},"modified":"2025-06-13T08:46:48","modified_gmt":"2025-06-13T08:46:48","slug":"tarjeta-regalo-4","status":"publish","type":"product","link":"https:\/\/casaatlantica.es\/fr\/producto\/tarjeta-regalo-4\/","title":{"rendered":"Carte Cadeau"},"content":{"rendered":"<p>Vous ne savez pas quoi offrir ? Maintenant, avec notre carte cadeau, vous ferez certainement plaisir. La valeur de la carte est de 25 euros, et si vous avez besoin d&rsquo;un montant sup\u00e9rieur, vous pouvez acheter plusieurs cartes.<\/p>\n<p>La personne \u00e0 qui vous voulez faire plaisir pourra l&rsquo;utiliser dans notre boutique en ligne quand elle le souhaite, car elle n&rsquo;expire pas.<\/p>\n<p>Une fois que vous aurez achet\u00e9 votre carte cadeau, vous la recevrez par e-mail afin que vous puissiez l&rsquo;imprimer ou la transf\u00e9rer \u00e0 qui vous voulez.<\/p>\n<p>Chaque carte cadeau est livr\u00e9e avec un code unique et des instructions d\u00e9taill\u00e9es d&rsquo;utilisation.<\/p>\n","protected":false},"excerpt":{"rendered":"<p>Vous ne savez pas quoi offrir ? Maintenant, avec notre carte cadeau, vous ferez certainement plaisir. La valeur de la carte est de 25 euros, et si vous avez besoin d&rsquo;un montant sup\u00e9rieur, vous pouvez acheter plusieurs cartes. La personne \u00e0 qui vous voulez faire plaisir pourra l&rsquo;utiliser dans notre boutique en ligne quand elle&hellip;<\/p>\n","protected":false},"featured_media":34333,"template":"","meta":{"_acf_changed":false},"product_brand":[],"product_cat":[3871,3874,3868,4009,3877,4021,4024],"product_tag":[],"class_list":{"0":"post-31129","1":"product","2":"type-product","3":"status-publish","4":"has-post-thumbnail","6":"product_cat-pots-et-vases","7":"product_cat-vaisselle","8":"product_cat-objets-decoratifs","9":"product_cat-vannerie","10":"product_cat-lampes","11":"product_cat-textiles-artisanaux","12":"product_cat-editions-limitees","13":"product_shipping_class-categoria-0-fr","14":"description-off","16":"first","17":"instock","18":"virtual","19":"taxable","20":"purchasable","21":"product-type-simple"},"acf":[],"jetpack_sharing_enabled":true,"_links":{"self":[{"href":"https:\/\/casaatlantica.es\/fr\/wp-json\/wp\/v2\/product\/31129","targetHints":{"allow":["GET"]}}],"collection":[{"href":"https:\/\/casaatlantica.es\/fr\/wp-json\/wp\/v2\/product"}],"about":[{"href":"https:\/\/casaatlantica.es\/fr\/wp-json\/wp\/v2\/types\/product"}],"wp:featuredmedia":[{"embeddable":true,"href":"https:\/\/casaatlantica.es\/fr\/wp-json\/wp\/v2\/media\/34333"}],"wp:attachment":[{"href":"https:\/\/casaatlantica.es\/fr\/wp-json\/wp\/v2\/media?parent=31129"}],"wp:term":[{"taxonomy":"product_brand","embeddable":true,"href":"https:\/\/casaatlantica.es\/fr\/wp-json\/wp\/v2\/product_brand?post=31129"},{"taxonomy":"product_cat","embeddable":true,"href":"https:\/\/casaatlantica.es\/fr\/wp-json\/wp\/v2\/product_cat?post=31129"},{"taxonomy":"product_tag","embeddable":true,"href":"https:\/\/casaatlantica.es\/fr\/wp-json\/wp\/v2\/product_tag?post=31129"}],"curies":[{"name":"wp","href":"https:\/\/api.w.org\/{rel}","templated":true}]}}