{"id":31319,"date":"2023-12-15T17:29:09","date_gmt":"2023-12-15T16:29:09","guid":{"rendered":"https:\/\/casaatlantica.es\/producto\/tote-bag-ancient-style-4\/"},"modified":"2025-05-21T13:25:42","modified_gmt":"2025-05-21T13:25:42","slug":"tote-coroza-de-moscoso","status":"publish","type":"product","link":"https:\/\/casaatlantica.es\/fr\/producto\/tote-coroza-de-moscoso\/","title":{"rendered":"Tote Bag Coroza de Moscoso"},"content":{"rendered":"<h3 class=\"titprod\">Tote Bag Coroza de Moscoso<\/h3>\n<p class=\"p1\">Tote bag en coton biologique inspir\u00e9e par la tradition artisanale. Un design unique qui rend hommage \u00e0 la coroza de Moscoso et aux artisans qui pr\u00e9servent cette technique.<\/p>\n<p class=\"p1\">Notre tote bag \u00ab\u00a0Ancient Style\u00a0\u00bb c\u00e9l\u00e8bre le savoir populaire et les techniques traditionnelles. Son design pr\u00e9sente l&rsquo;image d&rsquo;une coroza de Moscoso, tress\u00e9e par l&rsquo;artisan \u00c1lvaro Leiro. Chaque sac est fabriqu\u00e9 en coton biologique de haute qualit\u00e9 et imprim\u00e9 localement \u00e0 A Guarda, en Galice. Ce produit artisanal est une d\u00e9claration de durabilit\u00e9 et de culture.<\/p>\n<div class=\"spacer\"><\/div>\n<p class=\"p1\"><strong>MAT\u00c9RIAU<\/strong> 100% coton biologique.<\/p>\n<p class=\"p1\"><strong>DIMENSIONS<\/strong> Sac : 40 x 30 cm. Anse : 30 cm.<\/p>\n<p class=\"p1\"><strong>CONTENU<\/strong> 1 tote bag.<\/p>\n<div class=\"spacer\"><\/div>\n<p class=\"p1\"><em>Ce produit est artisanal ; la couleur et la finition peuvent l\u00e9g\u00e8rement varier par rapport aux pi\u00e8ces pr\u00e9sent\u00e9es sur la photo.<\/em><\/p>\n","protected":false},"excerpt":{"rendered":"<p style=\"text-transform: uppercase\">Tote Bag Coroza de Moscoso<\/p>\n","protected":false},"featured_media":17597,"template":"","meta":{"_acf_changed":false},"product_brand":[],"product_cat":[4021],"product_tag":[4244,4246],"class_list":{"0":"post-31319","1":"product","2":"type-product","3":"status-publish","4":"has-post-thumbnail","6":"product_cat-textiles-artisanaux","7":"product_tag-textiles-fr","8":"product_tag-tote-bag-fr","9":"product_shipping_class-categoria-1","10":"description-off","12":"first","13":"instock","14":"sale","15":"taxable","16":"shipping-taxable","17":"purchasable","18":"product-type-simple"},"acf":[],"jetpack_sharing_enabled":true,"_links":{"self":[{"href":"https:\/\/casaatlantica.es\/fr\/wp-json\/wp\/v2\/product\/31319","targetHints":{"allow":["GET"]}}],"collection":[{"href":"https:\/\/casaatlantica.es\/fr\/wp-json\/wp\/v2\/product"}],"about":[{"href":"https:\/\/casaatlantica.es\/fr\/wp-json\/wp\/v2\/types\/product"}],"wp:featuredmedia":[{"embeddable":true,"href":"https:\/\/casaatlantica.es\/fr\/wp-json\/wp\/v2\/media\/17597"}],"wp:attachment":[{"href":"https:\/\/casaatlantica.es\/fr\/wp-json\/wp\/v2\/media?parent=31319"}],"wp:term":[{"taxonomy":"product_brand","embeddable":true,"href":"https:\/\/casaatlantica.es\/fr\/wp-json\/wp\/v2\/product_brand?post=31319"},{"taxonomy":"product_cat","embeddable":true,"href":"https:\/\/casaatlantica.es\/fr\/wp-json\/wp\/v2\/product_cat?post=31319"},{"taxonomy":"product_tag","embeddable":true,"href":"https:\/\/casaatlantica.es\/fr\/wp-json\/wp\/v2\/product_tag?post=31319"}],"curies":[{"name":"wp","href":"https:\/\/api.w.org\/{rel}","templated":true}]}}