{"id":34324,"date":"2024-03-06T12:27:11","date_gmt":"2024-03-06T11:27:11","guid":{"rendered":"https:\/\/casaatlantica.es\/producto\/bar-ca-taza\/"},"modified":"2025-05-21T13:24:41","modified_gmt":"2025-05-21T13:24:41","slug":"tasses-cafe-en-ceramique-jaune-marron-bar-ca","status":"publish","type":"product","link":"https:\/\/casaatlantica.es\/fr\/producto\/tasses-cafe-en-ceramique-jaune-marron-bar-ca\/","title":{"rendered":"Bar C\u00c2 &#8211; Tasse"},"content":{"rendered":"<h2 class=\"titprod\">Ensemble de Tasses et Assiettes en C\u00e9ramique Peintes \u00e0 la Main pour Caf\u00e9.<\/h2>\n<p class=\"p1\">Ensemble de deux tasses et assiettes peintes \u00e0 la main avec des bords dans des tons ocre, ch\u00e2tain et orange. Inspir\u00e9es des anciennes vaisselles de caf\u00e9, elles allient simplicit\u00e9 et design contemporain sur la couleur naturelle du gr\u00e8s, reconnu pour sa r\u00e9sistance et son esth\u00e9tique unique. Parfaites pour un usage quotidien, elles apportent une touche de design \u00e0 votre table.<\/p>\n<p class=\"p1\">Chaque pi\u00e8ce est fabriqu\u00e9e artisanalement, \u00e9maill\u00e9e et peinte \u00e0 la main, avec des lignes color\u00e9es qui s\u2019int\u00e8grent dans le gr\u00e8s brut. Ce processus assure une finition unique qui met en valeur la qualit\u00e9 du mat\u00e9riau.<\/p>\n<div class=\"spacer\"><\/div>\n<p class=\"p1\"><strong>MAT\u00c9RIEL<\/strong> Gr\u00e8s \u00e9maill\u00e9.<\/p>\n<p class=\"p1\"><strong>DIMENSIONS<\/strong> Tasse : 12,5 x 10 x 6 cm. Assiette : 16,5 x 16,5 x 2,5 cm.<\/p>\n<p class=\"p1\"><strong>CONTENU<\/strong> 2 tasses et 2 assiettes<\/p>\n<p class=\"p1\">Compatible avec le lave-vaisselle et le micro-ondes<\/p>\n<div class=\"spacer\"><\/div>\n<p class=\"p1\"><em>Ceci est un produit artisanal ; la couleur et la finition peuvent l\u00e9g\u00e8rement varier par rapport aux pi\u00e8ces pr\u00e9sent\u00e9es sur la photo.<\/em><\/p>\n","protected":false},"excerpt":{"rendered":"<p style=\"text-transform: uppercase\">Ensemble de Tasses et Assiettes en C\u00e9ramique Peintes \u00e0 la Main pour Caf\u00e9<\/p>\n","protected":false},"featured_media":17563,"template":"","meta":{"_acf_changed":false},"product_brand":[],"product_cat":[3998],"product_tag":[3884,4236,4238,4248,4254],"class_list":{"0":"post-34324","1":"product","2":"type-product","3":"status-publish","4":"has-post-thumbnail","6":"product_cat-verres-et-tasses-en-ceramique","7":"product_tag-table-et-cuisine","8":"product_tag-tasses-en-ceramique","9":"product_tag-tasses-en-ceramique-emaillee","10":"product_tag-vaisselle","11":"product_tag-verres-et-tasses","12":"product_shipping_class-categoria-1","13":"description-off","15":"first","16":"instock","17":"taxable","18":"shipping-taxable","19":"purchasable","20":"product-type-simple"},"acf":[],"jetpack_sharing_enabled":true,"_links":{"self":[{"href":"https:\/\/casaatlantica.es\/fr\/wp-json\/wp\/v2\/product\/34324","targetHints":{"allow":["GET"]}}],"collection":[{"href":"https:\/\/casaatlantica.es\/fr\/wp-json\/wp\/v2\/product"}],"about":[{"href":"https:\/\/casaatlantica.es\/fr\/wp-json\/wp\/v2\/types\/product"}],"wp:featuredmedia":[{"embeddable":true,"href":"https:\/\/casaatlantica.es\/fr\/wp-json\/wp\/v2\/media\/17563"}],"wp:attachment":[{"href":"https:\/\/casaatlantica.es\/fr\/wp-json\/wp\/v2\/media?parent=34324"}],"wp:term":[{"taxonomy":"product_brand","embeddable":true,"href":"https:\/\/casaatlantica.es\/fr\/wp-json\/wp\/v2\/product_brand?post=34324"},{"taxonomy":"product_cat","embeddable":true,"href":"https:\/\/casaatlantica.es\/fr\/wp-json\/wp\/v2\/product_cat?post=34324"},{"taxonomy":"product_tag","embeddable":true,"href":"https:\/\/casaatlantica.es\/fr\/wp-json\/wp\/v2\/product_tag?post=34324"}],"curies":[{"name":"wp","href":"https:\/\/api.w.org\/{rel}","templated":true}]}}