{"id":55090,"date":"2024-12-14T01:07:24","date_gmt":"2024-12-14T00:07:24","guid":{"rendered":"https:\/\/casaatlantica.es\/?post_type=product&#038;p=55090"},"modified":"2025-05-21T13:22:46","modified_gmt":"2025-05-21T13:22:46","slug":"plateau-argile-peint-fleurs-cilia","status":"publish","type":"product","link":"https:\/\/casaatlantica.es\/fr\/producto\/plateau-argile-peint-fleurs-cilia\/","title":{"rendered":"Cilia"},"content":{"rendered":"<h3 class=\"titprod\">Plateau en Argile Peint \u00e0 la Main<\/h3>\n<p class=\"p1\">Plateau en argile peint \u00e0 la main avec des motifs floraux. C\u00e9ramique artisanale du nord du Portugal avec des designs ruraux traditionnels.<\/p>\n<p class=\"p1\">Ce plateau en argile rouge est un bel exemple de la poterie artisanale traditionnelle du nord du Portugal. Chaque pi\u00e8ce est fa\u00e7onn\u00e9e \u00e0 la main sur un tour de potier et d\u00e9cor\u00e9e \u00e0 la main avec des engobes. Les d\u00e9tails d\u00e9coratifs, tels que les fleurs, les points et les c\u0153urs, sont inspir\u00e9s de la vie rurale et refl\u00e8tent le riche h\u00e9ritage culturel de la r\u00e9gion. Aujourd\u2019hui, seuls quelques artisans potiers pr\u00e9servent cette tradition, faisant de ces pi\u00e8ces un v\u00e9ritable tr\u00e9sor culturel. Id\u00e9al pour ajouter une touche d\u2019authenticit\u00e9 et de charme rustique \u00e0 votre table ou \u00e0 votre d\u00e9coration int\u00e9rieure.<\/p>\n<div class=\"spacer\"><\/div>\n<p class=\"p1\"><strong>MAT\u00c9RIEL<\/strong> Argile \u00e9maill\u00e9e peinte \u00e0 la main.<\/p>\n<p class=\"p1\"><strong>DIMENSIONS<\/strong> Plateau : 36 x 26 x 2 cm.<\/p>\n<p class=\"p1\"><strong>CONTENU<\/strong> 1 plateau<\/p>\n<div class=\"spacer\"><\/div>\n<p class=\"p1\"><em>Ceci est un produit artisanal ; la couleur et la finition peuvent l\u00e9g\u00e8rement varier par rapport aux pi\u00e8ces pr\u00e9sent\u00e9es sur la photo.<\/em><\/p>\n","protected":false},"excerpt":{"rendered":"<p style=\"text-transform: uppercase\">Plateau en Argile Peint \u00e0 la Main<\/p>\n","protected":false},"featured_media":56786,"template":"","meta":{"_acf_changed":false},"product_brand":[],"product_cat":[4002],"product_tag":[4139,4145,3884,4248,4250],"class_list":{"0":"post-55090","1":"product","2":"type-product","3":"status-publish","4":"has-post-thumbnail","6":"product_cat-plateaux-et-assiettes-en-ceramique","7":"product_tag-plateau-en-argile","8":"product_tag-plateaux-et-assiettes","9":"product_tag-table-et-cuisine","10":"product_tag-vaisselle","11":"product_tag-vaisselle-en-argile","12":"product_shipping_class-categoria-2-fr","13":"description-off","15":"first","16":"instock","17":"taxable","18":"shipping-taxable","19":"purchasable","20":"product-type-simple"},"acf":[],"jetpack_sharing_enabled":true,"_links":{"self":[{"href":"https:\/\/casaatlantica.es\/fr\/wp-json\/wp\/v2\/product\/55090","targetHints":{"allow":["GET"]}}],"collection":[{"href":"https:\/\/casaatlantica.es\/fr\/wp-json\/wp\/v2\/product"}],"about":[{"href":"https:\/\/casaatlantica.es\/fr\/wp-json\/wp\/v2\/types\/product"}],"wp:featuredmedia":[{"embeddable":true,"href":"https:\/\/casaatlantica.es\/fr\/wp-json\/wp\/v2\/media\/56786"}],"wp:attachment":[{"href":"https:\/\/casaatlantica.es\/fr\/wp-json\/wp\/v2\/media?parent=55090"}],"wp:term":[{"taxonomy":"product_brand","embeddable":true,"href":"https:\/\/casaatlantica.es\/fr\/wp-json\/wp\/v2\/product_brand?post=55090"},{"taxonomy":"product_cat","embeddable":true,"href":"https:\/\/casaatlantica.es\/fr\/wp-json\/wp\/v2\/product_cat?post=55090"},{"taxonomy":"product_tag","embeddable":true,"href":"https:\/\/casaatlantica.es\/fr\/wp-json\/wp\/v2\/product_tag?post=55090"}],"curies":[{"name":"wp","href":"https:\/\/api.w.org\/{rel}","templated":true}]}}